{"id":10,"date":"2026-01-13T16:06:04","date_gmt":"2026-01-13T16:06:04","guid":{"rendered":"https:\/\/comando.rio.br\/mod\/?page_id=10"},"modified":"2026-01-26T16:10:10","modified_gmt":"2026-01-26T19:10:10","slug":"about","status":"publish","type":"page","link":"https:\/\/comando.rio.br\/mod\/about\/","title":{"rendered":"Detalhes"},"content":{"rendered":"\n<h2 class=\"wp-block-heading has-large-font-size\" id=\"inspiro-is-a-digital-product-agency-that-focuses-on-strategy-and-design\" style=\"font-style:normal;font-weight:100\"><strong>Call of Duty Rio<\/strong><\/h2>\n\n\n\n<p id=\"inspiro-is-a-digital-product-agency-that-focuses-on-strategy-and-design\"><strong>Call of Duty Rio<\/strong>\u00a0\u00e9 uma vers\u00e3o da j\u00e1 consagrada s\u00e9rie\u00a0<strong>Call of Duty<\/strong>\u00a0disponibilizado gratuitamente sobre os combates entre a\u00a0<strong>Pol\u00edcia<\/strong>\u00a0e\u00a0<strong>Fac\u00e7\u00f5es Criminosas<\/strong>\u00a0do Rio de Janeiro. Totalmente desenvolvido no Rio pelo mesmo respons\u00e1vel pelas s\u00e9ries\u00a0<strong>Call of Duty Frontlines<\/strong>\u00a0e\u00a0<strong>HER<\/strong>. Conta com o apoio do maior clan FPS da Am\u00e9rica Lantina, o\u00a0<strong>Blood Culture Multigaming<\/strong>\u00a0(www.BloodCulture.com.br).<\/p>\n\n\n\n<p id=\"inspiro-is-a-digital-product-agency-that-focuses-on-strategy-and-design\"><strong>Call of Duty Rio<\/strong>\u00a0foi desenvolvido com base no premiado\u00a0<strong><a href=\"https:\/\/hajas.org\/wp\/project\/call-of-duty-frontlines\/\">Call of Duty Frontlines<\/a><\/strong>\u00a0, eleito tr\u00eas vezes o melhor mod de Call of Duty do mundo.<\/p>\n\n\n\n<div class=\"wp-block-columns is-layout-flex wp-container-core-columns-is-layout-28f84493 wp-block-columns-is-layout-flex\">\n<div class=\"wp-block-column is-layout-flow wp-block-column-is-layout-flow\" style=\"flex-basis:100%\">\n<div class=\"wp-block-group is-content-justification-center is-nowrap is-layout-flex wp-container-core-group-is-layout-23441af8 wp-block-group-is-layout-flex\">\n<figure class=\"wp-block-image size-full is-resized has-custom-border\"><a href=\"https:\/\/comando.rio.br\/mod\/wp-content\/uploads\/2026\/01\/codrio259-1.jpg\" target=\"_blank\" rel=\" noreferrer noopener\"><img loading=\"lazy\" decoding=\"async\" width=\"1920\" height=\"1080\" src=\"https:\/\/comando.rio.br\/mod\/wp-content\/uploads\/2026\/01\/codrio259-1.jpg\" alt=\"\" class=\"wp-image-731\" style=\"border-radius:11px;box-shadow:var(--wp--preset--shadow--natural);width:533px;height:auto\" srcset=\"https:\/\/comando.rio.br\/mod\/wp-content\/uploads\/2026\/01\/codrio259-1.jpg 1920w, https:\/\/comando.rio.br\/mod\/wp-content\/uploads\/2026\/01\/codrio259-1-300x169.jpg 300w, https:\/\/comando.rio.br\/mod\/wp-content\/uploads\/2026\/01\/codrio259-1-1024x576.jpg 1024w\" sizes=\"auto, (max-width: 1920px) 100vw, 1920px\" \/><\/a><\/figure>\n\n\n\n<figure class=\"wp-block-image size-full is-resized has-custom-border\"><a href=\"https:\/\/comando.rio.br\/mod\/wp-content\/uploads\/2026\/01\/codrio274.jpg\" target=\"_blank\" rel=\" noreferrer noopener\"><img loading=\"lazy\" decoding=\"async\" width=\"1920\" height=\"1080\" src=\"https:\/\/comando.rio.br\/mod\/wp-content\/uploads\/2026\/01\/codrio274.jpg\" alt=\"\" class=\"wp-image-732\" style=\"border-radius:11px;box-shadow:var(--wp--preset--shadow--natural);object-fit:cover;width:544px;height:auto\" srcset=\"https:\/\/comando.rio.br\/mod\/wp-content\/uploads\/2026\/01\/codrio274.jpg 1920w, https:\/\/comando.rio.br\/mod\/wp-content\/uploads\/2026\/01\/codrio274-300x169.jpg 300w, https:\/\/comando.rio.br\/mod\/wp-content\/uploads\/2026\/01\/codrio274-1024x576.jpg 1024w\" sizes=\"auto, (max-width: 1920px) 100vw, 1920px\" \/><\/a><\/figure>\n<\/div>\n<\/div>\n<\/div>\n\n\n\n<p id=\"inspiro-is-a-digital-product-agency-that-focuses-on-strategy-and-design\">Com menos de 2 meses de lan\u00e7ado o\u00a0<strong>Call of Duty Rio<\/strong>\u00a0tamb\u00e9m foi eleito como o\u00a0<strong>Melhor Mod de Call of Duty do Mundo<\/strong>\u00a0no\u00a0<strong>Mod of the Year 2021<\/strong>\u00a0(MOTY 2021) no mais famoso e respeitado site de mods, o\u00a0<a href=\"http:\/\/www.moddb.com\/\" target=\"_blank\" rel=\"noreferrer noopener\"><strong>MODDB<\/strong><\/a>. Foi finalista tamb\u00e9m no\u00a0<strong>MOTY 2021<\/strong>\u00a0concorrendo ao pr\u00eamio de Melhor Mod GERAL do Mundo (entre TODOS os jogos), sendo o \u00fanico mod de\u00a0<strong>Call of Duty<\/strong>\u00a0e o \u00fanico\u00a0<strong>Sul-americano<\/strong>\u00a0na grande final. No ano seguinte repetiu vencendo novamente nas mesmas categorias, se tornando o \u00fanico mod de\u00a0<strong>Call of Duty<\/strong>\u00a0da hist\u00f3ria a vencer por 2 anos seguidos.<\/p>\n\n\n\n<div class=\"wp-block-group is-nowrap is-layout-flex wp-container-core-group-is-layout-6c531013 wp-block-group-is-layout-flex\">\n<div class=\"wp-block-columns is-layout-flex wp-container-core-columns-is-layout-28f84493 wp-block-columns-is-layout-flex\">\n<div class=\"wp-block-column is-layout-flow wp-block-column-is-layout-flow\" style=\"flex-basis:100%\">\n<figure class=\"wp-block-image size-full has-custom-border\"><a href=\"https:\/\/youtu.be\/z06BrlVoApk?si=cwWo2VeDbklJadNt\" target=\"_blank\" rel=\" noreferrer noopener\"><img loading=\"lazy\" decoding=\"async\" width=\"339\" height=\"256\" src=\"https:\/\/comando.rio.br\/mod\/wp-content\/uploads\/2026\/01\/award21_22COD.png\" alt=\"\" class=\"wp-image-714\" style=\"border-width:1px;border-top-left-radius:10px;border-top-right-radius:10px;border-bottom-left-radius:10px;border-bottom-right-radius:10px\" srcset=\"https:\/\/comando.rio.br\/mod\/wp-content\/uploads\/2026\/01\/award21_22COD.png 339w, https:\/\/comando.rio.br\/mod\/wp-content\/uploads\/2026\/01\/award21_22COD-300x227.png 300w\" sizes=\"auto, (max-width: 339px) 100vw, 339px\" \/><\/a><\/figure>\n<\/div>\n<\/div>\n\n\n\n<figure class=\"wp-block-image size-full has-custom-border\"><a href=\"https:\/\/youtu.be\/z06BrlVoApk?si=cwWo2VeDbklJadNt\" target=\"_blank\" rel=\" noreferrer noopener\"><img loading=\"lazy\" decoding=\"async\" width=\"339\" height=\"256\" src=\"https:\/\/comando.rio.br\/mod\/wp-content\/uploads\/2026\/01\/award21_22COD4.png\" alt=\"\" class=\"wp-image-715\" style=\"border-width:1px;border-top-left-radius:10px;border-top-right-radius:10px;border-bottom-left-radius:10px;border-bottom-right-radius:10px\" srcset=\"https:\/\/comando.rio.br\/mod\/wp-content\/uploads\/2026\/01\/award21_22COD4.png 339w, https:\/\/comando.rio.br\/mod\/wp-content\/uploads\/2026\/01\/award21_22COD4-300x227.png 300w\" sizes=\"auto, (max-width: 339px) 100vw, 339px\" \/><\/a><\/figure>\n\n\n\n<figure class=\"wp-block-image size-full has-custom-border\"><a href=\"https:\/\/youtu.be\/z06BrlVoApk?si=cwWo2VeDbklJadNt\" target=\"_blank\" rel=\" noreferrer noopener\"><img loading=\"lazy\" decoding=\"async\" width=\"339\" height=\"256\" src=\"https:\/\/comando.rio.br\/mod\/wp-content\/uploads\/2026\/01\/award21_22LA.png\" alt=\"\" class=\"wp-image-716\" style=\"border-width:1px;border-top-left-radius:10px;border-top-right-radius:10px;border-bottom-left-radius:10px;border-bottom-right-radius:10px\" srcset=\"https:\/\/comando.rio.br\/mod\/wp-content\/uploads\/2026\/01\/award21_22LA.png 339w, https:\/\/comando.rio.br\/mod\/wp-content\/uploads\/2026\/01\/award21_22LA-300x227.png 300w\" sizes=\"auto, (max-width: 339px) 100vw, 339px\" \/><\/a><\/figure>\n\n\n\n<figure class=\"wp-block-image size-full has-custom-border\"><a href=\"https:\/\/youtu.be\/z06BrlVoApk?si=cwWo2VeDbklJadNt\" target=\"_blank\" rel=\" noreferrer noopener\"><img loading=\"lazy\" decoding=\"async\" width=\"339\" height=\"256\" src=\"https:\/\/comando.rio.br\/mod\/wp-content\/uploads\/2026\/01\/award21_22BR.png\" alt=\"\" class=\"wp-image-717\" style=\"border-width:1px;border-top-left-radius:10px;border-top-right-radius:10px;border-bottom-left-radius:10px;border-bottom-right-radius:10px\" srcset=\"https:\/\/comando.rio.br\/mod\/wp-content\/uploads\/2026\/01\/award21_22BR.png 339w, https:\/\/comando.rio.br\/mod\/wp-content\/uploads\/2026\/01\/award21_22BR-300x227.png 300w\" sizes=\"auto, (max-width: 339px) 100vw, 339px\" \/><\/a><\/figure>\n\n\n\n<p id=\"inspiro-is-a-digital-product-agency-that-focuses-on-strategy-and-design\"><\/p>\n<\/div>\n\n\n\n<p>E ainda se tornou o\u00a0<strong>mod de Call of Duty com a melhor avalia\u00e7\u00e3o da hist\u00f3ria<\/strong> no\u00a0<strong>ModDB<\/strong>.<\/p>\n\n\n\n<p>Trata-se de um\u00a0<strong>MOD<\/strong>\u00a0do tipo\u00a0<strong>TC<\/strong>\u00a0(Total Conversion) para o aclamado jogo\u00a0<strong>Call of Duty 4 Modern Warfare<\/strong>\u00a0desenvolvido sobre a engine\u00a0<strong>ID Tech 3<\/strong>\u00a0que foi bastante modificada pelo\u00a0<strong>Call of Duty Frontlines<\/strong>, o qual \u00e9 a base deste projeto. Sua primeira vers\u00e3o ficou online no dia 24 de Fevereiro de 2019, e desde ent\u00e3o permanece online com jogadores regulares.<\/p>\n\n\n\n<figure class=\"wp-block-embed is-type-video is-provider-youtube wp-block-embed-youtube wp-embed-aspect-16-9 wp-has-aspect-ratio\"><div class=\"wp-block-embed__wrapper\">\n<iframe loading=\"lazy\" title=\"Call of Duty Rio | O Maior Projeto da Hist\u00f3ria do FPS Brasileiro | Teaser 2021\" width=\"950\" height=\"534\" src=\"https:\/\/www.youtube.com\/embed\/wJAxElHz5ME?feature=oembed\" frameborder=\"0\" allow=\"accelerometer; autoplay; clipboard-write; encrypted-media; gyroscope; picture-in-picture; web-share\" referrerpolicy=\"strict-origin-when-cross-origin\" allowfullscreen><\/iframe>\n<\/div><\/figure>\n\n\n\n<figure class=\"wp-block-embed is-type-video is-provider-youtube wp-block-embed-youtube wp-embed-aspect-16-9 wp-has-aspect-ratio\"><div class=\"wp-block-embed__wrapper\">\n<iframe loading=\"lazy\" title=\"Call of Duty Rio | Opera\u00e7\u00e3o Vila Isabel | Final Libertadores 2019 Flamengo x River Plate\" width=\"950\" height=\"534\" src=\"https:\/\/www.youtube.com\/embed\/ymOlV1Y9LFU?feature=oembed\" frameborder=\"0\" allow=\"accelerometer; autoplay; clipboard-write; encrypted-media; gyroscope; picture-in-picture; web-share\" referrerpolicy=\"strict-origin-when-cross-origin\" allowfullscreen><\/iframe>\n<\/div><\/figure>\n\n\n\n<div style=\"height:100px\" aria-hidden=\"true\" class=\"wp-block-spacer\"><\/div>\n","protected":false},"excerpt":{"rendered":"<p>Call of Duty Rio Call of Duty Rio\u00a0\u00e9 uma vers\u00e3o da j\u00e1 consagrada s\u00e9rie\u00a0Call of Duty\u00a0disponibilizado gratuitamente sobre os combates entre a\u00a0Pol\u00edcia\u00a0e\u00a0Fac\u00e7\u00f5es Criminosas\u00a0do Rio de Janeiro. Totalmente desenvolvido no Rio pelo mesmo respons\u00e1vel pelas s\u00e9ries\u00a0Call of Duty Frontlines\u00a0e\u00a0HER. Conta com o apoio do maior clan FPS da Am\u00e9rica Lantina, o\u00a0Blood Culture Multigaming\u00a0(www.BloodCulture.com.br). Call of Duty &hellip; <\/p>\n<p class=\"link-more\"><a href=\"https:\/\/comando.rio.br\/mod\/about\/\" class=\"more-link\">Leia mais<span class=\"screen-reader-text\"> &#8220;Detalhes&#8221;<\/span><\/a><\/p>\n","protected":false},"author":1,"featured_media":724,"parent":0,"menu_order":0,"comment_status":"closed","ping_status":"closed","template":"","meta":{"pagelayer_contact_templates":[],"_pagelayer_content":"","footnotes":""},"class_list":["post-10","page","type-page","status-publish","has-post-thumbnail","hentry"],"featured_media_urls":{"thumbnail":["https:\/\/comando.rio.br\/mod\/wp-content\/uploads\/2026\/01\/shot0122-1-150x150.jpg",150,150,true],"medium":["https:\/\/comando.rio.br\/mod\/wp-content\/uploads\/2026\/01\/shot0122-1-300x169.jpg",300,169,true],"medium_large":["https:\/\/comando.rio.br\/mod\/wp-content\/uploads\/2026\/01\/shot0122-1.jpg",768,432,false],"large":["https:\/\/comando.rio.br\/mod\/wp-content\/uploads\/2026\/01\/shot0122-1-1024x576.jpg",950,534,true],"1536x1536":["https:\/\/comando.rio.br\/mod\/wp-content\/uploads\/2026\/01\/shot0122-1-1536x864.jpg",1536,864,true],"2048x2048":["https:\/\/comando.rio.br\/mod\/wp-content\/uploads\/2026\/01\/shot0122-1.jpg",1920,1080,false],"inspiro-featured-image":["https:\/\/comando.rio.br\/mod\/wp-content\/uploads\/2026\/01\/shot0122-1.jpg",1920,1080,false],"inspiro-loop":["https:\/\/comando.rio.br\/mod\/wp-content\/uploads\/2026\/01\/shot0122-1-950x320.jpg",950,320,true],"inspiro-loop@2x":["https:\/\/comando.rio.br\/mod\/wp-content\/uploads\/2026\/01\/shot0122-1-1900x640.jpg",1900,640,true],"portfolio_item-thumbnail":["https:\/\/comando.rio.br\/mod\/wp-content\/uploads\/2026\/01\/shot0122-1-600x400.jpg",600,400,true],"portfolio_item-thumbnail@2x":["https:\/\/comando.rio.br\/mod\/wp-content\/uploads\/2026\/01\/shot0122-1-1200x800.jpg",1200,800,true],"portfolio_item-masonry":["https:\/\/comando.rio.br\/mod\/wp-content\/uploads\/2026\/01\/shot0122-1-600x338.jpg",600,338,true],"portfolio_item-masonry@2x":["https:\/\/comando.rio.br\/mod\/wp-content\/uploads\/2026\/01\/shot0122-1-1200x675.jpg",1200,675,true],"portfolio_item-thumbnail_cinema":["https:\/\/comando.rio.br\/mod\/wp-content\/uploads\/2026\/01\/shot0122-1-800x335.jpg",800,335,true],"portfolio_item-thumbnail_portrait":["https:\/\/comando.rio.br\/mod\/wp-content\/uploads\/2026\/01\/shot0122-1-600x900.jpg",600,900,true],"portfolio_item-thumbnail_portrait@2x":["https:\/\/comando.rio.br\/mod\/wp-content\/uploads\/2026\/01\/shot0122-1-1200x1080.jpg",1200,1080,true],"portfolio_item-thumbnail_square":["https:\/\/comando.rio.br\/mod\/wp-content\/uploads\/2026\/01\/shot0122-1-800x800.jpg",800,800,true]},"_links":{"self":[{"href":"https:\/\/comando.rio.br\/mod\/wp-json\/wp\/v2\/pages\/10","targetHints":{"allow":["GET"]}}],"collection":[{"href":"https:\/\/comando.rio.br\/mod\/wp-json\/wp\/v2\/pages"}],"about":[{"href":"https:\/\/comando.rio.br\/mod\/wp-json\/wp\/v2\/types\/page"}],"author":[{"embeddable":true,"href":"https:\/\/comando.rio.br\/mod\/wp-json\/wp\/v2\/users\/1"}],"replies":[{"embeddable":true,"href":"https:\/\/comando.rio.br\/mod\/wp-json\/wp\/v2\/comments?post=10"}],"version-history":[{"count":18,"href":"https:\/\/comando.rio.br\/mod\/wp-json\/wp\/v2\/pages\/10\/revisions"}],"predecessor-version":[{"id":850,"href":"https:\/\/comando.rio.br\/mod\/wp-json\/wp\/v2\/pages\/10\/revisions\/850"}],"wp:featuredmedia":[{"embeddable":true,"href":"https:\/\/comando.rio.br\/mod\/wp-json\/wp\/v2\/media\/724"}],"wp:attachment":[{"href":"https:\/\/comando.rio.br\/mod\/wp-json\/wp\/v2\/media?parent=10"}],"curies":[{"name":"wp","href":"https:\/\/api.w.org\/{rel}","templated":true}]}}