{"id":1307,"date":"2026-01-29T14:01:03","date_gmt":"2026-01-29T17:01:03","guid":{"rendered":"https:\/\/comando.rio.br\/mod\/?page_id=1307"},"modified":"2026-01-30T12:03:42","modified_gmt":"2026-01-30T15:03:42","slug":"jogar","status":"publish","type":"page","link":"https:\/\/comando.rio.br\/mod\/jogar\/","title":{"rendered":"Jogar"},"content":{"rendered":"\n<h2 class=\"wp-block-heading has-large-font-size\" id=\"inspiro-is-a-digital-product-agency-that-focuses-on-strategy-and-design\" style=\"font-style:normal;font-weight:100\">Venha jogar <strong>o Call of Duty Rio!<\/strong><\/h2>\n\n\n\n<div style=\"height:19px\" aria-hidden=\"true\" class=\"wp-block-spacer\"><\/div>\n\n\n\n<p class=\"has-text-align-center\">Siga a ordem para saber em detalhes de como jogar. Leia com aten\u00e7\u00e3o que n\u00e3o ter\u00e1 problemas.<\/p>\n\n\n\n<p class=\"has-text-align-center\">Futuros updates como lan\u00e7amentos de novos mapas, armas, tipos de jogos, etc&#8230; ser\u00e3o todos feitos automaticamente ao se conectar.<\/p>\n\n\n\n<div class=\"wp-block-columns alignwide is-layout-flex wp-container-core-columns-is-layout-28f84493 wp-block-columns-is-layout-flex\">\n<div class=\"wp-block-column is-layout-flow wp-block-column-is-layout-flow\">\n<figure class=\"wp-block-image size-full has-custom-border\"><img loading=\"lazy\" decoding=\"async\" width=\"1920\" height=\"1080\" src=\"https:\/\/comando.rio.br\/mod\/wp-content\/uploads\/2026\/01\/preview_updates2022_01.jpg\" alt=\"\" class=\"wp-image-1378\" style=\"border-top-left-radius:11px;border-top-right-radius:11px;border-bottom-left-radius:11px;border-bottom-right-radius:11px\" srcset=\"https:\/\/comando.rio.br\/mod\/wp-content\/uploads\/2026\/01\/preview_updates2022_01.jpg 1920w, https:\/\/comando.rio.br\/mod\/wp-content\/uploads\/2026\/01\/preview_updates2022_01-300x169.jpg 300w, https:\/\/comando.rio.br\/mod\/wp-content\/uploads\/2026\/01\/preview_updates2022_01-1024x576.jpg 1024w\" sizes=\"auto, (max-width: 1920px) 100vw, 1920px\" \/><\/figure>\n\n\n\n<p class=\"has-black-color has-text-color has-medium-font-size\"><a href=\"https:\/\/comando.rio.br\/mod\/requisitos\/\" data-type=\"page\" data-id=\"1313\"><strong>Requisitos<\/strong><\/a><\/p>\n\n\n\n<p class=\"has-text-color\" style=\"color:#7a7a7a\">Primeiramente pedimos que veja os Requisitos para ver se seu PC \u00e9 capaz de rodar o jogo sem problemas.<\/p>\n<\/div>\n\n\n\n<div class=\"wp-block-column is-layout-flow wp-block-column-is-layout-flow\">\n<figure class=\"wp-block-image size-full has-custom-border\"><img loading=\"lazy\" decoding=\"async\" width=\"1920\" height=\"1080\" src=\"https:\/\/comando.rio.br\/mod\/wp-content\/uploads\/2026\/01\/codrio195.jpg\" alt=\"\" class=\"wp-image-1388\" style=\"border-top-left-radius:11px;border-top-right-radius:11px;border-bottom-left-radius:11px;border-bottom-right-radius:11px\" srcset=\"https:\/\/comando.rio.br\/mod\/wp-content\/uploads\/2026\/01\/codrio195.jpg 1920w, https:\/\/comando.rio.br\/mod\/wp-content\/uploads\/2026\/01\/codrio195-300x169.jpg 300w, https:\/\/comando.rio.br\/mod\/wp-content\/uploads\/2026\/01\/codrio195-1024x576.jpg 1024w\" sizes=\"auto, (max-width: 1920px) 100vw, 1920px\" \/><\/figure>\n\n\n\n<p class=\"has-black-color has-text-color has-medium-font-size\"><a href=\"https:\/\/comando.rio.br\/mod\/call-of-duty-4-modern-warfare\/\" data-type=\"page\" data-id=\"1316\"><strong>Call of Duty 4 Modern Warfare<\/strong><\/a><\/p>\n\n\n\n<p class=\"has-text-color\" style=\"color:#7a7a7a\">Para jog\u00e1-lo gratuitamente basta ter o Call of Duty 4 Modern Warfare, veja como conseguir o seu em diversas op\u00e7\u00f5es.<\/p>\n<\/div>\n\n\n\n<div class=\"wp-block-column is-layout-flow wp-block-column-is-layout-flow\">\n<figure class=\"wp-block-image size-full has-custom-border\"><img loading=\"lazy\" decoding=\"async\" width=\"1920\" height=\"1080\" src=\"https:\/\/comando.rio.br\/mod\/wp-content\/uploads\/2026\/01\/codrio259-3.jpg\" alt=\"\" class=\"wp-image-1389\" style=\"border-top-left-radius:11px;border-top-right-radius:11px;border-bottom-left-radius:11px;border-bottom-right-radius:11px\" srcset=\"https:\/\/comando.rio.br\/mod\/wp-content\/uploads\/2026\/01\/codrio259-3.jpg 1920w, https:\/\/comando.rio.br\/mod\/wp-content\/uploads\/2026\/01\/codrio259-3-300x169.jpg 300w, https:\/\/comando.rio.br\/mod\/wp-content\/uploads\/2026\/01\/codrio259-3-1024x576.jpg 1024w\" sizes=\"auto, (max-width: 1920px) 100vw, 1920px\" \/><\/figure>\n\n\n\n<p class=\"has-black-color has-text-color has-medium-font-size\"><a href=\"https:\/\/comando.rio.br\/mod\/updates\/\" data-type=\"page\" data-id=\"1321\"><strong>Updates<\/strong><\/a><\/p>\n\n\n\n<p class=\"has-text-color\" style=\"color:#7a7a7a\">Ap\u00f3s estar com o jogo instalado voc\u00ea precisa atualiz\u00e1-lo para poder jogar online, visite UPDATES para saber como atualizar.<\/p>\n<\/div>\n<\/div>\n\n\n\n<div class=\"wp-block-columns alignwide is-layout-flex wp-container-core-columns-is-layout-28f84493 wp-block-columns-is-layout-flex\">\n<div class=\"wp-block-column is-layout-flow wp-block-column-is-layout-flow\">\n<figure class=\"wp-block-image size-full has-custom-border\"><img loading=\"lazy\" decoding=\"async\" width=\"1920\" height=\"1080\" src=\"https:\/\/comando.rio.br\/mod\/wp-content\/uploads\/2026\/01\/codrio274-2.jpg\" alt=\"\" class=\"wp-image-1393\" style=\"border-top-left-radius:11px;border-top-right-radius:11px;border-bottom-left-radius:11px;border-bottom-right-radius:11px\" srcset=\"https:\/\/comando.rio.br\/mod\/wp-content\/uploads\/2026\/01\/codrio274-2.jpg 1920w, https:\/\/comando.rio.br\/mod\/wp-content\/uploads\/2026\/01\/codrio274-2-300x169.jpg 300w, https:\/\/comando.rio.br\/mod\/wp-content\/uploads\/2026\/01\/codrio274-2-1024x576.jpg 1024w\" sizes=\"auto, (max-width: 1920px) 100vw, 1920px\" \/><\/figure>\n\n\n\n<p class=\"has-black-color has-text-color has-medium-font-size\"><a href=\"https:\/\/comando.rio.br\/mod\/downloadinstalacao\/\" data-type=\"page\" data-id=\"1328\"><strong>Download \/ Instala\u00e7\u00e3o<\/strong><\/a><\/p>\n\n\n\n<p class=\"has-text-color\" style=\"color:#7a7a7a\">Fa\u00e7a o Download do Call of Duty Rio e realize a instala\u00e7\u00e3o de modo seguro, pelo renomado site ModDB.<\/p>\n<\/div>\n\n\n\n<div class=\"wp-block-column is-layout-flow wp-block-column-is-layout-flow\">\n<figure class=\"wp-block-image size-full has-custom-border\"><img loading=\"lazy\" decoding=\"async\" width=\"1920\" height=\"1080\" src=\"https:\/\/comando.rio.br\/mod\/wp-content\/uploads\/2026\/01\/codrio058.jpg\" alt=\"\" class=\"wp-image-1383\" style=\"border-top-left-radius:11px;border-top-right-radius:11px;border-bottom-left-radius:11px;border-bottom-right-radius:11px\" srcset=\"https:\/\/comando.rio.br\/mod\/wp-content\/uploads\/2026\/01\/codrio058.jpg 1920w, https:\/\/comando.rio.br\/mod\/wp-content\/uploads\/2026\/01\/codrio058-300x169.jpg 300w, https:\/\/comando.rio.br\/mod\/wp-content\/uploads\/2026\/01\/codrio058-1024x576.jpg 1024w\" sizes=\"auto, (max-width: 1920px) 100vw, 1920px\" \/><\/figure>\n\n\n\n<p class=\"has-black-color has-text-color has-medium-font-size\"><a href=\"https:\/\/comando.rio.br\/mod\/problemas-suporte\/\" data-type=\"page\" data-id=\"1330\"><strong>Problemas \/ Suporte<\/strong><\/a><\/p>\n\n\n\n<p class=\"has-text-color\" style=\"color:#7a7a7a\">Temos uma lista de Problemas comuns e suas respectivas solu\u00e7\u00f5es e um Suporte para ajud\u00e1-lo se tiver problemas.<\/p>\n<\/div>\n\n\n\n<div class=\"wp-block-column is-layout-flow wp-block-column-is-layout-flow\">\n<figure class=\"wp-block-image size-full has-custom-border\"><img loading=\"lazy\" decoding=\"async\" width=\"1920\" height=\"1080\" src=\"https:\/\/comando.rio.br\/mod\/wp-content\/uploads\/2026\/01\/codrio315-3.jpg\" alt=\"\" class=\"wp-image-1384\" style=\"border-top-left-radius:11px;border-top-right-radius:11px;border-bottom-left-radius:11px;border-bottom-right-radius:11px\" srcset=\"https:\/\/comando.rio.br\/mod\/wp-content\/uploads\/2026\/01\/codrio315-3.jpg 1920w, https:\/\/comando.rio.br\/mod\/wp-content\/uploads\/2026\/01\/codrio315-3-300x169.jpg 300w, https:\/\/comando.rio.br\/mod\/wp-content\/uploads\/2026\/01\/codrio315-3-1024x576.jpg 1024w\" sizes=\"auto, (max-width: 1920px) 100vw, 1920px\" \/><\/figure>\n\n\n\n<p class=\"has-black-color has-text-color has-medium-font-size\"><a href=\"https:\/\/comando.rio.br\/mod\/coop\/\" data-type=\"page\" data-id=\"1342\"><strong>Servidor Cooperativo<\/strong><\/a><\/p>\n\n\n\n<p class=\"has-text-color\" style=\"color:#7a7a7a\">Contamos com um Servidor Extra apenas para jogar Cooperativamente com seus amigos em miss\u00f5es incr\u00edveis.<\/p>\n<\/div>\n<\/div>\n\n\n\n<div class=\"wp-block-columns alignwide is-layout-flex wp-container-core-columns-is-layout-28f84493 wp-block-columns-is-layout-flex\">\n<div class=\"wp-block-column is-layout-flow wp-block-column-is-layout-flow\">\n<figure class=\"wp-block-image size-full has-custom-border\"><img loading=\"lazy\" decoding=\"async\" width=\"1920\" height=\"1080\" src=\"https:\/\/comando.rio.br\/mod\/wp-content\/uploads\/2026\/01\/FF0009.jpg\" alt=\"\" class=\"wp-image-1391\" style=\"border-top-left-radius:11px;border-top-right-radius:11px;border-bottom-left-radius:11px;border-bottom-right-radius:11px\" srcset=\"https:\/\/comando.rio.br\/mod\/wp-content\/uploads\/2026\/01\/FF0009.jpg 1920w, https:\/\/comando.rio.br\/mod\/wp-content\/uploads\/2026\/01\/FF0009-300x169.jpg 300w, https:\/\/comando.rio.br\/mod\/wp-content\/uploads\/2026\/01\/FF0009-1024x576.jpg 1024w, https:\/\/comando.rio.br\/mod\/wp-content\/uploads\/2026\/01\/FF0009-1536x864.jpg 1536w, https:\/\/comando.rio.br\/mod\/wp-content\/uploads\/2026\/01\/FF0009-600x338.jpg 600w, https:\/\/comando.rio.br\/mod\/wp-content\/uploads\/2026\/01\/FF0009-1200x675.jpg 1200w\" sizes=\"auto, (max-width: 1920px) 100vw, 1920px\" \/><\/figure>\n\n\n\n<p class=\"has-black-color has-text-color has-medium-font-size\"><a href=\"https:\/\/comando.rio.br\/mod\/call-of-duty-frontlines\/\" data-type=\"page\" data-id=\"1333\"><strong>Call of Duty Frontlines<\/strong><\/a><\/p>\n\n\n\n<p class=\"has-text-color\" style=\"color:#7a7a7a\">Frontlines vem gr\u00e1tis com seu Call of Duty Rio. Aqui voc\u00ea ter\u00e1 uma boa introdu\u00e7\u00e3o sobre este premiado projeto.<\/p>\n<\/div>\n\n\n\n<div class=\"wp-block-column is-layout-flow wp-block-column-is-layout-flow\">\n<figure class=\"wp-block-image size-full has-custom-border\"><img loading=\"lazy\" decoding=\"async\" width=\"1920\" height=\"1080\" src=\"https:\/\/comando.rio.br\/mod\/wp-content\/uploads\/2026\/01\/shot0004-1.jpg\" alt=\"\" class=\"wp-image-1392\" style=\"border-top-left-radius:11px;border-top-right-radius:11px;border-bottom-left-radius:11px;border-bottom-right-radius:11px\" srcset=\"https:\/\/comando.rio.br\/mod\/wp-content\/uploads\/2026\/01\/shot0004-1.jpg 1920w, https:\/\/comando.rio.br\/mod\/wp-content\/uploads\/2026\/01\/shot0004-1-300x169.jpg 300w, https:\/\/comando.rio.br\/mod\/wp-content\/uploads\/2026\/01\/shot0004-1-1024x576.jpg 1024w, https:\/\/comando.rio.br\/mod\/wp-content\/uploads\/2026\/01\/shot0004-1-1536x864.jpg 1536w, https:\/\/comando.rio.br\/mod\/wp-content\/uploads\/2026\/01\/shot0004-1-600x338.jpg 600w, https:\/\/comando.rio.br\/mod\/wp-content\/uploads\/2026\/01\/shot0004-1-1200x675.jpg 1200w\" sizes=\"auto, (max-width: 1920px) 100vw, 1920px\" \/><\/figure>\n\n\n\n<p class=\"has-black-color has-text-color has-medium-font-size\"><a href=\"https:\/\/comando.rio.br\/mod\/star-wars\/\" data-type=\"page\" data-id=\"1340\"><strong>Call of Duty Star Wars<\/strong><\/a><\/p>\n\n\n\n<p class=\"has-text-color\" style=\"color:#7a7a7a\">Outro projeto que recebe gratuitamente ao instalar o Call of Duty Rio \u00e9 o Star Wars. Venha conhecer mais sobre ele.<\/p>\n<\/div>\n\n\n\n<div class=\"wp-block-column is-layout-flow wp-block-column-is-layout-flow\">\n<figure class=\"wp-block-image size-full has-custom-border\"><img loading=\"lazy\" decoding=\"async\" width=\"1920\" height=\"1080\" src=\"https:\/\/comando.rio.br\/mod\/wp-content\/uploads\/2026\/01\/codrio255-2.jpg\" alt=\"\" class=\"wp-image-1387\" style=\"border-top-left-radius:11px;border-top-right-radius:11px;border-bottom-left-radius:11px;border-bottom-right-radius:11px\" srcset=\"https:\/\/comando.rio.br\/mod\/wp-content\/uploads\/2026\/01\/codrio255-2.jpg 1920w, https:\/\/comando.rio.br\/mod\/wp-content\/uploads\/2026\/01\/codrio255-2-300x169.jpg 300w, https:\/\/comando.rio.br\/mod\/wp-content\/uploads\/2026\/01\/codrio255-2-1024x576.jpg 1024w\" sizes=\"auto, (max-width: 1920px) 100vw, 1920px\" \/><\/figure>\n\n\n\n<p class=\"has-black-color has-text-color has-medium-font-size\"><a href=\"https:\/\/comando.rio.br\/mod\/consoles-mobile\/\" data-type=\"page\" data-id=\"1345\"><strong>Consoles? Mobile?<\/strong><\/a><\/p>\n\n\n\n<p class=\"has-text-color\" style=\"color:#7a7a7a\">Todos perguntam:  Vai sair pro celular? Quando chega no Playstation? E no XBOX? Aqui tem todas as respostas.<\/p>\n<\/div>\n<\/div>\n\n\n\n<p class=\"has-text-align-center\"><\/p>\n\n\n\n<div style=\"height:100px\" aria-hidden=\"true\" class=\"wp-block-spacer\"><\/div>\n","protected":false},"excerpt":{"rendered":"<p>Venha jogar o Call of Duty Rio! Siga a ordem para saber em detalhes de como jogar. Leia com aten\u00e7\u00e3o que n\u00e3o ter\u00e1 problemas. Futuros updates como lan\u00e7amentos de novos mapas, armas, tipos de jogos, etc&#8230; ser\u00e3o todos feitos automaticamente ao se conectar. Requisitos Primeiramente pedimos que veja os Requisitos para ver se seu PC &hellip; <\/p>\n<p class=\"link-more\"><a href=\"https:\/\/comando.rio.br\/mod\/jogar\/\" class=\"more-link\">Leia mais<span class=\"screen-reader-text\"> &#8220;Jogar&#8221;<\/span><\/a><\/p>\n","protected":false},"author":1,"featured_media":1395,"parent":0,"menu_order":0,"comment_status":"closed","ping_status":"closed","template":"","meta":{"pagelayer_contact_templates":[],"_pagelayer_content":"","footnotes":""},"class_list":["post-1307","page","type-page","status-publish","has-post-thumbnail","hentry"],"featured_media_urls":{"thumbnail":["https:\/\/comando.rio.br\/mod\/wp-content\/uploads\/2026\/01\/shot0573-150x150.jpg",150,150,true],"medium":["https:\/\/comando.rio.br\/mod\/wp-content\/uploads\/2026\/01\/shot0573-300x169.jpg",300,169,true],"medium_large":["https:\/\/comando.rio.br\/mod\/wp-content\/uploads\/2026\/01\/shot0573.jpg",768,432,false],"large":["https:\/\/comando.rio.br\/mod\/wp-content\/uploads\/2026\/01\/shot0573-1024x576.jpg",950,534,true],"1536x1536":["https:\/\/comando.rio.br\/mod\/wp-content\/uploads\/2026\/01\/shot0573-1536x864.jpg",1536,864,true],"2048x2048":["https:\/\/comando.rio.br\/mod\/wp-content\/uploads\/2026\/01\/shot0573.jpg",1920,1080,false],"inspiro-featured-image":["https:\/\/comando.rio.br\/mod\/wp-content\/uploads\/2026\/01\/shot0573.jpg",1920,1080,false],"inspiro-loop":["https:\/\/comando.rio.br\/mod\/wp-content\/uploads\/2026\/01\/shot0573-950x320.jpg",950,320,true],"inspiro-loop@2x":["https:\/\/comando.rio.br\/mod\/wp-content\/uploads\/2026\/01\/shot0573-1900x640.jpg",1900,640,true],"portfolio_item-thumbnail":["https:\/\/comando.rio.br\/mod\/wp-content\/uploads\/2026\/01\/shot0573-600x400.jpg",600,400,true],"portfolio_item-thumbnail@2x":["https:\/\/comando.rio.br\/mod\/wp-content\/uploads\/2026\/01\/shot0573-1200x800.jpg",1200,800,true],"portfolio_item-masonry":["https:\/\/comando.rio.br\/mod\/wp-content\/uploads\/2026\/01\/shot0573-600x338.jpg",600,338,true],"portfolio_item-masonry@2x":["https:\/\/comando.rio.br\/mod\/wp-content\/uploads\/2026\/01\/shot0573-1200x675.jpg",1200,675,true],"portfolio_item-thumbnail_cinema":["https:\/\/comando.rio.br\/mod\/wp-content\/uploads\/2026\/01\/shot0573-800x335.jpg",800,335,true],"portfolio_item-thumbnail_portrait":["https:\/\/comando.rio.br\/mod\/wp-content\/uploads\/2026\/01\/shot0573-600x900.jpg",600,900,true],"portfolio_item-thumbnail_portrait@2x":["https:\/\/comando.rio.br\/mod\/wp-content\/uploads\/2026\/01\/shot0573-1200x1080.jpg",1200,1080,true],"portfolio_item-thumbnail_square":["https:\/\/comando.rio.br\/mod\/wp-content\/uploads\/2026\/01\/shot0573-800x800.jpg",800,800,true]},"_links":{"self":[{"href":"https:\/\/comando.rio.br\/mod\/wp-json\/wp\/v2\/pages\/1307","targetHints":{"allow":["GET"]}}],"collection":[{"href":"https:\/\/comando.rio.br\/mod\/wp-json\/wp\/v2\/pages"}],"about":[{"href":"https:\/\/comando.rio.br\/mod\/wp-json\/wp\/v2\/types\/page"}],"author":[{"embeddable":true,"href":"https:\/\/comando.rio.br\/mod\/wp-json\/wp\/v2\/users\/1"}],"replies":[{"embeddable":true,"href":"https:\/\/comando.rio.br\/mod\/wp-json\/wp\/v2\/comments?post=1307"}],"version-history":[{"count":8,"href":"https:\/\/comando.rio.br\/mod\/wp-json\/wp\/v2\/pages\/1307\/revisions"}],"predecessor-version":[{"id":1394,"href":"https:\/\/comando.rio.br\/mod\/wp-json\/wp\/v2\/pages\/1307\/revisions\/1394"}],"wp:featuredmedia":[{"embeddable":true,"href":"https:\/\/comando.rio.br\/mod\/wp-json\/wp\/v2\/media\/1395"}],"wp:attachment":[{"href":"https:\/\/comando.rio.br\/mod\/wp-json\/wp\/v2\/media?parent=1307"}],"curies":[{"name":"wp","href":"https:\/\/api.w.org\/{rel}","templated":true}]}}