{"id":1313,"date":"2026-01-29T15:45:23","date_gmt":"2026-01-29T18:45:23","guid":{"rendered":"https:\/\/comando.rio.br\/mod\/?page_id=1313"},"modified":"2026-01-29T15:45:23","modified_gmt":"2026-01-29T18:45:23","slug":"requisitos","status":"publish","type":"page","link":"https:\/\/comando.rio.br\/mod\/requisitos\/","title":{"rendered":"Requisitos"},"content":{"rendered":"\n<h2 class=\"wp-block-heading has-large-font-size\" id=\"inspiro-is-a-digital-product-agency-that-focuses-on-strategy-and-design\" style=\"font-style:normal;font-weight:100\"><strong>Call of Duty Rio<\/strong><\/h2>\n\n\n\n<p id=\"inspiro-is-a-digital-product-agency-that-focuses-on-strategy-and-design\">Para jog\u00e1-lo gratuitamente basta ter o jogo FPS mais jogado do planeta at\u00e9 os dias de hoje, o\u00a0<a href=\"http:\/\/store.steampowered.com\/app\/7940\/\" target=\"_blank\" rel=\"noreferrer noopener\"><strong>Call of Duty 4 Modern Warfare<\/strong><\/a>. \u00c9 hora de tirar a poeira do seu jogo e reinstal\u00e1-lo, ou se ainda n\u00e3o teve a oportunidade de jog\u00e1-lo, ele custa por volta dos R$110 no\u00a0<strong>Steam<\/strong>, mas em promo\u00e7\u00f5es costuma ser vendido por volta dos R$55. Apesar do que ele funcionar\u00e1 tamb\u00e9m com qualquer vers\u00e3o desde que atualizada.<\/p>\n\n\n\n<p>O&nbsp;<strong>Call of Duty Rio<\/strong>&nbsp;roda em cima do&nbsp;<strong>Call of Duty 4 Modern Warfare<\/strong>&nbsp;e \u00e9 apenas um pouco mais pesado que ele, mas muito pouco mesmo. A maior diferen\u00e7a que ele n\u00e3o \u00e9 compat\u00edvel com o&nbsp;<strong>Windows XP<\/strong>, necessitando no m\u00ednimo um&nbsp;<strong>Windows 7<\/strong>&nbsp;e com isso aumenta a mem\u00f3ria para 2gb. Se sua m\u00e1quina for capaz de rod\u00e1-lo ser\u00e1 capaz de rodar o&nbsp;<strong>Call of Duty Rio<\/strong>&nbsp;sem problemas.<\/p>\n\n\n\n<figure class=\"wp-block-embed is-type-video is-provider-youtube wp-block-embed-youtube wp-embed-aspect-16-9 wp-has-aspect-ratio\"><div class=\"wp-block-embed__wrapper\">\n<iframe loading=\"lazy\" title=\"Call of Duty Rio | O Maior Projeto da Hist\u00f3ria do FPS Brasileiro | Teaser 2021\" width=\"950\" height=\"534\" src=\"https:\/\/www.youtube.com\/embed\/wJAxElHz5ME?feature=oembed\" frameborder=\"0\" allow=\"accelerometer; autoplay; clipboard-write; encrypted-media; gyroscope; picture-in-picture; web-share\" referrerpolicy=\"strict-origin-when-cross-origin\" allowfullscreen><\/iframe>\n<\/div><\/figure>\n\n\n\n<p>Os <strong>Requisitos<\/strong> s\u00e3o t\u00e3o baixos, que dificilmente encontrar\u00e1 uma m\u00e1quina que ainda ligue hoje em dia que n\u00e3o consiga rod\u00e1-lo. Ele roda legal com praticamente todas as placas de v\u00eddeo onboard da Intel dos \u00faltimos 5 anos e at\u00e9 muitas com mais de 10 anos, basta estar com os drivers dela atualizados.<\/p>\n\n\n\n<p>Voc\u00ea pode fazer um teste r\u00e1pido&nbsp;<a href=\"https:\/\/www.systemrequirementslab.com\/cyri\/requirements\/call-of-duty-4-modern-warfare\/10658\" target=\"_blank\" rel=\"noreferrer noopener\"><strong>NESTE SITE<\/strong><\/a>&nbsp;ou&nbsp;<a href=\"https:\/\/www.pcgamebenchmark.com\/call-of-duty-4-modern-warfare-system-requirements\" target=\"_blank\" rel=\"noreferrer noopener\"><strong>NESTE SITE<\/strong><\/a>&nbsp;para ter uma ideia se ele ir\u00e1 rodar, apesar de n\u00e3o serem 100%.<\/p>\n\n\n\n<p>Lembre-se que se usa uma&nbsp;<strong>VGA Onboard<\/strong>&nbsp;e n\u00e3o costuma jogar, os drivers padr\u00f5es que vem no&nbsp;<strong>Windows<\/strong>&nbsp;n\u00e3o possuem as bibliotecas necess\u00e1rias e ser\u00e1 reprovado nos testes acima, voc\u00ea precisa baixar e instalar tanto os drivers espec\u00edficos da sua&nbsp;<strong>VGA Onboard<\/strong>&nbsp;como tamb\u00e9m o&nbsp;<a href=\"https:\/\/www.microsoft.com\/pt-br\/download\/details.aspx?id=34429\" target=\"_blank\" rel=\"noreferrer noopener\"><strong>DirectX 9.0c<\/strong><\/a>&nbsp;antes de realizar os testes ou ser\u00e1 reprovado mesmo tendo m\u00e1quina compat\u00edvel.<\/p>\n\n\n\n<p>Algumas dicas que posso dar em performance \u00e9 diminuir a&nbsp;<strong>Resolu\u00e7\u00e3o<\/strong>&nbsp;que \u00e9 o que mais exige processamento de sua m\u00e1quina, quanto maior a resolu\u00e7\u00e3o maior o processamento, desligar o&nbsp;<strong>Anti-Alising<\/strong>&nbsp;e n\u00e3o esquecer de deixar marcada a op\u00e7\u00e3o&nbsp;<strong>DUAL VIDEO CARDS<\/strong>, independente se tem mais de uma VGA, a performance melhora consideravelmente com esta op\u00e7\u00e3o marcada.<\/p>\n\n\n\n<p id=\"inspiro-is-a-digital-product-agency-that-focuses-on-strategy-and-design\">Outro conhecido problema \u00e0 partir do\u00a0<strong>Windows 7<\/strong>\u00a0que \u00e9 preciso estar com o microfone plugado \u00e0 sua placa de \u00e1udio, sem isso o jogo d\u00e1 crash ao entrar no\u00a0<strong>Menu<\/strong>. Caso n\u00e3o tenha um microfone, at\u00e9 mesmo um plug sem nenhuma conex\u00e3o j\u00e1 \u00e9 o suficiente para evitar o bug.<\/p>\n\n\n\n<h2 class=\"wp-block-heading has-large-font-size\" id=\"inspiro-is-a-digital-product-agency-that-focuses-on-strategy-and-design\" style=\"font-style:normal;font-weight:100\"><strong>M\u00ednimo<\/strong><\/h2>\n\n\n\n<ul class=\"wp-block-list\">\n<li>CPU: Pentium 4 2.4 GHz\/ Athlon 64 2800+ (Intel &amp; Athlon 1.8 GHz Dual Core or better supported)<\/li>\n\n\n\n<li>CPU SPEED: Pentium 4 2.4 GHz\/ Athlon 64 2800+ (Intel &amp; Athlon 1.8 GHz Dual Core or better supported)<\/li>\n\n\n\n<li>RAM: 1GB<\/li>\n\n\n\n<li>OS: Windows 7<\/li>\n\n\n\n<li>VIDEO CARD: 128MB 3d Hardware Accelerated card required-100%<\/li>\n\n\n\n<li>DirectX 9.0c compatible and latest drivers (NVIDIA GeForce 6600+ \/ ATI Radeon 9800 Pro+)<\/li>\n\n\n\n<li>3D: Yes<\/li>\n\n\n\n<li>HARDWARE T&amp;L: Yes<\/li>\n\n\n\n<li>PIXEL SHADER: 2.0<\/li>\n\n\n\n<li>VERTEX SHADER: 2.0<\/li>\n\n\n\n<li>DIRECTX VERSION: 9.0c<\/li>\n\n\n\n<li>SOUND CARD: Yes<\/li>\n\n\n\n<li>FREE DISK SPACE: 8 GB of uncompressed free hard disk space (plus 600 MB for Windows swap file)<\/li>\n\n\n\n<li>DVD-ROM: 6X DVD-ROM<\/li>\n\n\n\n<li>DEDICATED VIDEO RAM: 128 MB<\/li>\n<\/ul>\n\n\n\n<h2 class=\"wp-block-heading has-large-font-size\" id=\"inspiro-is-a-digital-product-agency-that-focuses-on-strategy-and-design\" style=\"font-style:normal;font-weight:100\"><strong>Recomend\u00e1vel<\/strong><\/h2>\n\n\n\n<ul class=\"wp-block-list\">\n<li>CPU: 2.4 GHz dual core or better<\/li>\n\n\n\n<li>CPU SPEED: 2.4 GHz dual core or better<\/li>\n\n\n\n<li>RAM: 2 GB<\/li>\n\n\n\n<li>OS: Windows 7<\/li>\n\n\n\n<li>VIDEO CARD: 3.0 Shader Support recommended. Nvidia Geforce 7800 or better or ATI Radeon X1800 or better<\/li>\n\n\n\n<li>3D: Yes<\/li>\n\n\n\n<li>HARDWARE T&amp;L: Yes<\/li>\n\n\n\n<li>PIXEL SHADER: 3.0<\/li>\n\n\n\n<li>VERTEX SHADER: 3.0<\/li>\n\n\n\n<li>DIRECTX VERSION: 9.0c<\/li>\n\n\n\n<li>SOUND CARD: Yes<\/li>\n\n\n\n<li>FREE DISK SPACE: 8 GB of uncompressed free hard disk space (plus 600 MB for Windows swap file)<\/li>\n\n\n\n<li>DVD-ROM: 6X DVD-ROM<\/li>\n\n\n\n<li>DEDICATED VIDEO RAM: 256 MB<\/li>\n<\/ul>\n\n\n\n<h2 class=\"wp-block-heading has-large-font-size\" id=\"inspiro-is-a-digital-product-agency-that-focuses-on-strategy-and-design\" style=\"font-style:normal;font-weight:100\"><strong>Testando sua M\u00e1quina<\/strong><\/h2>\n\n\n\n<p>Se ainda tem d\u00favidas se o <strong>Call of Duty Rio<\/strong> vai rodar direito em sua m\u00e1quina, a melhor maneira de testar \u00e9 baixando o\u00a0<strong>Demo<\/strong>\u00a0do\u00a0<strong>Call of Duty 4 Modern Warfare<\/strong>, instalando e jogando. E ir calibrando as configura\u00e7\u00f5es at\u00e9 chegar na melhor performance\/qualidade poss\u00edvel. Se funcionar bem o demo, ir\u00e1 funcionar o <strong>Call of Duty Rio<\/strong> perfeitamente.<\/p>\n\n\n\n<figure class=\"wp-block-image aligncenter\"><a href=\"https:\/\/www.moddb.com\/games\/call-of-duty-4-modern-warfare\/downloads\/call-of-duty-4-modern-warfare-demo\" target=\"_blank\" rel=\"noreferrer noopener\"><img decoding=\"async\" src=\"https:\/\/button.moddb.com\/download\/medium\/118492.png\" alt=\"Call of Duty 4: Modern Warfare Demo\"\/><\/a><\/figure>\n\n\n\n<div style=\"height:100px\" aria-hidden=\"true\" class=\"wp-block-spacer\"><\/div>\n","protected":false},"excerpt":{"rendered":"<p>Call of Duty Rio Para jog\u00e1-lo gratuitamente basta ter o jogo FPS mais jogado do planeta at\u00e9 os dias de hoje, o\u00a0Call of Duty 4 Modern Warfare. \u00c9 hora de tirar a poeira do seu jogo e reinstal\u00e1-lo, ou se ainda n\u00e3o teve a oportunidade de jog\u00e1-lo, ele custa por volta dos R$110 no\u00a0Steam, mas &hellip; <\/p>\n<p class=\"link-more\"><a href=\"https:\/\/comando.rio.br\/mod\/requisitos\/\" class=\"more-link\">Leia mais<span class=\"screen-reader-text\"> &#8220;Requisitos&#8221;<\/span><\/a><\/p>\n","protected":false},"author":1,"featured_media":1314,"parent":0,"menu_order":0,"comment_status":"closed","ping_status":"closed","template":"","meta":{"pagelayer_contact_templates":[],"_pagelayer_content":"","footnotes":""},"class_list":["post-1313","page","type-page","status-publish","has-post-thumbnail","hentry"],"featured_media_urls":{"thumbnail":["https:\/\/comando.rio.br\/mod\/wp-content\/uploads\/2026\/01\/shot0117-150x150.jpg",150,150,true],"medium":["https:\/\/comando.rio.br\/mod\/wp-content\/uploads\/2026\/01\/shot0117-300x169.jpg",300,169,true],"medium_large":["https:\/\/comando.rio.br\/mod\/wp-content\/uploads\/2026\/01\/shot0117.jpg",768,432,false],"large":["https:\/\/comando.rio.br\/mod\/wp-content\/uploads\/2026\/01\/shot0117-1024x576.jpg",950,534,true],"1536x1536":["https:\/\/comando.rio.br\/mod\/wp-content\/uploads\/2026\/01\/shot0117-1536x864.jpg",1536,864,true],"2048x2048":["https:\/\/comando.rio.br\/mod\/wp-content\/uploads\/2026\/01\/shot0117.jpg",1920,1080,false],"inspiro-featured-image":["https:\/\/comando.rio.br\/mod\/wp-content\/uploads\/2026\/01\/shot0117.jpg",1920,1080,false],"inspiro-loop":["https:\/\/comando.rio.br\/mod\/wp-content\/uploads\/2026\/01\/shot0117-950x320.jpg",950,320,true],"inspiro-loop@2x":["https:\/\/comando.rio.br\/mod\/wp-content\/uploads\/2026\/01\/shot0117-1900x640.jpg",1900,640,true],"portfolio_item-thumbnail":["https:\/\/comando.rio.br\/mod\/wp-content\/uploads\/2026\/01\/shot0117-600x400.jpg",600,400,true],"portfolio_item-thumbnail@2x":["https:\/\/comando.rio.br\/mod\/wp-content\/uploads\/2026\/01\/shot0117-1200x800.jpg",1200,800,true],"portfolio_item-masonry":["https:\/\/comando.rio.br\/mod\/wp-content\/uploads\/2026\/01\/shot0117-600x338.jpg",600,338,true],"portfolio_item-masonry@2x":["https:\/\/comando.rio.br\/mod\/wp-content\/uploads\/2026\/01\/shot0117-1200x675.jpg",1200,675,true],"portfolio_item-thumbnail_cinema":["https:\/\/comando.rio.br\/mod\/wp-content\/uploads\/2026\/01\/shot0117-800x335.jpg",800,335,true],"portfolio_item-thumbnail_portrait":["https:\/\/comando.rio.br\/mod\/wp-content\/uploads\/2026\/01\/shot0117-600x900.jpg",600,900,true],"portfolio_item-thumbnail_portrait@2x":["https:\/\/comando.rio.br\/mod\/wp-content\/uploads\/2026\/01\/shot0117-1200x1080.jpg",1200,1080,true],"portfolio_item-thumbnail_square":["https:\/\/comando.rio.br\/mod\/wp-content\/uploads\/2026\/01\/shot0117-800x800.jpg",800,800,true]},"_links":{"self":[{"href":"https:\/\/comando.rio.br\/mod\/wp-json\/wp\/v2\/pages\/1313","targetHints":{"allow":["GET"]}}],"collection":[{"href":"https:\/\/comando.rio.br\/mod\/wp-json\/wp\/v2\/pages"}],"about":[{"href":"https:\/\/comando.rio.br\/mod\/wp-json\/wp\/v2\/types\/page"}],"author":[{"embeddable":true,"href":"https:\/\/comando.rio.br\/mod\/wp-json\/wp\/v2\/users\/1"}],"replies":[{"embeddable":true,"href":"https:\/\/comando.rio.br\/mod\/wp-json\/wp\/v2\/comments?post=1313"}],"version-history":[{"count":1,"href":"https:\/\/comando.rio.br\/mod\/wp-json\/wp\/v2\/pages\/1313\/revisions"}],"predecessor-version":[{"id":1315,"href":"https:\/\/comando.rio.br\/mod\/wp-json\/wp\/v2\/pages\/1313\/revisions\/1315"}],"wp:featuredmedia":[{"embeddable":true,"href":"https:\/\/comando.rio.br\/mod\/wp-json\/wp\/v2\/media\/1314"}],"wp:attachment":[{"href":"https:\/\/comando.rio.br\/mod\/wp-json\/wp\/v2\/media?parent=1313"}],"curies":[{"name":"wp","href":"https:\/\/api.w.org\/{rel}","templated":true}]}}