{"id":1328,"date":"2026-01-29T16:19:44","date_gmt":"2026-01-29T19:19:44","guid":{"rendered":"https:\/\/comando.rio.br\/mod\/?page_id=1328"},"modified":"2026-01-30T12:05:09","modified_gmt":"2026-01-30T15:05:09","slug":"downloadinstalacao","status":"publish","type":"page","link":"https:\/\/comando.rio.br\/mod\/downloadinstalacao\/","title":{"rendered":"Download \/ Instala\u00e7\u00e3o"},"content":{"rendered":"\n<h2 class=\"wp-block-heading has-large-font-size\" id=\"inspiro-is-a-digital-product-agency-that-focuses-on-strategy-and-design\" style=\"font-style:normal;font-weight:100\"><strong>Download<\/strong><\/h2>\n\n\n\n<p>Com seu\u00a0<strong>PC<\/strong>\u00a0atendendo os\u00a0<a href=\"https:\/\/comando.rio.br\/mod\/requisitos\/\" data-type=\"page\" data-id=\"1313\"><strong>REQUISITOS<\/strong><\/a>\u00a0e seu\u00a0<a href=\"https:\/\/comando.rio.br\/mod\/call-of-duty-4-modern-warfare\/\" data-type=\"page\" data-id=\"1316\"><strong>Call of Duty 4 Modern Warfare<\/strong><\/a>\u00a0com todos os\u00a0<a href=\"https:\/\/comando.rio.br\/mod\/updates\/\" data-type=\"page\" data-id=\"1321\"><strong>UPDATES<\/strong><\/a>\u00a0instalados voc\u00ea j\u00e1 est\u00e1 pronto para seguir em frente. Agora voc\u00ea s\u00f3 precisa baixar o\u00a0<strong>Call of Duty Rio<\/strong>\u00a0diretamente e exclusivamente no\u00a0<strong>MODDB<\/strong>.<\/p>\n\n\n\n<figure class=\"wp-block-image\"><a href=\"https:\/\/www.moddb.com\/mods\/call-of-duty-rio\/downloads\/call-of-duty-rio\" target=\"_blank\" rel=\"noreferrer noopener\"><img decoding=\"async\" src=\"https:\/\/button.moddb.com\/download\/medium\/221915.png\" alt=\"Call of Duty Rio\"\/><\/a><\/figure>\n\n\n\n<p>N\u00e3o tem conta no&nbsp;<strong>MODDB<\/strong>? Crie uma para fazer downloads em alta velocidade!&nbsp;<strong>\u00c9 GR\u00c1TIS<\/strong>! Aproveite e deixe uma avalia\u00e7\u00e3o no&nbsp;<strong>Call of Duty Rio<\/strong>&nbsp;l\u00e1!<\/p>\n\n\n\n<figure class=\"wp-block-embed is-type-video is-provider-youtube wp-block-embed-youtube wp-embed-aspect-16-9 wp-has-aspect-ratio\"><div class=\"wp-block-embed__wrapper\">\n<iframe loading=\"lazy\" title=\"Call of Duty Rio | Download + Instala\u00e7\u00e3o\" width=\"950\" height=\"534\" src=\"https:\/\/www.youtube.com\/embed\/6a46kNXqju4?feature=oembed\" frameborder=\"0\" allow=\"accelerometer; autoplay; clipboard-write; encrypted-media; gyroscope; picture-in-picture; web-share\" referrerpolicy=\"strict-origin-when-cross-origin\" allowfullscreen><\/iframe>\n<\/div><\/figure>\n\n\n\n<h2 class=\"wp-block-heading has-large-font-size\" id=\"inspiro-is-a-digital-product-agency-that-focuses-on-strategy-and-design\" style=\"font-style:normal;font-weight:100\"><strong>Instala\u00e7\u00e3o<\/strong><\/h2>\n\n\n\n<p>Para instalar \u00e9 muito f\u00e1cil:<\/p>\n\n\n\n<p><strong>1.<\/strong>&nbsp;Copiar\/Mover este arquivo baixado para&nbsp;<strong>RA\u00cdZ<\/strong>&nbsp;do seu&nbsp;<strong>CALL OF DUTY 4 MODERN WARFARE<\/strong><\/p>\n\n\n\n<p><strong>2.<\/strong>&nbsp;Descompactar na&nbsp;<strong>RA\u00cdZ<\/strong>&nbsp;(Bot\u00e3o direito do Mouse e escolha Descompactar Aqui)<br>Mande&nbsp;<strong>Mesclar\/Sobreescrever<\/strong>&nbsp;que ele vai colocar o&nbsp;<strong>Mod<\/strong>&nbsp;e os&nbsp;<strong>Mapas<\/strong>&nbsp;nas pastas corretamente. NADA em seu COD4 ser\u00e1 alterado ou modificado, apenas novos diret\u00f3rios ser\u00e3o criados.<\/p>\n\n\n\n<p><strong>3.<\/strong>&nbsp;Ser\u00e1 criada uma pasta chamada&nbsp;<strong>RioInstall<\/strong>, entre nela e execute o arquivo&nbsp;<strong>_instalar.cmd<\/strong><\/p>\n\n\n\n<p><strong>4.<\/strong>&nbsp;Um atalho&nbsp;<strong>&#8220;Call of Duty Rio&#8221;<\/strong>&nbsp;ser\u00e1 adicionado ao seu&nbsp;<strong>Desktop<\/strong>. Use este atalho para abrir o jogo j\u00e1 no&nbsp;<strong>Call of Duty Rio<\/strong>.<\/p>\n\n\n\n<p><strong>5.<\/strong>&nbsp;Clique&nbsp;<strong>ENTRAR EM COMBATE<\/strong>&nbsp;para jogar<\/p>\n\n\n\n<p>Caso achem qualquer problema ou tenham sugest\u00f5es, fiquem livres para irem em nosso f\u00f3rum e criar um t\u00f3pico \u00e0 respeito.<\/p>\n\n\n\n<p><a href=\"https:\/\/www.tapatalk.com\/groups\/bc\/rio-f102\/\" target=\"_blank\" rel=\"noreferrer noopener\"><strong>CALL OF DUTY RIO FEEDBACK<\/strong><\/a><\/p>\n\n\n\n<p>Todos ser\u00e3o lidos, respondidos e tratados assim que poss\u00edvel. Inclusive erros bobos como digita\u00e7\u00e3o ou falta de traduzir algo mais significativo (n\u00e3o poderei traduzir 100%). Desde j\u00e1 agradecemos pelo interesse.<\/p>\n\n\n\n<p>Bom Sangue a todos!<\/p>\n\n\n\n<div style=\"height:100px\" aria-hidden=\"true\" class=\"wp-block-spacer\"><\/div>\n","protected":false},"excerpt":{"rendered":"<p>Download Com seu\u00a0PC\u00a0atendendo os\u00a0REQUISITOS\u00a0e seu\u00a0Call of Duty 4 Modern Warfare\u00a0com todos os\u00a0UPDATES\u00a0instalados voc\u00ea j\u00e1 est\u00e1 pronto para seguir em frente. Agora voc\u00ea s\u00f3 precisa baixar o\u00a0Call of Duty Rio\u00a0diretamente e exclusivamente no\u00a0MODDB. N\u00e3o tem conta no&nbsp;MODDB? Crie uma para fazer downloads em alta velocidade!&nbsp;\u00c9 GR\u00c1TIS! Aproveite e deixe uma avalia\u00e7\u00e3o no&nbsp;Call of Duty Rio&nbsp;l\u00e1! Instala\u00e7\u00e3o &hellip; <\/p>\n<p class=\"link-more\"><a href=\"https:\/\/comando.rio.br\/mod\/downloadinstalacao\/\" class=\"more-link\">Leia mais<span class=\"screen-reader-text\"> &#8220;Download \/ Instala\u00e7\u00e3o&#8221;<\/span><\/a><\/p>\n","protected":false},"author":1,"featured_media":1396,"parent":0,"menu_order":0,"comment_status":"closed","ping_status":"closed","template":"","meta":{"pagelayer_contact_templates":[],"_pagelayer_content":"","footnotes":""},"class_list":["post-1328","page","type-page","status-publish","has-post-thumbnail","hentry"],"featured_media_urls":{"thumbnail":["https:\/\/comando.rio.br\/mod\/wp-content\/uploads\/2026\/01\/shot0222-150x150.jpg",150,150,true],"medium":["https:\/\/comando.rio.br\/mod\/wp-content\/uploads\/2026\/01\/shot0222-300x169.jpg",300,169,true],"medium_large":["https:\/\/comando.rio.br\/mod\/wp-content\/uploads\/2026\/01\/shot0222.jpg",768,432,false],"large":["https:\/\/comando.rio.br\/mod\/wp-content\/uploads\/2026\/01\/shot0222-1024x576.jpg",950,534,true],"1536x1536":["https:\/\/comando.rio.br\/mod\/wp-content\/uploads\/2026\/01\/shot0222-1536x864.jpg",1536,864,true],"2048x2048":["https:\/\/comando.rio.br\/mod\/wp-content\/uploads\/2026\/01\/shot0222.jpg",1920,1080,false],"inspiro-featured-image":["https:\/\/comando.rio.br\/mod\/wp-content\/uploads\/2026\/01\/shot0222.jpg",1920,1080,false],"inspiro-loop":["https:\/\/comando.rio.br\/mod\/wp-content\/uploads\/2026\/01\/shot0222-950x320.jpg",950,320,true],"inspiro-loop@2x":["https:\/\/comando.rio.br\/mod\/wp-content\/uploads\/2026\/01\/shot0222-1900x640.jpg",1900,640,true],"portfolio_item-thumbnail":["https:\/\/comando.rio.br\/mod\/wp-content\/uploads\/2026\/01\/shot0222-600x400.jpg",600,400,true],"portfolio_item-thumbnail@2x":["https:\/\/comando.rio.br\/mod\/wp-content\/uploads\/2026\/01\/shot0222-1200x800.jpg",1200,800,true],"portfolio_item-masonry":["https:\/\/comando.rio.br\/mod\/wp-content\/uploads\/2026\/01\/shot0222-600x338.jpg",600,338,true],"portfolio_item-masonry@2x":["https:\/\/comando.rio.br\/mod\/wp-content\/uploads\/2026\/01\/shot0222-1200x675.jpg",1200,675,true],"portfolio_item-thumbnail_cinema":["https:\/\/comando.rio.br\/mod\/wp-content\/uploads\/2026\/01\/shot0222-800x335.jpg",800,335,true],"portfolio_item-thumbnail_portrait":["https:\/\/comando.rio.br\/mod\/wp-content\/uploads\/2026\/01\/shot0222-600x900.jpg",600,900,true],"portfolio_item-thumbnail_portrait@2x":["https:\/\/comando.rio.br\/mod\/wp-content\/uploads\/2026\/01\/shot0222-1200x1080.jpg",1200,1080,true],"portfolio_item-thumbnail_square":["https:\/\/comando.rio.br\/mod\/wp-content\/uploads\/2026\/01\/shot0222-800x800.jpg",800,800,true]},"_links":{"self":[{"href":"https:\/\/comando.rio.br\/mod\/wp-json\/wp\/v2\/pages\/1328","targetHints":{"allow":["GET"]}}],"collection":[{"href":"https:\/\/comando.rio.br\/mod\/wp-json\/wp\/v2\/pages"}],"about":[{"href":"https:\/\/comando.rio.br\/mod\/wp-json\/wp\/v2\/types\/page"}],"author":[{"embeddable":true,"href":"https:\/\/comando.rio.br\/mod\/wp-json\/wp\/v2\/users\/1"}],"replies":[{"embeddable":true,"href":"https:\/\/comando.rio.br\/mod\/wp-json\/wp\/v2\/comments?post=1328"}],"version-history":[{"count":3,"href":"https:\/\/comando.rio.br\/mod\/wp-json\/wp\/v2\/pages\/1328\/revisions"}],"predecessor-version":[{"id":1371,"href":"https:\/\/comando.rio.br\/mod\/wp-json\/wp\/v2\/pages\/1328\/revisions\/1371"}],"wp:featuredmedia":[{"embeddable":true,"href":"https:\/\/comando.rio.br\/mod\/wp-json\/wp\/v2\/media\/1396"}],"wp:attachment":[{"href":"https:\/\/comando.rio.br\/mod\/wp-json\/wp\/v2\/media?parent=1328"}],"curies":[{"name":"wp","href":"https:\/\/api.w.org\/{rel}","templated":true}]}}