{"id":1330,"date":"2026-01-29T16:24:02","date_gmt":"2026-01-29T19:24:02","guid":{"rendered":"https:\/\/comando.rio.br\/mod\/?page_id=1330"},"modified":"2026-01-30T12:06:05","modified_gmt":"2026-01-30T15:06:05","slug":"problemas-suporte","status":"publish","type":"page","link":"https:\/\/comando.rio.br\/mod\/problemas-suporte\/","title":{"rendered":"Problemas \/ Suporte"},"content":{"rendered":"\n<figure class=\"wp-block-embed is-type-video is-provider-youtube wp-block-embed-youtube wp-embed-aspect-16-9 wp-has-aspect-ratio\"><div class=\"wp-block-embed__wrapper\">\n<iframe loading=\"lazy\" title=\"Call of Duty Rio | Eu vou te ajudar, eu quero te ajudar, agora voc\u00ea tem que me ajudar a te ajudar\" width=\"950\" height=\"534\" src=\"https:\/\/www.youtube.com\/embed\/VKHIARxrGGU?feature=oembed\" frameborder=\"0\" allow=\"accelerometer; autoplay; clipboard-write; encrypted-media; gyroscope; picture-in-picture; web-share\" referrerpolicy=\"strict-origin-when-cross-origin\" allowfullscreen><\/iframe>\n<\/div><\/figure>\n\n\n\n<p>Galera, a todos que est\u00e3o pedindo ajuda para Instalar o&nbsp;<strong>Call of Duty Rio<\/strong>, praticamente 90% dos problemas s\u00e3o a n\u00e3o leitura das instru\u00e7\u00f5es no&nbsp;<strong>Site<\/strong>\/<strong>Leiame<\/strong>, por favor&nbsp;<strong>LEIAM<\/strong>&nbsp;com aten\u00e7\u00e3o as instru\u00e7\u00f5es e dificilmente ter\u00e3o problemas.<\/p>\n\n\n\n<p>Qualquer problema verifique primeiro se ele est\u00e1 listado\/resolvido em&nbsp;<a href=\"https:\/\/www.tapatalk.com\/groups\/bc\/tutorial-problemas-solu-es-t3596.html\" target=\"_blank\" rel=\"noreferrer noopener\"><strong>PROBLEMAS e SOLU\u00c7\u00d5ES<\/strong><\/a>.<\/p>\n\n\n\n<p>Caso realmente est\u00e1 seguro que fez tudo certo e o problema n\u00e3o estiver listado acima, visite nosso f\u00f3rum no link abaixo e crie um t\u00f3pico com&nbsp;<strong>DETALHES<\/strong>&nbsp;do seu problema, mostrando como est\u00e1 sua instala\u00e7\u00e3o, vers\u00e3o do Windows, permiss\u00f5es nas pastas do&nbsp;<strong>COD4<\/strong>&nbsp;e&nbsp;<strong>COD4X<\/strong>, a mensagem de erro e quando exatamente acontece. Lembre-se de colocar o m\u00e1ximo de detalhes poss\u00edvel.<\/p>\n\n\n\n<p><a href=\"https:\/\/www.tapatalk.com\/groups\/bc\/rio-f102\/\" target=\"_blank\" rel=\"noreferrer noopener\"><strong>F\u00d3RUM do Call of Duty Rio<\/strong><\/a><\/p>\n\n\n\n<p>Sem isso fica invi\u00e1vel ter que responder a mesma coisa toda hora, eu sou sozinho, e n\u00e3o tenho tempo suficiente para ajudar individualmente um por um infelizmente. Sendo que a maioria dos poss\u00edveis problemas j\u00e1 est\u00e3o listados e solucionados neste f\u00f3rum<\/p>\n\n\n\n<p>T\u00f3picos vagos como&nbsp;<strong>&#8220;Deu Erro&#8221;<\/strong>,&nbsp;<strong>&#8220;N\u00e3o funciona&#8221;<\/strong>,&nbsp;<strong>&#8220;N\u00e3o consigo&#8221;<\/strong>&#8230; e qualquer coisa do g\u00eanero&nbsp;sem as m\u00ednimas informa\u00e7\u00f5es&nbsp;ser\u00e3o ignorados e apagados. O mesmo vale obviamente para coment\u00e1rios do mesmo tipo no&nbsp;<strong>YouTube<\/strong>,&nbsp;<strong>Facebook<\/strong>,&nbsp;<strong>Instagram<\/strong>, etc, pois n\u00e3o servir\u00e3o de nada, n\u00e3o conseguir\u00e1 me passar as informa\u00e7\u00f5es que preciso saber para te ajudar como tamb\u00e9m n\u00e3o tenho como te passar os detalhes. Siga as instru\u00e7\u00f5es acima!<\/p>\n\n\n\n<p>Conto com a compreens\u00e3o de todos.<\/p>\n\n\n\n<div style=\"height:100px\" aria-hidden=\"true\" class=\"wp-block-spacer\"><\/div>\n","protected":false},"excerpt":{"rendered":"<p>Galera, a todos que est\u00e3o pedindo ajuda para Instalar o&nbsp;Call of Duty Rio, praticamente 90% dos problemas s\u00e3o a n\u00e3o leitura das instru\u00e7\u00f5es no&nbsp;Site\/Leiame, por favor&nbsp;LEIAM&nbsp;com aten\u00e7\u00e3o as instru\u00e7\u00f5es e dificilmente ter\u00e3o problemas. Qualquer problema verifique primeiro se ele est\u00e1 listado\/resolvido em&nbsp;PROBLEMAS e SOLU\u00c7\u00d5ES. Caso realmente est\u00e1 seguro que fez tudo certo e o problema &hellip; <\/p>\n<p class=\"link-more\"><a href=\"https:\/\/comando.rio.br\/mod\/problemas-suporte\/\" class=\"more-link\">Leia mais<span class=\"screen-reader-text\"> &#8220;Problemas \/ Suporte&#8221;<\/span><\/a><\/p>\n","protected":false},"author":1,"featured_media":1397,"parent":0,"menu_order":0,"comment_status":"closed","ping_status":"closed","template":"","meta":{"pagelayer_contact_templates":[],"_pagelayer_content":"","footnotes":""},"class_list":["post-1330","page","type-page","status-publish","has-post-thumbnail","hentry"],"featured_media_urls":{"thumbnail":["https:\/\/comando.rio.br\/mod\/wp-content\/uploads\/2026\/01\/shot0648-1-150x150.jpg",150,150,true],"medium":["https:\/\/comando.rio.br\/mod\/wp-content\/uploads\/2026\/01\/shot0648-1-300x169.jpg",300,169,true],"medium_large":["https:\/\/comando.rio.br\/mod\/wp-content\/uploads\/2026\/01\/shot0648-1.jpg",768,432,false],"large":["https:\/\/comando.rio.br\/mod\/wp-content\/uploads\/2026\/01\/shot0648-1-1024x576.jpg",950,534,true],"1536x1536":["https:\/\/comando.rio.br\/mod\/wp-content\/uploads\/2026\/01\/shot0648-1-1536x864.jpg",1536,864,true],"2048x2048":["https:\/\/comando.rio.br\/mod\/wp-content\/uploads\/2026\/01\/shot0648-1.jpg",1920,1080,false],"inspiro-featured-image":["https:\/\/comando.rio.br\/mod\/wp-content\/uploads\/2026\/01\/shot0648-1.jpg",1920,1080,false],"inspiro-loop":["https:\/\/comando.rio.br\/mod\/wp-content\/uploads\/2026\/01\/shot0648-1-950x320.jpg",950,320,true],"inspiro-loop@2x":["https:\/\/comando.rio.br\/mod\/wp-content\/uploads\/2026\/01\/shot0648-1-1900x640.jpg",1900,640,true],"portfolio_item-thumbnail":["https:\/\/comando.rio.br\/mod\/wp-content\/uploads\/2026\/01\/shot0648-1-600x400.jpg",600,400,true],"portfolio_item-thumbnail@2x":["https:\/\/comando.rio.br\/mod\/wp-content\/uploads\/2026\/01\/shot0648-1-1200x800.jpg",1200,800,true],"portfolio_item-masonry":["https:\/\/comando.rio.br\/mod\/wp-content\/uploads\/2026\/01\/shot0648-1-600x338.jpg",600,338,true],"portfolio_item-masonry@2x":["https:\/\/comando.rio.br\/mod\/wp-content\/uploads\/2026\/01\/shot0648-1-1200x675.jpg",1200,675,true],"portfolio_item-thumbnail_cinema":["https:\/\/comando.rio.br\/mod\/wp-content\/uploads\/2026\/01\/shot0648-1-800x335.jpg",800,335,true],"portfolio_item-thumbnail_portrait":["https:\/\/comando.rio.br\/mod\/wp-content\/uploads\/2026\/01\/shot0648-1-600x900.jpg",600,900,true],"portfolio_item-thumbnail_portrait@2x":["https:\/\/comando.rio.br\/mod\/wp-content\/uploads\/2026\/01\/shot0648-1-1200x1080.jpg",1200,1080,true],"portfolio_item-thumbnail_square":["https:\/\/comando.rio.br\/mod\/wp-content\/uploads\/2026\/01\/shot0648-1-800x800.jpg",800,800,true]},"_links":{"self":[{"href":"https:\/\/comando.rio.br\/mod\/wp-json\/wp\/v2\/pages\/1330","targetHints":{"allow":["GET"]}}],"collection":[{"href":"https:\/\/comando.rio.br\/mod\/wp-json\/wp\/v2\/pages"}],"about":[{"href":"https:\/\/comando.rio.br\/mod\/wp-json\/wp\/v2\/types\/page"}],"author":[{"embeddable":true,"href":"https:\/\/comando.rio.br\/mod\/wp-json\/wp\/v2\/users\/1"}],"replies":[{"embeddable":true,"href":"https:\/\/comando.rio.br\/mod\/wp-json\/wp\/v2\/comments?post=1330"}],"version-history":[{"count":1,"href":"https:\/\/comando.rio.br\/mod\/wp-json\/wp\/v2\/pages\/1330\/revisions"}],"predecessor-version":[{"id":1332,"href":"https:\/\/comando.rio.br\/mod\/wp-json\/wp\/v2\/pages\/1330\/revisions\/1332"}],"wp:featuredmedia":[{"embeddable":true,"href":"https:\/\/comando.rio.br\/mod\/wp-json\/wp\/v2\/media\/1397"}],"wp:attachment":[{"href":"https:\/\/comando.rio.br\/mod\/wp-json\/wp\/v2\/media?parent=1330"}],"curies":[{"name":"wp","href":"https:\/\/api.w.org\/{rel}","templated":true}]}}