{"id":1333,"date":"2026-01-29T16:50:23","date_gmt":"2026-01-29T19:50:23","guid":{"rendered":"https:\/\/comando.rio.br\/mod\/?page_id=1333"},"modified":"2026-01-30T16:33:55","modified_gmt":"2026-01-30T19:33:55","slug":"call-of-duty-frontlines","status":"publish","type":"page","link":"https:\/\/comando.rio.br\/mod\/call-of-duty-frontlines\/","title":{"rendered":"Call of Duty Frontlines"},"content":{"rendered":"\n<figure class=\"wp-block-embed is-type-video is-provider-youtube wp-block-embed-youtube wp-embed-aspect-16-9 wp-has-aspect-ratio\"><div class=\"wp-block-embed__wrapper\">\n<iframe loading=\"lazy\" title=\"Call of Duty Frontlines Forever | Mission no Castelinho 01.10.2016 HD\" width=\"950\" height=\"534\" src=\"https:\/\/www.youtube.com\/embed\/hIVirhd1Zk8?feature=oembed\" frameborder=\"0\" allow=\"accelerometer; autoplay; clipboard-write; encrypted-media; gyroscope; picture-in-picture; web-share\" referrerpolicy=\"strict-origin-when-cross-origin\" allowfullscreen><\/iframe>\n<\/div><\/figure>\n\n\n\n<p>Estando pronto para jogar o&nbsp;<strong>Call Of Duty Rio<\/strong>&nbsp;voc\u00ea tamb\u00e9m est\u00e1 apto para jogar o&nbsp;<strong>Call of Duty Frontlines<\/strong>, mod o qual \u00e9 a base do desenvolvimento do&nbsp;<strong>Rio<\/strong>. Voc\u00ea pode simplesmente conectar em nosso servidor que o&nbsp;<strong>Download<\/strong>&nbsp;do mod ser\u00e1 autom\u00e1tico e j\u00e1 far\u00e1 sem voc\u00ea precisar se preocupar nem onde instalar e nem como configurar.<\/p>\n\n\n\n<p>Para fazer isso basta clicar em&nbsp;<strong>Frontlines Forever<\/strong>&nbsp;no menu do seu&nbsp;<strong>Call of Duty Rio<\/strong>.<\/p>\n\n\n\n<p>No t\u00f3pico&nbsp;<a href=\"http:\/\/bc.freeforums.org\/download-de-mapas-t2101.html\" target=\"_blank\" rel=\"noreferrer noopener\"><strong>Download de Mapas<\/strong><\/a>&nbsp;explica em detalhes como fazer para baix\u00e1-los todos de uma vez via script, al\u00e9m de sempre que s\u00e3o adicionados novos mapas eles s\u00e3o postados l\u00e1 primeiro antes de entrar na rota\u00e7\u00e3o, recomendamos todos assinarem este t\u00f3pico para receber sempre as atualiza\u00e7\u00f5es.<\/p>\n\n\n\n<p>Em&nbsp;<a href=\"http:\/\/bc.freeforums.org\/frontlines-guia-completo-t55.html\" target=\"_blank\" rel=\"noreferrer noopener\"><strong>Frontlines | Guia Completo<\/strong><\/a><strong>&nbsp;<\/strong>poder\u00e1 aprender tudo sobre ele. Se quiser mais informa\u00e7\u00f5es pode tamb\u00e9m visitar nosso site antigo em&nbsp;<a href=\"http:\/\/cod.bloodculture.com.br\/\" target=\"_blank\" rel=\"noreferrer noopener\"><strong>www.cod.BloodCulture.com.br<\/strong><\/a>&nbsp;al\u00e9m do site oficial onde tem tudo bastante detalhado (em ingl\u00eas)&nbsp;<a href=\"http:\/\/www.mods.hajas.org\/\" target=\"_blank\" rel=\"noreferrer noopener\"><strong>www.mods.hajas.org<\/strong><\/a>.<\/p>\n\n\n\n<figure class=\"wp-block-image aligncenter size-full is-resized has-custom-border\"><a href=\"https:\/\/www.moddb.com\/mods\/frontlines\" target=\"_blank\" rel=\"noreferrer noopener\"><img decoding=\"async\" src=\"https:\/\/hajas.org\/wp\/wp-content\/uploads\/2024\/08\/links_moddb.jpg\" alt=\"\" class=\"wp-image-300\" style=\"border-radius:16px;box-shadow:var(--wp--preset--shadow--natural);width:336px;height:auto\"\/><\/a><\/figure>\n\n\n\n<p>Abaixo tem um resumo da hist\u00f3ria e alguns de seus pr\u00eamios nos quase 20 anos de atividade.<\/p>\n\n\n\n<h2 class=\"wp-block-heading has-large-font-size\"><strong>Hist\u00f3ria<\/strong><\/h2>\n\n\n\n<p>Ele possui muitas novidades como v\u00e1rios novos gametypes, v\u00e1rios tipos de modos de armas, anti-camping e muitas outras op\u00e7\u00f5es de configura\u00e7\u00e3o do server, o que faz o server ser inteligente e se adaptar ao momento, como por exemplo definir quais mapas rodar, que tipos de jogos rodar, com que tipos de armas liberadas, etc&#8230; tudo autom\u00e1tico e aleatoriamente, ou seja, nunca vamos saber o que vamos jogar em seguida, tornando o server livre de ser chato e repetitivo.<\/p>\n\n\n\n<div class=\"wp-block-columns is-layout-flex wp-container-core-columns-is-layout-28f84493 wp-block-columns-is-layout-flex\">\n<div class=\"wp-block-column is-layout-flow wp-block-column-is-layout-flow\" style=\"flex-basis:100%\">\n<div class=\"wp-block-group is-content-justification-center is-nowrap is-layout-flex wp-container-core-group-is-layout-23441af8 wp-block-group-is-layout-flex\">\n<figure class=\"wp-block-image size-full is-resized has-custom-border\"><img decoding=\"async\" src=\"https:\/\/hajas.org\/wp\/wp-content\/uploads\/2018\/03\/2008_frontlines.jpg\" alt=\"\" class=\"wp-image-1154\" style=\"border-radius:11px;box-shadow:var(--wp--preset--shadow--natural);width:533px;height:auto\"\/><\/figure>\n\n\n\n<figure class=\"wp-block-image size-full is-resized has-custom-border\"><img decoding=\"async\" src=\"https:\/\/hajas.org\/wp\/wp-content\/uploads\/2018\/03\/2010_frontlines_reload.jpg\" alt=\"\" class=\"wp-image-1155\" style=\"border-radius:11px;box-shadow:var(--wp--preset--shadow--natural);object-fit:cover;width:544px;height:auto\"\/><\/figure>\n<\/div>\n<\/div>\n<\/div>\n\n\n\n<p>Al\u00e9m disso tudo o j\u00e1 famoso&nbsp;<strong>War Server<\/strong>, que transforma um simples server numa grande guerra onde todos s\u00e3o designados a seus respectivos times durante toda a guerra, e se unem para vencer diversas batalhas e cumprir v\u00e1rios objetivos para vencer a grande guerra no final.<\/p>\n\n\n\n<p>Durante o auge do&nbsp;<strong>COD4<\/strong>&nbsp;o mod fez muito sucesso na&nbsp;<strong>Europa<\/strong>&nbsp;e principalmente na&nbsp;<strong>Fran\u00e7a<\/strong>&nbsp;e&nbsp;<strong>Alemanha<\/strong>&nbsp;onde se encontravam o maior n\u00famero de servidores online como tamb\u00e9m foi lan\u00e7ado em diversas revistas por l\u00e1. Neste mesmo tempo mant\u00ednhamos o que por muitos anos foi o maior servidor de COD4 do pa\u00eds com 64 slots o qual estava sempre cheio, chegando at\u00e9 a lotar em algumas&nbsp;<strong>WORLD WARs<\/strong>&nbsp;que organiz\u00e1vamos com jogadores de&nbsp;<strong>Frontlines<\/strong>&nbsp;de diversos pa\u00edses e quase todos continentes.<\/p>\n\n\n\n<figure class=\"wp-block-embed is-type-video is-provider-youtube wp-block-embed-youtube wp-embed-aspect-4-3 wp-has-aspect-ratio\"><div class=\"wp-block-embed__wrapper\">\n<iframe loading=\"lazy\" title=\"COD4 Frontlines R3L04D - The Definitive Version\" width=\"950\" height=\"713\" src=\"https:\/\/www.youtube.com\/embed\/fqStcs4Fmbs?feature=oembed\" frameborder=\"0\" allow=\"accelerometer; autoplay; clipboard-write; encrypted-media; gyroscope; picture-in-picture; web-share\" referrerpolicy=\"strict-origin-when-cross-origin\" allowfullscreen><\/iframe>\n<\/div><\/figure>\n\n\n\n<p>Em 2009 o\u00a0<strong>Frontlines<\/strong>\u00a0foi eleito pelo site\u00a0<a href=\"https:\/\/www.youtube.com\/watch?v=ZB0ZZByun3E\" target=\"_blank\" rel=\"noreferrer noopener\"><strong>Bash and Slash<\/strong><\/a>\u00a0(um dos mais respeit\u00e1veis sites de FPS do planeta) o\u00a0<strong>Melhor Mod de Call of Duty de 2008<\/strong>, o que ajudou mais ainda o crescimento de sua popularidade no mundo.<\/p>\n\n\n\n<p>No mesmo ano foi lan\u00e7ada a vers\u00e3o final do&nbsp;<strong>Frontlines<\/strong>&nbsp;mas devido ao fracasso do&nbsp;<strong>Modern Warfare 2<\/strong>&nbsp;de n\u00e3o ter servidores dedicados e nem modtools, tudo que j\u00e1 estava sendo planejado para ele seria desperdi\u00e7ado, foi quando o projeto do&nbsp;<strong>Frontlines<\/strong>&nbsp;foi reaberto, e quando nasceu o&nbsp;<strong>Frontlines R3L04D<\/strong>. O&nbsp;<strong>Frontlines R3L04D<\/strong>&nbsp;era tudo que o&nbsp;<strong>Frontlines<\/strong>&nbsp;j\u00e1 era, s\u00f3 que com muito, mas MUITO mais&#8230; onde certamente a novidade de pular de paraquedas foi o que chamou mais aten\u00e7\u00e3o e seus incr\u00edveis novos gametypes entre muitas grandes novidades. Se tornou o maior e mais diverso FPS game do planeta, com nada menos que 42 gametypes.<\/p>\n\n\n\n<p>Tiveram tamb\u00e9m vers\u00f5es para o&nbsp;<strong>World at War<\/strong>&nbsp;e&nbsp;<strong>Black Ops<\/strong>, sendo que o&nbsp;<strong>Black Frontlines<\/strong>&nbsp;tamb\u00e9m faturou o pr\u00eamio de melhor mod de&nbsp;<strong>Call of Duty<\/strong>&nbsp;mas desta vez pelo maior site de mods do planeta, o&nbsp;<a href=\"http:\/\/www.moddb.com\/\" target=\"_blank\" rel=\"noreferrer noopener\"><strong>MODDB<\/strong><\/a>.<\/p>\n\n\n\n<div class=\"wp-block-group is-content-justification-center is-nowrap is-layout-flex wp-container-core-group-is-layout-23441af8 wp-block-group-is-layout-flex\">\n<figure class=\"wp-block-image size-full is-resized has-custom-border\"><img loading=\"lazy\" decoding=\"async\" width=\"300\" height=\"305\" src=\"https:\/\/comando.rio.br\/mod\/wp-content\/uploads\/2026\/01\/moty2008.png\" alt=\"\" class=\"wp-image-1334\" style=\"border-radius:11px;width:280px\" srcset=\"https:\/\/comando.rio.br\/mod\/wp-content\/uploads\/2026\/01\/moty2008.png 300w, https:\/\/comando.rio.br\/mod\/wp-content\/uploads\/2026\/01\/moty2008-295x300.png 295w\" sizes=\"auto, (max-width: 300px) 100vw, 300px\" \/><figcaption class=\"wp-element-caption\">Nomeado<\/figcaption><\/figure>\n\n\n\n<figure class=\"wp-block-image size-full is-resized has-custom-border\"><img loading=\"lazy\" decoding=\"async\" width=\"300\" height=\"346\" src=\"https:\/\/comando.rio.br\/mod\/wp-content\/uploads\/2026\/01\/bash2008.png\" alt=\"\" class=\"wp-image-1335\" style=\"border-radius:11px;width:280px\" srcset=\"https:\/\/comando.rio.br\/mod\/wp-content\/uploads\/2026\/01\/bash2008.png 300w, https:\/\/comando.rio.br\/mod\/wp-content\/uploads\/2026\/01\/bash2008-260x300.png 260w\" sizes=\"auto, (max-width: 300px) 100vw, 300px\" \/><figcaption class=\"wp-element-caption\">Vencedor<\/figcaption><\/figure>\n\n\n\n<figure class=\"wp-block-image size-full is-resized\"><img loading=\"lazy\" decoding=\"async\" width=\"300\" height=\"300\" src=\"https:\/\/comando.rio.br\/mod\/wp-content\/uploads\/2026\/01\/moty2011.png\" alt=\"\" class=\"wp-image-1336\" style=\"width:280px\" srcset=\"https:\/\/comando.rio.br\/mod\/wp-content\/uploads\/2026\/01\/moty2011.png 300w, https:\/\/comando.rio.br\/mod\/wp-content\/uploads\/2026\/01\/moty2011-150x150.png 150w\" sizes=\"auto, (max-width: 300px) 100vw, 300px\" \/><figcaption class=\"wp-element-caption\">2\u00b0 Lugar<\/figcaption><\/figure>\n\n\n\n<figure class=\"wp-block-image size-full is-resized\"><img loading=\"lazy\" decoding=\"async\" width=\"408\" height=\"444\" src=\"https:\/\/comando.rio.br\/mod\/wp-content\/uploads\/2026\/01\/moty2012.png\" alt=\"\" class=\"wp-image-1337\" style=\"width:280px\" srcset=\"https:\/\/comando.rio.br\/mod\/wp-content\/uploads\/2026\/01\/moty2012.png 408w, https:\/\/comando.rio.br\/mod\/wp-content\/uploads\/2026\/01\/moty2012-276x300.png 276w\" sizes=\"auto, (max-width: 408px) 100vw, 408px\" \/><figcaption class=\"wp-element-caption\">Vencedor<\/figcaption><\/figure>\n\n\n\n<figure class=\"wp-block-image size-full is-resized\"><img loading=\"lazy\" decoding=\"async\" width=\"300\" height=\"278\" src=\"https:\/\/comando.rio.br\/mod\/wp-content\/uploads\/2026\/01\/moty2018s.png\" alt=\"\" class=\"wp-image-1338\" style=\"width:280px\"\/><figcaption class=\"wp-element-caption\">Vencedor<\/figcaption><\/figure>\n<\/div>\n\n\n\n<p>A vers\u00e3o&nbsp;<strong>Frontlines FOREVER<\/strong>&nbsp;foi lan\u00e7ada no final de 2018 exclusivamente no&nbsp;<a href=\"http:\/\/www.moddb.com\/\" target=\"_blank\" rel=\"noreferrer noopener\"><strong>MODDB<\/strong><\/a>&nbsp;e logo no in\u00edcio de 2019 foi eleito o&nbsp;<strong>Melhor Mod de Call of Duty de 2018<\/strong>&nbsp;no&nbsp;<a href=\"http:\/\/www.moddb.com\/\" target=\"_blank\" rel=\"noreferrer noopener\"><strong>MODDB<\/strong><\/a>, tanto na categoria dos&nbsp;<strong>Editores<\/strong>&nbsp;como na dos&nbsp;<strong>Jogadores<\/strong>.<\/p>\n\n\n\n<figure class=\"wp-block-embed is-type-video is-provider-youtube wp-block-embed-youtube wp-embed-aspect-16-9 wp-has-aspect-ratio\"><div class=\"wp-block-embed__wrapper\">\n<iframe loading=\"lazy\" title=\"Call of Duty Frontlines FOREVER | The EPIC Realism \/ Hardcore Experience EVER | THIS IS WAR!\" width=\"950\" height=\"534\" src=\"https:\/\/www.youtube.com\/embed\/gudPpy7yR3s?feature=oembed\" frameborder=\"0\" allow=\"accelerometer; autoplay; clipboard-write; encrypted-media; gyroscope; picture-in-picture; web-share\" referrerpolicy=\"strict-origin-when-cross-origin\" allowfullscreen><\/iframe>\n<\/div><\/figure>\n\n\n\n<figure class=\"wp-block-embed is-type-video is-provider-youtube wp-block-embed-youtube wp-embed-aspect-16-9 wp-has-aspect-ratio\"><div class=\"wp-block-embed__wrapper\">\n<iframe loading=\"lazy\" title=\"Call of Duty Frontlines FOREVER | Teaser 2018\" width=\"950\" height=\"534\" src=\"https:\/\/www.youtube.com\/embed\/nTd_PxrN1pI?feature=oembed\" frameborder=\"0\" allow=\"accelerometer; autoplay; clipboard-write; encrypted-media; gyroscope; picture-in-picture; web-share\" referrerpolicy=\"strict-origin-when-cross-origin\" allowfullscreen><\/iframe>\n<\/div><\/figure>\n\n\n\n<div style=\"height:100px\" aria-hidden=\"true\" class=\"wp-block-spacer\"><\/div>\n","protected":false},"excerpt":{"rendered":"<p>Estando pronto para jogar o&nbsp;Call Of Duty Rio&nbsp;voc\u00ea tamb\u00e9m est\u00e1 apto para jogar o&nbsp;Call of Duty Frontlines, mod o qual \u00e9 a base do desenvolvimento do&nbsp;Rio. Voc\u00ea pode simplesmente conectar em nosso servidor que o&nbsp;Download&nbsp;do mod ser\u00e1 autom\u00e1tico e j\u00e1 far\u00e1 sem voc\u00ea precisar se preocupar nem onde instalar e nem como configurar. Para fazer &hellip; <\/p>\n<p class=\"link-more\"><a href=\"https:\/\/comando.rio.br\/mod\/call-of-duty-frontlines\/\" class=\"more-link\">Leia mais<span class=\"screen-reader-text\"> &#8220;Call of Duty Frontlines&#8221;<\/span><\/a><\/p>\n","protected":false},"author":1,"featured_media":1391,"parent":0,"menu_order":0,"comment_status":"closed","ping_status":"closed","template":"","meta":{"pagelayer_contact_templates":[],"_pagelayer_content":"","footnotes":""},"class_list":["post-1333","page","type-page","status-publish","has-post-thumbnail","hentry"],"featured_media_urls":{"thumbnail":["https:\/\/comando.rio.br\/mod\/wp-content\/uploads\/2026\/01\/FF0009-150x150.jpg",150,150,true],"medium":["https:\/\/comando.rio.br\/mod\/wp-content\/uploads\/2026\/01\/FF0009-300x169.jpg",300,169,true],"medium_large":["https:\/\/comando.rio.br\/mod\/wp-content\/uploads\/2026\/01\/FF0009.jpg",768,432,false],"large":["https:\/\/comando.rio.br\/mod\/wp-content\/uploads\/2026\/01\/FF0009-1024x576.jpg",950,534,true],"1536x1536":["https:\/\/comando.rio.br\/mod\/wp-content\/uploads\/2026\/01\/FF0009-1536x864.jpg",1536,864,true],"2048x2048":["https:\/\/comando.rio.br\/mod\/wp-content\/uploads\/2026\/01\/FF0009.jpg",1920,1080,false],"inspiro-featured-image":["https:\/\/comando.rio.br\/mod\/wp-content\/uploads\/2026\/01\/FF0009.jpg",1920,1080,false],"inspiro-loop":["https:\/\/comando.rio.br\/mod\/wp-content\/uploads\/2026\/01\/FF0009-950x320.jpg",950,320,true],"inspiro-loop@2x":["https:\/\/comando.rio.br\/mod\/wp-content\/uploads\/2026\/01\/FF0009-1900x640.jpg",1900,640,true],"portfolio_item-thumbnail":["https:\/\/comando.rio.br\/mod\/wp-content\/uploads\/2026\/01\/FF0009-600x400.jpg",600,400,true],"portfolio_item-thumbnail@2x":["https:\/\/comando.rio.br\/mod\/wp-content\/uploads\/2026\/01\/FF0009-1200x800.jpg",1200,800,true],"portfolio_item-masonry":["https:\/\/comando.rio.br\/mod\/wp-content\/uploads\/2026\/01\/FF0009-600x338.jpg",600,338,true],"portfolio_item-masonry@2x":["https:\/\/comando.rio.br\/mod\/wp-content\/uploads\/2026\/01\/FF0009-1200x675.jpg",1200,675,true],"portfolio_item-thumbnail_cinema":["https:\/\/comando.rio.br\/mod\/wp-content\/uploads\/2026\/01\/FF0009-800x335.jpg",800,335,true],"portfolio_item-thumbnail_portrait":["https:\/\/comando.rio.br\/mod\/wp-content\/uploads\/2026\/01\/FF0009-600x900.jpg",600,900,true],"portfolio_item-thumbnail_portrait@2x":["https:\/\/comando.rio.br\/mod\/wp-content\/uploads\/2026\/01\/FF0009-1200x1080.jpg",1200,1080,true],"portfolio_item-thumbnail_square":["https:\/\/comando.rio.br\/mod\/wp-content\/uploads\/2026\/01\/FF0009-800x800.jpg",800,800,true]},"_links":{"self":[{"href":"https:\/\/comando.rio.br\/mod\/wp-json\/wp\/v2\/pages\/1333","targetHints":{"allow":["GET"]}}],"collection":[{"href":"https:\/\/comando.rio.br\/mod\/wp-json\/wp\/v2\/pages"}],"about":[{"href":"https:\/\/comando.rio.br\/mod\/wp-json\/wp\/v2\/types\/page"}],"author":[{"embeddable":true,"href":"https:\/\/comando.rio.br\/mod\/wp-json\/wp\/v2\/users\/1"}],"replies":[{"embeddable":true,"href":"https:\/\/comando.rio.br\/mod\/wp-json\/wp\/v2\/comments?post=1333"}],"version-history":[{"count":6,"href":"https:\/\/comando.rio.br\/mod\/wp-json\/wp\/v2\/pages\/1333\/revisions"}],"predecessor-version":[{"id":1440,"href":"https:\/\/comando.rio.br\/mod\/wp-json\/wp\/v2\/pages\/1333\/revisions\/1440"}],"wp:featuredmedia":[{"embeddable":true,"href":"https:\/\/comando.rio.br\/mod\/wp-json\/wp\/v2\/media\/1391"}],"wp:attachment":[{"href":"https:\/\/comando.rio.br\/mod\/wp-json\/wp\/v2\/media?parent=1333"}],"curies":[{"name":"wp","href":"https:\/\/api.w.org\/{rel}","templated":true}]}}