{"id":1340,"date":"2026-01-29T17:02:16","date_gmt":"2026-01-29T20:02:16","guid":{"rendered":"https:\/\/comando.rio.br\/mod\/?page_id=1340"},"modified":"2026-01-30T12:10:18","modified_gmt":"2026-01-30T15:10:18","slug":"star-wars","status":"publish","type":"page","link":"https:\/\/comando.rio.br\/mod\/star-wars\/","title":{"rendered":"Star Wars"},"content":{"rendered":"\n<figure class=\"wp-block-embed is-type-video is-provider-youtube wp-block-embed-youtube wp-embed-aspect-16-9 wp-has-aspect-ratio\"><div class=\"wp-block-embed__wrapper\">\n<iframe loading=\"lazy\" title=\"[BC] Call of Duty Star Wars Frontlines | Very Important Droid | Call of Duty 4 Modern Warfare\" width=\"950\" height=\"534\" src=\"https:\/\/www.youtube.com\/embed\/KyRUjkWbLaw?feature=oembed\" frameborder=\"0\" allow=\"accelerometer; autoplay; clipboard-write; encrypted-media; gyroscope; picture-in-picture; web-share\" referrerpolicy=\"strict-origin-when-cross-origin\" allowfullscreen><\/iframe>\n<\/div><\/figure>\n\n\n\n<p>Estando pronto para jogar o&nbsp;<strong>Call Of Duty Rio<\/strong>&nbsp;voc\u00ea tamb\u00e9m estar\u00e1 pronto para jogar a vers\u00e3o&nbsp;<strong>Star Wars<\/strong>&nbsp;do&nbsp;<strong>Frontlines<\/strong>&nbsp;que \u00e9 a base do&nbsp;<strong>Call of Duty Rio<\/strong>. Assim como o&nbsp;<strong>Frontlines<\/strong>&nbsp;basta clicar em&nbsp;<strong>Star Wars<\/strong>&nbsp;menu do seu&nbsp;<strong>Call of Duty Rio<\/strong>&nbsp;para jogar.<\/p>\n\n\n\n<p>O&nbsp;<strong>Star Wars Frontlines<\/strong>&nbsp;\u00e9 uma vers\u00e3o do&nbsp;<strong>Frontlines<\/strong>&nbsp;para o tamb\u00e9m premiado Mod&nbsp;<strong>Galactic Warfare<\/strong>&nbsp;do jogo&nbsp;<strong>Call of Duty 4 Modern Warfare<\/strong>. Tive o prazer de ser convidado para desenvolver gametypes e inova\u00e7\u00f5es para o&nbsp;<strong>Mod<\/strong>&nbsp;que at\u00e9 ent\u00e3o s\u00f3 estava focado no trabalho de fazer um&nbsp;<strong>TC<\/strong>&nbsp;do&nbsp;<strong>COD4<\/strong>&nbsp;sem nenhuma inova\u00e7\u00e3o, e desenvolvi 2 gametypes novos especificamente para ele mas que infelizmente jamais foram implementados, pois houve uma richa entre os desenvolvedores e resolveram lan\u00e7ar do jeito que estava e fecharam o projeto e culminou no fim do&nbsp;<strong>BlackMonkeys<\/strong>&nbsp;que era um clan alem\u00e3o que mantinha servidores do&nbsp;<strong>Frontlines<\/strong>&nbsp;por l\u00e1 e eram grandes fans do&nbsp;<strong>Frontlines<\/strong>.<\/p>\n\n\n\n<p>Apesar de n\u00e3o ter o c\u00f3digo fonte o que limita muito o que posso mexer no mod, consegui fazer inova\u00e7\u00f5es que melhoraram bastante o gameplay do mod, como a introdu\u00e7\u00e3o de bots para encher o servidor e torn\u00e1-lo jog\u00e1vel, al\u00e9m de in\u00fameras coisas do&nbsp;<strong>Frontlines<\/strong>, como por exemplo os objetivos rand\u00f4micos para tornar cada round diferente.<\/p>\n\n\n\n<p>Os arquivos do&nbsp;<strong>Star Wars Frontlines<\/strong>&nbsp;e os mapas ir\u00e3o instalar automaticamente assim que se conectar em nosso server. Se n\u00e3o estiver instalando verifique se nas op\u00e7\u00f5es do seu&nbsp;<strong>COD4<\/strong>&nbsp;est\u00e1 habilitado o auto-download para voc\u00ea poder usar este recurso.<\/p>\n\n\n\n<p>Em&nbsp;<a href=\"http:\/\/bc.freeforums.org\/star-wars-frontlines-t3313.html\" target=\"_blank\" rel=\"noreferrer noopener\"><strong>Star Wars Frontlines | Guia Completo<\/strong><\/a><strong>&nbsp;<\/strong>poder\u00e1 saber todos os detalhes sobre ele. Para maiores detalhes visite o site oficial onde tem tudo bastante detalhado (em ingl\u00eas)&nbsp;<a href=\"http:\/\/www.mods.hajas.org\/\" target=\"_blank\" rel=\"noreferrer noopener\"><strong>www.mods.hajas.org<\/strong><\/a>.<\/p>\n\n\n\n<figure class=\"wp-block-image aligncenter size-full is-resized has-custom-border\"><a href=\"https:\/\/www.moddb.com\/mods\/star-wars-frontlines1\" target=\"_blank\" rel=\"noreferrer noopener\"><img decoding=\"async\" src=\"https:\/\/hajas.org\/wp\/wp-content\/uploads\/2024\/08\/links_moddb.jpg\" alt=\"\" class=\"wp-image-300\" style=\"border-radius:16px;box-shadow:var(--wp--preset--shadow--natural);width:336px;height:auto\"\/><\/a><\/figure>\n\n\n\n<h2 class=\"wp-block-heading has-large-font-size\"><strong>V\u00eddeos<\/strong> do Desenvolvimento<\/h2>\n\n\n\n<p>Abaixo tem mais alguns v\u00eddeos de gameplays e testes durante o desenvolvimento.<\/p>\n\n\n\n<div class=\"wp-block-columns is-layout-flex wp-container-core-columns-is-layout-28f84493 wp-block-columns-is-layout-flex\">\n<div class=\"wp-block-column is-layout-flow wp-block-column-is-layout-flow\" style=\"flex-basis:100%\">\n<div class=\"wp-block-group is-content-justification-center is-nowrap is-layout-flex wp-container-core-group-is-layout-23441af8 wp-block-group-is-layout-flex\">\n<figure class=\"wp-block-embed is-type-video is-provider-youtube wp-block-embed-youtube wp-embed-aspect-4-3 wp-has-aspect-ratio\"><div class=\"wp-block-embed__wrapper\">\n<iframe loading=\"lazy\" title=\"Call of Duty Frontlines | COD4 Mod\" width=\"950\" height=\"713\" src=\"https:\/\/www.youtube.com\/embed\/-z46M898B08?feature=oembed\" frameborder=\"0\" allow=\"accelerometer; autoplay; clipboard-write; encrypted-media; gyroscope; picture-in-picture; web-share\" referrerpolicy=\"strict-origin-when-cross-origin\" allowfullscreen><\/iframe>\n<\/div><\/figure>\n\n\n\n<figure class=\"wp-block-embed is-type-video is-provider-youtube wp-block-embed-youtube wp-embed-aspect-4-3 wp-has-aspect-ratio\"><div class=\"wp-block-embed__wrapper\">\n<iframe loading=\"lazy\" title=\"Call of Duty Frontlines | COD4 Mod\" width=\"950\" height=\"713\" src=\"https:\/\/www.youtube.com\/embed\/-z46M898B08?feature=oembed\" frameborder=\"0\" allow=\"accelerometer; autoplay; clipboard-write; encrypted-media; gyroscope; picture-in-picture; web-share\" referrerpolicy=\"strict-origin-when-cross-origin\" allowfullscreen><\/iframe>\n<\/div><\/figure>\n\n\n\n<figure class=\"wp-block-embed is-type-video is-provider-youtube wp-block-embed-youtube wp-embed-aspect-16-9 wp-has-aspect-ratio wp-container-content-3b4e4270\"><div class=\"wp-block-embed__wrapper\">\n<iframe loading=\"lazy\" title=\"Star Wars Frontlines | Crash Tests on New Map\" width=\"950\" height=\"534\" src=\"https:\/\/www.youtube.com\/embed\/nXIWpCe1g3c?feature=oembed\" frameborder=\"0\" allow=\"accelerometer; autoplay; clipboard-write; encrypted-media; gyroscope; picture-in-picture; web-share\" referrerpolicy=\"strict-origin-when-cross-origin\" allowfullscreen><\/iframe>\n<\/div><\/figure>\n\n\n\n<figure class=\"wp-block-embed is-type-video is-provider-youtube wp-block-embed-youtube wp-embed-aspect-16-9 wp-has-aspect-ratio wp-container-content-3b4e4270\"><div class=\"wp-block-embed__wrapper\">\n<iframe loading=\"lazy\" title=\"[BC] Star Wars Frontlines | New Map Tests\" width=\"950\" height=\"534\" src=\"https:\/\/www.youtube.com\/embed\/lCi9SSgSrHc?feature=oembed\" frameborder=\"0\" allow=\"accelerometer; autoplay; clipboard-write; encrypted-media; gyroscope; picture-in-picture; web-share\" referrerpolicy=\"strict-origin-when-cross-origin\" allowfullscreen><\/iframe>\n<\/div><\/figure>\n<\/div>\n<\/div>\n<\/div>\n\n\n\n<div class=\"wp-block-columns is-layout-flex wp-container-core-columns-is-layout-28f84493 wp-block-columns-is-layout-flex\">\n<div class=\"wp-block-column is-layout-flow wp-block-column-is-layout-flow\" style=\"flex-basis:100%\">\n<div class=\"wp-block-group is-content-justification-center is-nowrap is-layout-flex wp-container-core-group-is-layout-23441af8 wp-block-group-is-layout-flex\">\n<figure class=\"wp-block-embed is-type-video is-provider-youtube wp-block-embed-youtube wp-embed-aspect-4-3 wp-has-aspect-ratio\"><div class=\"wp-block-embed__wrapper\">\n<iframe loading=\"lazy\" title=\"Call of Duty Frontlines | COD4 Mod\" width=\"950\" height=\"713\" src=\"https:\/\/www.youtube.com\/embed\/-z46M898B08?feature=oembed\" frameborder=\"0\" allow=\"accelerometer; autoplay; clipboard-write; encrypted-media; gyroscope; picture-in-picture; web-share\" referrerpolicy=\"strict-origin-when-cross-origin\" allowfullscreen><\/iframe>\n<\/div><\/figure>\n\n\n\n<figure class=\"wp-block-embed is-type-video is-provider-youtube wp-block-embed-youtube wp-embed-aspect-4-3 wp-has-aspect-ratio\"><div class=\"wp-block-embed__wrapper\">\n<iframe loading=\"lazy\" title=\"Call of Duty Frontlines | COD4 Mod\" width=\"950\" height=\"713\" src=\"https:\/\/www.youtube.com\/embed\/-z46M898B08?feature=oembed\" frameborder=\"0\" allow=\"accelerometer; autoplay; clipboard-write; encrypted-media; gyroscope; picture-in-picture; web-share\" referrerpolicy=\"strict-origin-when-cross-origin\" allowfullscreen><\/iframe>\n<\/div><\/figure>\n\n\n\n<figure class=\"wp-block-embed is-type-video is-provider-youtube wp-block-embed-youtube wp-embed-aspect-16-9 wp-has-aspect-ratio wp-container-content-3b4e4270\"><div class=\"wp-block-embed__wrapper\">\n<iframe loading=\"lazy\" title=\"Star Wars Frontlines | The most famous gametype from Frontlines arriving soon at Star Wars\" width=\"950\" height=\"534\" src=\"https:\/\/www.youtube.com\/embed\/D3rTDESHkLI?feature=oembed\" frameborder=\"0\" allow=\"accelerometer; autoplay; clipboard-write; encrypted-media; gyroscope; picture-in-picture; web-share\" referrerpolicy=\"strict-origin-when-cross-origin\" allowfullscreen><\/iframe>\n<\/div><\/figure>\n\n\n\n<figure class=\"wp-block-embed is-type-video is-provider-youtube wp-block-embed-youtube wp-embed-aspect-16-9 wp-has-aspect-ratio wp-container-content-3b4e4270\"><div class=\"wp-block-embed__wrapper\">\n<iframe loading=\"lazy\" title=\"Star Wars Frontlines | Droid Mode\" width=\"950\" height=\"534\" src=\"https:\/\/www.youtube.com\/embed\/SsJchIauFzc?feature=oembed\" frameborder=\"0\" allow=\"accelerometer; autoplay; clipboard-write; encrypted-media; gyroscope; picture-in-picture; web-share\" referrerpolicy=\"strict-origin-when-cross-origin\" allowfullscreen><\/iframe>\n<\/div><\/figure>\n<\/div>\n<\/div>\n<\/div>\n\n\n\n<div class=\"wp-block-columns is-layout-flex wp-container-core-columns-is-layout-28f84493 wp-block-columns-is-layout-flex\">\n<div class=\"wp-block-column is-layout-flow wp-block-column-is-layout-flow\" style=\"flex-basis:100%\">\n<div class=\"wp-block-group is-content-justification-center is-nowrap is-layout-flex wp-container-core-group-is-layout-23441af8 wp-block-group-is-layout-flex\">\n<figure class=\"wp-block-embed is-type-video is-provider-youtube wp-block-embed-youtube wp-embed-aspect-4-3 wp-has-aspect-ratio\"><div class=\"wp-block-embed__wrapper\">\n<iframe loading=\"lazy\" title=\"Call of Duty Frontlines | COD4 Mod\" width=\"950\" height=\"713\" src=\"https:\/\/www.youtube.com\/embed\/-z46M898B08?feature=oembed\" frameborder=\"0\" allow=\"accelerometer; autoplay; clipboard-write; encrypted-media; gyroscope; picture-in-picture; web-share\" referrerpolicy=\"strict-origin-when-cross-origin\" allowfullscreen><\/iframe>\n<\/div><\/figure>\n\n\n\n<figure class=\"wp-block-embed is-type-video is-provider-youtube wp-block-embed-youtube wp-embed-aspect-4-3 wp-has-aspect-ratio\"><div class=\"wp-block-embed__wrapper\">\n<iframe loading=\"lazy\" title=\"Call of Duty Frontlines | COD4 Mod\" width=\"950\" height=\"713\" src=\"https:\/\/www.youtube.com\/embed\/-z46M898B08?feature=oembed\" frameborder=\"0\" allow=\"accelerometer; autoplay; clipboard-write; encrypted-media; gyroscope; picture-in-picture; web-share\" referrerpolicy=\"strict-origin-when-cross-origin\" allowfullscreen><\/iframe>\n<\/div><\/figure>\n\n\n\n<figure class=\"wp-block-embed is-type-video is-provider-youtube wp-block-embed-youtube wp-embed-aspect-16-9 wp-has-aspect-ratio wp-container-content-3b4e4270\"><div class=\"wp-block-embed__wrapper\">\n<iframe loading=\"lazy\" title=\"Star Wars Frontlines | CloudCity SD Bots Planting A Bomb\" width=\"950\" height=\"534\" src=\"https:\/\/www.youtube.com\/embed\/wbFVLCWoUNE?feature=oembed\" frameborder=\"0\" allow=\"accelerometer; autoplay; clipboard-write; encrypted-media; gyroscope; picture-in-picture; web-share\" referrerpolicy=\"strict-origin-when-cross-origin\" allowfullscreen><\/iframe>\n<\/div><\/figure>\n\n\n\n<figure class=\"wp-block-embed is-type-video is-provider-youtube wp-block-embed-youtube wp-embed-aspect-16-9 wp-has-aspect-ratio wp-container-content-3b4e4270\"><div class=\"wp-block-embed__wrapper\">\n<iframe loading=\"lazy\" title=\"Star Wars Frontlines | Cloud City Armory Unlocked\" width=\"950\" height=\"534\" src=\"https:\/\/www.youtube.com\/embed\/YyN7YDzCxyk?feature=oembed\" frameborder=\"0\" allow=\"accelerometer; autoplay; clipboard-write; encrypted-media; gyroscope; picture-in-picture; web-share\" referrerpolicy=\"strict-origin-when-cross-origin\" allowfullscreen><\/iframe>\n<\/div><\/figure>\n<\/div>\n<\/div>\n<\/div>\n\n\n\n<div style=\"height:100px\" aria-hidden=\"true\" class=\"wp-block-spacer\"><\/div>\n","protected":false},"excerpt":{"rendered":"<p>Estando pronto para jogar o&nbsp;Call Of Duty Rio&nbsp;voc\u00ea tamb\u00e9m estar\u00e1 pronto para jogar a vers\u00e3o&nbsp;Star Wars&nbsp;do&nbsp;Frontlines&nbsp;que \u00e9 a base do&nbsp;Call of Duty Rio. Assim como o&nbsp;Frontlines&nbsp;basta clicar em&nbsp;Star Wars&nbsp;menu do seu&nbsp;Call of Duty Rio&nbsp;para jogar. O&nbsp;Star Wars Frontlines&nbsp;\u00e9 uma vers\u00e3o do&nbsp;Frontlines&nbsp;para o tamb\u00e9m premiado Mod&nbsp;Galactic Warfare&nbsp;do jogo&nbsp;Call of Duty 4 Modern Warfare. Tive o prazer &hellip; <\/p>\n<p class=\"link-more\"><a href=\"https:\/\/comando.rio.br\/mod\/star-wars\/\" class=\"more-link\">Leia mais<span class=\"screen-reader-text\"> &#8220;Star Wars&#8221;<\/span><\/a><\/p>\n","protected":false},"author":1,"featured_media":1401,"parent":0,"menu_order":0,"comment_status":"closed","ping_status":"closed","template":"","meta":{"pagelayer_contact_templates":[],"_pagelayer_content":"","footnotes":""},"class_list":["post-1340","page","type-page","status-publish","has-post-thumbnail","hentry"],"featured_media_urls":{"thumbnail":["https:\/\/comando.rio.br\/mod\/wp-content\/uploads\/2026\/01\/shot0004-2-e1769785811784-150x150.jpg",150,150,true],"medium":["https:\/\/comando.rio.br\/mod\/wp-content\/uploads\/2026\/01\/shot0004-2-e1769785811784-300x115.jpg",300,115,true],"medium_large":["https:\/\/comando.rio.br\/mod\/wp-content\/uploads\/2026\/01\/shot0004-2-e1769785811784-768x293.jpg",768,293,true],"large":["https:\/\/comando.rio.br\/mod\/wp-content\/uploads\/2026\/01\/shot0004-2-e1769785811784-1024x391.jpg",950,363,true],"1536x1536":["https:\/\/comando.rio.br\/mod\/wp-content\/uploads\/2026\/01\/shot0004-2-e1769785811784-1536x586.jpg",1536,586,true],"2048x2048":["https:\/\/comando.rio.br\/mod\/wp-content\/uploads\/2026\/01\/shot0004-2-e1769785811784.jpg",1920,733,false],"inspiro-featured-image":["https:\/\/comando.rio.br\/mod\/wp-content\/uploads\/2026\/01\/shot0004-2-e1769785811784.jpg",1920,733,false],"inspiro-loop":["https:\/\/comando.rio.br\/mod\/wp-content\/uploads\/2026\/01\/shot0004-2-e1769785811784-950x320.jpg",950,320,true],"inspiro-loop@2x":["https:\/\/comando.rio.br\/mod\/wp-content\/uploads\/2026\/01\/shot0004-2-e1769785811784-1900x640.jpg",1900,640,true],"portfolio_item-thumbnail":["https:\/\/comando.rio.br\/mod\/wp-content\/uploads\/2026\/01\/shot0004-2-e1769785811784-600x400.jpg",600,400,true],"portfolio_item-thumbnail@2x":["https:\/\/comando.rio.br\/mod\/wp-content\/uploads\/2026\/01\/shot0004-2-e1769785811784-1200x733.jpg",1200,733,true],"portfolio_item-masonry":["https:\/\/comando.rio.br\/mod\/wp-content\/uploads\/2026\/01\/shot0004-2-e1769785811784-600x229.jpg",600,229,true],"portfolio_item-masonry@2x":["https:\/\/comando.rio.br\/mod\/wp-content\/uploads\/2026\/01\/shot0004-2-e1769785811784-1200x458.jpg",1200,458,true],"portfolio_item-thumbnail_cinema":["https:\/\/comando.rio.br\/mod\/wp-content\/uploads\/2026\/01\/shot0004-2-e1769785811784-800x335.jpg",800,335,true],"portfolio_item-thumbnail_portrait":["https:\/\/comando.rio.br\/mod\/wp-content\/uploads\/2026\/01\/shot0004-2-e1769785811784-600x733.jpg",600,733,true],"portfolio_item-thumbnail_portrait@2x":["https:\/\/comando.rio.br\/mod\/wp-content\/uploads\/2026\/01\/shot0004-2-e1769785811784-1200x733.jpg",1200,733,true],"portfolio_item-thumbnail_square":["https:\/\/comando.rio.br\/mod\/wp-content\/uploads\/2026\/01\/shot0004-2-e1769785811784-800x733.jpg",800,733,true]},"_links":{"self":[{"href":"https:\/\/comando.rio.br\/mod\/wp-json\/wp\/v2\/pages\/1340","targetHints":{"allow":["GET"]}}],"collection":[{"href":"https:\/\/comando.rio.br\/mod\/wp-json\/wp\/v2\/pages"}],"about":[{"href":"https:\/\/comando.rio.br\/mod\/wp-json\/wp\/v2\/types\/page"}],"author":[{"embeddable":true,"href":"https:\/\/comando.rio.br\/mod\/wp-json\/wp\/v2\/users\/1"}],"replies":[{"embeddable":true,"href":"https:\/\/comando.rio.br\/mod\/wp-json\/wp\/v2\/comments?post=1340"}],"version-history":[{"count":6,"href":"https:\/\/comando.rio.br\/mod\/wp-json\/wp\/v2\/pages\/1340\/revisions"}],"predecessor-version":[{"id":1400,"href":"https:\/\/comando.rio.br\/mod\/wp-json\/wp\/v2\/pages\/1340\/revisions\/1400"}],"wp:featuredmedia":[{"embeddable":true,"href":"https:\/\/comando.rio.br\/mod\/wp-json\/wp\/v2\/media\/1401"}],"wp:attachment":[{"href":"https:\/\/comando.rio.br\/mod\/wp-json\/wp\/v2\/media?parent=1340"}],"curies":[{"name":"wp","href":"https:\/\/api.w.org\/{rel}","templated":true}]}}