{"id":1342,"date":"2026-01-29T17:19:33","date_gmt":"2026-01-29T20:19:33","guid":{"rendered":"https:\/\/comando.rio.br\/mod\/?page_id=1342"},"modified":"2026-01-30T12:07:11","modified_gmt":"2026-01-30T15:07:11","slug":"coop","status":"publish","type":"page","link":"https:\/\/comando.rio.br\/mod\/coop\/","title":{"rendered":"Servidor Cooperativo"},"content":{"rendered":"\n<p>Possu\u00edmos um <strong>Servidor Cooperativo<\/strong> para at\u00e9 8 jogadores realizar <strong>Miss\u00f5es<\/strong> incr\u00edveis cooperativas, tanto pelo lado da <strong>Pol\u00edcia<\/strong> quanto pelo lado dos <strong>Bandidos<\/strong>.<\/p>\n\n\n\n<figure class=\"wp-block-embed is-type-video is-provider-youtube wp-block-embed-youtube wp-embed-aspect-16-9 wp-has-aspect-ratio\"><div class=\"wp-block-embed__wrapper\">\n<iframe loading=\"lazy\" title=\"Call of Duty Rio | Coop | Drogas em Piedade | www.BloodCulture.com.br\" width=\"950\" height=\"534\" src=\"https:\/\/www.youtube.com\/embed\/SSNVEZshhdQ?feature=oembed\" frameborder=\"0\" allow=\"accelerometer; autoplay; clipboard-write; encrypted-media; gyroscope; picture-in-picture; web-share\" referrerpolicy=\"strict-origin-when-cross-origin\" allowfullscreen><\/iframe>\n<\/div><\/figure>\n\n\n\n<p>O servidor \u00e9 autom\u00e1tico e come\u00e7a num n\u00edvel razoavelmente f\u00e1cil para veteranos, e a cada vit\u00f3ria vai se tornando mais e mais dif\u00edcil, assim como em cada derrota em vai diminuindo o n\u00edvel da dificuldade. Assim o servidor logo se adapta a qualidade e experi\u00eancia dos jogadores que est\u00e3o jogando, mantendo partidas super disputadas e desafiadoras, puxando todos a jogarem em seu limite em cada combate.<\/p>\n\n\n\n<p>Para ter acesso ao <strong>Servidor Cooperativo<\/strong> voc\u00ea precisa <strong><a href=\"https:\/\/comando.rio.br\/mod\/apoio\/\" data-type=\"page\" data-id=\"78\">Apoiar<\/a><\/strong> o projeto. Veja <strong><a href=\"https:\/\/comando.rio.br\/mod\/apoio\/\" data-type=\"page\" data-id=\"78\">aqui<\/a><\/strong> em como nos ajudar e conseguir o seu acesso e muito mais.<\/p>\n\n\n\n<p>Nesta <strong>Playlist<\/strong> mostra diversos jogos realizados em sequ\u00eancia entre jogadores do <strong>Blood Culture<\/strong> durante um <strong>Carnaval<\/strong> de 2025, que fez parte de diversas comemora\u00e7\u00f5es dos 20 anos do <strong>Blood Culture Multigaming<\/strong>.<\/p>\n\n\n\n<figure class=\"wp-block-embed is-type-video is-provider-youtube wp-block-embed-youtube wp-embed-aspect-16-9 wp-has-aspect-ratio\"><div class=\"wp-block-embed__wrapper\">\n<iframe loading=\"lazy\" title=\"Call of Duty Rio | Coop de Carnaval | Parte 1 | Rocinha | www.BloodCulture.com.br\" width=\"950\" height=\"534\" src=\"https:\/\/www.youtube.com\/embed\/BSEYHP5673g?list=PL2JjFubbG-qAjfLFPigpsL56D0uJp8qMQ\" frameborder=\"0\" allow=\"accelerometer; autoplay; clipboard-write; encrypted-media; gyroscope; picture-in-picture; web-share\" referrerpolicy=\"strict-origin-when-cross-origin\" allowfullscreen><\/iframe>\n<\/div><\/figure>\n\n\n\n<div style=\"height:100px\" aria-hidden=\"true\" class=\"wp-block-spacer\"><\/div>\n","protected":false},"excerpt":{"rendered":"<p>Possu\u00edmos um Servidor Cooperativo para at\u00e9 8 jogadores realizar Miss\u00f5es incr\u00edveis cooperativas, tanto pelo lado da Pol\u00edcia quanto pelo lado dos Bandidos. O servidor \u00e9 autom\u00e1tico e come\u00e7a num n\u00edvel razoavelmente f\u00e1cil para veteranos, e a cada vit\u00f3ria vai se tornando mais e mais dif\u00edcil, assim como em cada derrota em vai diminuindo o n\u00edvel &hellip; <\/p>\n<p class=\"link-more\"><a href=\"https:\/\/comando.rio.br\/mod\/coop\/\" class=\"more-link\">Leia mais<span class=\"screen-reader-text\"> &#8220;Servidor Cooperativo&#8221;<\/span><\/a><\/p>\n","protected":false},"author":1,"featured_media":1398,"parent":0,"menu_order":0,"comment_status":"closed","ping_status":"closed","template":"","meta":{"pagelayer_contact_templates":[],"_pagelayer_content":"","footnotes":""},"class_list":["post-1342","page","type-page","status-publish","has-post-thumbnail","hentry"],"featured_media_urls":{"thumbnail":["https:\/\/comando.rio.br\/mod\/wp-content\/uploads\/2026\/01\/shot0688-150x150.jpg",150,150,true],"medium":["https:\/\/comando.rio.br\/mod\/wp-content\/uploads\/2026\/01\/shot0688-300x169.jpg",300,169,true],"medium_large":["https:\/\/comando.rio.br\/mod\/wp-content\/uploads\/2026\/01\/shot0688.jpg",768,432,false],"large":["https:\/\/comando.rio.br\/mod\/wp-content\/uploads\/2026\/01\/shot0688-1024x576.jpg",950,534,true],"1536x1536":["https:\/\/comando.rio.br\/mod\/wp-content\/uploads\/2026\/01\/shot0688-1536x864.jpg",1536,864,true],"2048x2048":["https:\/\/comando.rio.br\/mod\/wp-content\/uploads\/2026\/01\/shot0688.jpg",1920,1080,false],"inspiro-featured-image":["https:\/\/comando.rio.br\/mod\/wp-content\/uploads\/2026\/01\/shot0688.jpg",1920,1080,false],"inspiro-loop":["https:\/\/comando.rio.br\/mod\/wp-content\/uploads\/2026\/01\/shot0688-950x320.jpg",950,320,true],"inspiro-loop@2x":["https:\/\/comando.rio.br\/mod\/wp-content\/uploads\/2026\/01\/shot0688-1900x640.jpg",1900,640,true],"portfolio_item-thumbnail":["https:\/\/comando.rio.br\/mod\/wp-content\/uploads\/2026\/01\/shot0688-600x400.jpg",600,400,true],"portfolio_item-thumbnail@2x":["https:\/\/comando.rio.br\/mod\/wp-content\/uploads\/2026\/01\/shot0688-1200x800.jpg",1200,800,true],"portfolio_item-masonry":["https:\/\/comando.rio.br\/mod\/wp-content\/uploads\/2026\/01\/shot0688-600x338.jpg",600,338,true],"portfolio_item-masonry@2x":["https:\/\/comando.rio.br\/mod\/wp-content\/uploads\/2026\/01\/shot0688-1200x675.jpg",1200,675,true],"portfolio_item-thumbnail_cinema":["https:\/\/comando.rio.br\/mod\/wp-content\/uploads\/2026\/01\/shot0688-800x335.jpg",800,335,true],"portfolio_item-thumbnail_portrait":["https:\/\/comando.rio.br\/mod\/wp-content\/uploads\/2026\/01\/shot0688-600x900.jpg",600,900,true],"portfolio_item-thumbnail_portrait@2x":["https:\/\/comando.rio.br\/mod\/wp-content\/uploads\/2026\/01\/shot0688-1200x1080.jpg",1200,1080,true],"portfolio_item-thumbnail_square":["https:\/\/comando.rio.br\/mod\/wp-content\/uploads\/2026\/01\/shot0688-800x800.jpg",800,800,true]},"_links":{"self":[{"href":"https:\/\/comando.rio.br\/mod\/wp-json\/wp\/v2\/pages\/1342","targetHints":{"allow":["GET"]}}],"collection":[{"href":"https:\/\/comando.rio.br\/mod\/wp-json\/wp\/v2\/pages"}],"about":[{"href":"https:\/\/comando.rio.br\/mod\/wp-json\/wp\/v2\/types\/page"}],"author":[{"embeddable":true,"href":"https:\/\/comando.rio.br\/mod\/wp-json\/wp\/v2\/users\/1"}],"replies":[{"embeddable":true,"href":"https:\/\/comando.rio.br\/mod\/wp-json\/wp\/v2\/comments?post=1342"}],"version-history":[{"count":2,"href":"https:\/\/comando.rio.br\/mod\/wp-json\/wp\/v2\/pages\/1342\/revisions"}],"predecessor-version":[{"id":1399,"href":"https:\/\/comando.rio.br\/mod\/wp-json\/wp\/v2\/pages\/1342\/revisions\/1399"}],"wp:featuredmedia":[{"embeddable":true,"href":"https:\/\/comando.rio.br\/mod\/wp-json\/wp\/v2\/media\/1398"}],"wp:attachment":[{"href":"https:\/\/comando.rio.br\/mod\/wp-json\/wp\/v2\/media?parent=1342"}],"curies":[{"name":"wp","href":"https:\/\/api.w.org\/{rel}","templated":true}]}}