{"id":386,"date":"2026-01-18T13:18:38","date_gmt":"2026-01-18T16:18:38","guid":{"rendered":"https:\/\/comando.rio.br\/mod\/?page_id=386"},"modified":"2026-01-26T00:20:18","modified_gmt":"2026-01-26T03:20:18","slug":"historia","status":"publish","type":"page","link":"https:\/\/comando.rio.br\/mod\/historia\/","title":{"rendered":"Hist\u00f3ria"},"content":{"rendered":"\n<p>Tudo come\u00e7ou em&nbsp;<strong>2007<\/strong>&nbsp;ap\u00f3s estar empolgado com o filme&nbsp;<strong>Tropa de Elite<\/strong>&nbsp;e tamb\u00e9m jogando muito&nbsp;<strong>GRAW<\/strong>&nbsp;(Ghost Recon Advanced Warfighter) em&nbsp;<strong>COOP<\/strong>&nbsp;com amigos em LAN e online com a galera do&nbsp;<strong>Blood Culture<\/strong>. <\/p>\n\n\n\n<figure class=\"wp-block-embed is-type-video is-provider-youtube wp-block-embed-youtube wp-embed-aspect-16-9 wp-has-aspect-ratio\"><div class=\"wp-block-embed__wrapper\">\n<iframe loading=\"lazy\" title=\"ELITE SQUAD - Official Trailer - Directed by Jos\u00e9 Padilha\" width=\"950\" height=\"534\" src=\"https:\/\/www.youtube.com\/embed\/cb-rUfBTQ1g?feature=oembed\" frameborder=\"0\" allow=\"accelerometer; autoplay; clipboard-write; encrypted-media; gyroscope; picture-in-picture; web-share\" referrerpolicy=\"strict-origin-when-cross-origin\" allowfullscreen><\/iframe>\n<\/div><\/figure>\n\n\n\n<p>Ent\u00e3o comecei a estudar como poderia de uma certa forma <em>&#8220;abrasileirar&#8221;<\/em> este incr\u00edvel jogo como fazia com os jogos de futebol nas d\u00e9cadas de 80 e 90, o convertendo especificamente para realidade do Rio, onde os&nbsp;<strong>Ghosts<\/strong>&nbsp;seriam agora soldados do&nbsp;<strong>BOPE<\/strong>.<\/p>\n\n\n\n<div class=\"wp-block-columns is-layout-flex wp-container-core-columns-is-layout-c375d253 wp-block-columns-is-layout-flex\">\n<div class=\"wp-block-column is-vertically-aligned-center is-layout-flow wp-block-column-is-layout-flow\">\n<p>Mas no final de 2007 foi lan\u00e7ado o jogo&nbsp;<strong>Call of Duty 4 : Modern Warfare<\/strong>, que foi um divisor de \u00e1guas no mundo FPS, e acabou sendo o jogo FPS mais jogado no planeta at\u00e9 os dias de hoje.<\/p>\n\n\n\n<p>Com ele nasceu o&nbsp;<strong>Frontlines<\/strong>&nbsp;que com o sucesso repentino se tornou meu maior projeto de jogos at\u00e9 hoje, o qual me dediquei por mais de uma d\u00e9cada.<\/p>\n\n\n\n<p>Com isso jamais dei continuidade ao projeto do&nbsp;<strong>BOPE<\/strong>&nbsp;para o&nbsp;<strong>GRAW<\/strong>&nbsp;por quest\u00f5es simplesmente de tempo e p\u00fablico, pois o&nbsp;<strong>GRAW<\/strong>&nbsp;nem tinha 1% do n\u00famero de players que o&nbsp;<strong>COD4<\/strong>&nbsp;em seu auge.<\/p>\n<\/div>\n\n\n\n<div class=\"wp-block-column is-layout-flow wp-block-column-is-layout-flow\">\n<figure class=\"wp-block-image size-full has-custom-border\"><img loading=\"lazy\" decoding=\"async\" width=\"600\" height=\"371\" src=\"https:\/\/comando.rio.br\/mod\/wp-content\/uploads\/2026\/01\/graw.jpg\" alt=\"\" class=\"wp-image-391\" style=\"border-top-left-radius:15px;border-top-right-radius:15px;border-bottom-left-radius:15px;border-bottom-right-radius:15px\" srcset=\"https:\/\/comando.rio.br\/mod\/wp-content\/uploads\/2026\/01\/graw.jpg 600w, https:\/\/comando.rio.br\/mod\/wp-content\/uploads\/2026\/01\/graw-300x186.jpg 300w\" sizes=\"auto, (max-width: 600px) 100vw, 600px\" \/><\/figure>\n<\/div>\n<\/div>\n\n\n\n<div class=\"wp-block-columns are-vertically-aligned-center is-layout-flex wp-container-core-columns-is-layout-c375d253 wp-block-columns-is-layout-flex\">\n<div class=\"wp-block-column is-vertically-aligned-center is-layout-flow wp-block-column-is-layout-flow\">\n<figure class=\"wp-block-image size-large has-custom-border is-style-default\" style=\"margin-top:0;margin-bottom:0\"><img loading=\"lazy\" decoding=\"async\" width=\"1024\" height=\"640\" src=\"https:\/\/comando.rio.br\/mod\/wp-content\/uploads\/2026\/01\/GameSpy-1024x640.jpg\" alt=\"\" class=\"wp-image-394\" style=\"border-style:none;border-width:0px;border-top-left-radius:15px;border-top-right-radius:15px;border-bottom-left-radius:15px;border-bottom-right-radius:15px\" srcset=\"https:\/\/comando.rio.br\/mod\/wp-content\/uploads\/2026\/01\/GameSpy-1024x640.jpg 1024w, https:\/\/comando.rio.br\/mod\/wp-content\/uploads\/2026\/01\/GameSpy-300x188.jpg 300w, https:\/\/comando.rio.br\/mod\/wp-content\/uploads\/2026\/01\/GameSpy-2000x1250.jpg 2000w\" sizes=\"auto, (max-width: 1024px) 100vw, 1024px\" \/><\/figure>\n<\/div>\n\n\n\n<div class=\"wp-block-column is-vertically-aligned-center is-layout-flow wp-block-column-is-layout-flow\">\n<p>Anos depois resolvi reativar este projeto, mas alguns meses depois soube que a&nbsp;<strong>GameSpy<\/strong>&nbsp;iria fechar em breve, e com isso todo o sistema multiplayer de diversos jogos seriam interrompidos para sempre, incluindo infelizmente o do&nbsp;<strong>GRAW.<\/strong><\/p>\n\n\n\n<p>Isso tornaria meu projeto que era bem grande, limitado para apenas satisfazer a mim, fam\u00edlia e amigos que costumavam jogar em <strong>LAN<\/strong> l\u00e1 em casa, e como n\u00e3o jog\u00e1vamos mais com a mesma frequ\u00eancia h\u00e1 muito tempo desde que virei papai, seria muito trabalho para t\u00e3o pouco tempo de divers\u00e3o.&nbsp;Ele precisava ser online para ser vi\u00e1vel.<\/p>\n\n\n\n<p><strong>GameSpy<\/strong>&nbsp;fechou em definitivo em Fevereiro de 2013.<\/p>\n\n\n\n<div class=\"wp-block-buttons is-layout-flex wp-block-buttons-is-layout-flex\"><\/div>\n<\/div>\n<\/div>\n\n\n\n<p id=\"inspiro-is-a-digital-product-agency-that-focuses-on-strategy-and-design\">Obviamente passou diversas vezes na minha cabe\u00e7a em fazer isso tamb\u00e9m no&nbsp;<strong>Call of Duty<\/strong>, mas sempre esbarrava numa limita\u00e7\u00e3o de objetos da engine do jogo, que permite apenas adicionar pouqu\u00edssimos objetos novos, e se passamos deste limite crashes acontecer\u00e3o com frequ\u00eancia, e diversos mapas famosos simplesmente n\u00e3o funcionar\u00e3o mais.<\/p>\n\n\n\n<p id=\"inspiro-is-a-digital-product-agency-that-focuses-on-strategy-and-design\">Tamb\u00e9m participei da equipe que desenvolveu o tamb\u00e9m famoso e premiado mod <strong><a href=\"https:\/\/www.moddb.com\/mods\/star-wars-mod-galactic-warfare\" target=\"_blank\" rel=\"noreferrer noopener\">Galactic Warfare<\/a><\/strong>, tamb\u00e9m para o COD4, e l\u00e1 tivemos o mesmo problema de limite de objetos. L\u00e1 a solu\u00e7\u00e3o foi fazer mapas com menos objetos, de forma que somados aos novos objetos do <strong>Star Wars<\/strong>, a engine n\u00e3o daria crash. Mas esta mesma solu\u00e7\u00e3o seria invi\u00e1vel para mim, pois eu pretendia criar muita coisa nova, e n\u00e3o apenas trocar os modelos, mas sim um jogo totalmente novo como acabou de fato sendo o <strong>Call of Duty Rio<\/strong>.<\/p>\n\n\n\n<p>Desde 2013 estava desenvolvendo um novo&nbsp;<strong>Frontlines<\/strong>, com um core ainda mais modificado que hoje pouco se assemelha com o original de 2007, e com isso consegui abrir espa\u00e7os onde n\u00e3o existiam para poder trabalhar, e paralelamente estudando como de fato realizar este velho projeto.<\/p>\n\n\n\n<figure class=\"wp-block-image size-full has-custom-border\"><a href=\"https:\/\/comando.rio.br\/mod\/wp-content\/uploads\/2026\/01\/Rio_PrimeiroMenu.png\" target=\"_blank\" rel=\" noreferrer noopener\"><img loading=\"lazy\" decoding=\"async\" width=\"1920\" height=\"1080\" src=\"https:\/\/comando.rio.br\/mod\/wp-content\/uploads\/2026\/01\/Rio_PrimeiroMenu.png\" alt=\"\" class=\"wp-image-392\" style=\"border-radius:12px\" srcset=\"https:\/\/comando.rio.br\/mod\/wp-content\/uploads\/2026\/01\/Rio_PrimeiroMenu.png 1920w, https:\/\/comando.rio.br\/mod\/wp-content\/uploads\/2026\/01\/Rio_PrimeiroMenu-300x169.png 300w, https:\/\/comando.rio.br\/mod\/wp-content\/uploads\/2026\/01\/Rio_PrimeiroMenu-1024x576.png 1024w\" sizes=\"auto, (max-width: 1920px) 100vw, 1920px\" \/><\/a><\/figure>\n\n\n\n<p>Em 2014 consegui aumentar consideravelmente o n\u00famero de modelos dispon\u00edvel, assim burlando o limite da engine e evitando os crashes. Desde ent\u00e3o iniciei os trabalhos no&nbsp;<strong>Call of Duty Rio<\/strong>&nbsp;que seria a vers\u00e3o&nbsp;<strong>Carioca<\/strong>&nbsp;da guerra retratada no&nbsp;<strong>Frontlines<\/strong>. Com o mesmo realismo e veracidade, mas desta vez baseado no&nbsp;<strong>Rio de Janeiro<\/strong>, contando com&nbsp;praticamente todas as for\u00e7as policiais brasileiras,&nbsp;lutando contra as maiores fac\u00e7\u00f5es criminosas e mil\u00edcias do&nbsp;<strong>Rio<\/strong>.<\/p>\n\n\n\n<figure class=\"wp-block-embed is-type-video is-provider-youtube wp-block-embed-youtube wp-embed-aspect-16-9 wp-has-aspect-ratio\"><div class=\"wp-block-embed__wrapper\">\n<iframe loading=\"lazy\" title=\"Call of Duty Rio | FPS Gr\u00e1tis Brasileiro | Trailer 2023 | #callofdutyrio #callofduty #gratis #fps\" width=\"950\" height=\"534\" src=\"https:\/\/www.youtube.com\/embed\/cfL_4qt3RWs?feature=oembed\" frameborder=\"0\" allow=\"accelerometer; autoplay; clipboard-write; encrypted-media; gyroscope; picture-in-picture; web-share\" referrerpolicy=\"strict-origin-when-cross-origin\" allowfullscreen><\/iframe>\n<\/div><\/figure>\n\n\n\n<p>Depois de mais de 8 anos online de sucesso com um feedback extremamente positivo dos jogadores o&nbsp;<strong>Call of Duty Rio<\/strong>&nbsp;alcan\u00e7ou n\u00fameros incr\u00edveis, como mais de 50 mapas online, sendo alguns deles os maiores da hist\u00f3ria multiplayer do pr\u00f3prio&nbsp;<strong>Call of Duty<\/strong>, 68 armas, 32 gametypes entre diversas outras inova\u00e7\u00f5es, como o primeiro e \u00fanico <strong>Call of Duty<\/strong> at\u00e9 hoje lan\u00e7ado com <strong>Chuva Din\u00e2mica<\/strong>, mesmo numa Engine est\u00e1tica de 2007.<\/p>\n\n\n\n<p>Ao apresentar o projeto para o <strong><a href=\"https:\/\/www.linkedin.com\/in\/marcelotavaresbgs\/\" target=\"_blank\" rel=\"noreferrer noopener\">Marcelo Tavares<\/a><\/strong>, dono e CEO da <strong><a href=\"https:\/\/www.brasilgameshow.com.br\/\" target=\"_blank\" rel=\"noreferrer noopener\">Brasil Game Show<\/a><\/strong> (BGS), a maior feira de jogos da Am\u00e9rica Latina, ele quis apresent\u00e1-lo na feira, pois sabia que seria um enorme sucesso. Mas infelizmente a <strong>Activision<\/strong> barrou a participa\u00e7\u00e3o, atrav\u00e9s de amea\u00e7as pesadas caso o <strong>Call of Duty Rio<\/strong> participasse, uma delas era nunca mais participarem das futuras <strong>BGS<\/strong>. Marcelo n\u00e3o teve outra op\u00e7\u00e3o a n\u00e3o ser ceder.<\/p>\n\n\n\n<p>Ap\u00f3s os jogadores ficarem sabendo desta sabotagem e que eu iria para na <strong><a href=\"https:\/\/www.brasilgameshow.com.br\/\" target=\"_blank\" rel=\"noreferrer noopener\">Brasil Game Show<\/a><\/strong> (BGS) de 2022 mesmo assim, para tentar divulgar sozinho o <strong>Call of Duty Rio<\/strong>, um grupo grande de jogadores de diversas partes do Brasil, arcaram com seus pr\u00f3prios custos, para comprar camisas do <strong>Call of Duty Rio<\/strong>, viajar para S\u00e3o Paulo, comprar ingressos (caros) para <strong>BGS<\/strong>, para ent\u00e3o me ajudar na promo\u00e7\u00e3o durante dois dias. Isso foi incr\u00edvel!<\/p>\n\n\n\n<p>Ainda rolou at\u00e9 um desafio que todos jogadores iriam no stand da <strong>Activision<\/strong> tirar selfies com a camisa do <strong>Call of Duty Rio<\/strong> e distribuir os cart\u00f5es do jogo nas imedia\u00e7\u00f5es, o que seria muito engra\u00e7ado. <\/p>\n\n\n\n<figure class=\"wp-block-embed is-type-video is-provider-youtube wp-block-embed-youtube wp-embed-aspect-16-9 wp-has-aspect-ratio\"><div class=\"wp-block-embed__wrapper\">\n<iframe loading=\"lazy\" title=\"Entrevista sobre o Call of Duty Rio na Brasil Game Show 2022  #bgs2022  #callofdutyrio\" width=\"950\" height=\"534\" src=\"https:\/\/www.youtube.com\/embed\/kv_YjewWgc4?feature=oembed\" frameborder=\"0\" allow=\"accelerometer; autoplay; clipboard-write; encrypted-media; gyroscope; picture-in-picture; web-share\" referrerpolicy=\"strict-origin-when-cross-origin\" allowfullscreen><\/iframe>\n<\/div><\/figure>\n\n\n\n<p>A <strong>Activision<\/strong> em retalia\u00e7\u00e3o da <strong>BGS<\/strong> ter insistido em apresenta-lo pois era um projeto licenciado e 100% legal, cancelou sua participa\u00e7\u00e3o literalmente na \u00faltima hora, deixando uma \u00e1rea grande que estava reservada para eles sem nenhum expositor nas v\u00e9speras do evento, botando a <strong>BGS<\/strong> em dificuldade para preencher em cima da hora. Desde ent\u00e3o a <strong>Activision<\/strong> nunca mais voltou a <strong>BGS<\/strong>. Essa foi apenas uma das in\u00fameras sabotagens pesadas que a <strong>Activision<\/strong> fez para tentar abafar o sucesso do <strong>Call of Duty Rio<\/strong>. <\/p>\n\n\n\n<p>Mesmo assim, fui convidado para diversas entrevistas e podcasts no Brasil, incluindo canais gigantes como o <strong><a href=\"https:\/\/www.youtube.com\/@AchismosTV\" target=\"_blank\" rel=\"noreferrer noopener\">Achismos<\/a><\/strong>, com mais de cinco milh\u00f5es de inscritos, e o <strong>SBT Games<\/strong>, canal de games do <strong><a href=\"https:\/\/www.sbt.com.br\/\" target=\"_blank\" rel=\"noreferrer noopener\">SBT<\/a><\/strong>, uma das maiores e conceituadas TVs brasileiras. Al\u00e9m de diversos canais menores mas mais especializados, como minha hist\u00f3rica participa\u00e7\u00e3o no <strong><a href=\"https:\/\/www.youtube.com\/watch?v=O31dEUywplM\" target=\"_blank\" rel=\"noreferrer noopener\">Call of Cast<\/a><\/strong>. Viramos assunto em diversos podcasts de jogos, e tivemos uma ajuda especial do <strong><a href=\"https:\/\/www.youtube.com\/@FelipeBrasilGame\" target=\"_blank\" rel=\"noreferrer noopener\">FelipeBrasilGame<\/a><\/strong> que acreditou no projeto desde que o apresentei a vers\u00e3o <strong>Alpha<\/strong> (fechada), e fez diversos v\u00eddeos incr\u00edveis cobrindo o desenvolvimento do projeto.<\/p>\n\n\n\n<figure class=\"wp-block-embed is-type-video is-provider-youtube wp-block-embed-youtube wp-embed-aspect-16-9 wp-has-aspect-ratio\"><div class=\"wp-block-embed__wrapper\">\n<iframe loading=\"lazy\" title=\"Call of Duty Rio | Call of Cast com  FelipeBrasilGame e Fasty\" width=\"950\" height=\"534\" src=\"https:\/\/www.youtube.com\/embed\/ZhFLLorpcCw?feature=oembed\" frameborder=\"0\" allow=\"accelerometer; autoplay; clipboard-write; encrypted-media; gyroscope; picture-in-picture; web-share\" referrerpolicy=\"strict-origin-when-cross-origin\" allowfullscreen><\/iframe>\n<\/div><\/figure>\n\n\n\n<p><strong>Call of Duty Rio<\/strong> tamb\u00e9m conseguiu a proeza de vencer por dois anos seguidos em 2021 e 2022 como o&nbsp;<strong>Melhor mod de Call of Duty do Mundo<\/strong>&nbsp;pelo conceituado&nbsp;<a href=\"https:\/\/www.moddb.com\/mods\/call-of-duty-rio\" target=\"_blank\" rel=\"noreferrer noopener\"><strong>ModDB<\/strong><\/a>, mesmo sendo totalmente em portugu\u00eas, focado no p\u00fablico brasileiro e ainda com servidores apenas localizados no <strong>Rio<\/strong>.<\/p>\n\n\n\n<div class=\"wp-block-group is-content-justification-center is-nowrap is-layout-flex wp-container-core-group-is-layout-23441af8 wp-block-group-is-layout-flex\">\n<figure class=\"wp-block-image size-full is-resized has-custom-border\"><img decoding=\"async\" src=\"https:\/\/hajas.org\/wp\/wp-content\/uploads\/2019\/02\/moty2021.png\" alt=\"\" class=\"wp-image-717\" style=\"border-radius:11px;width:408px;height:auto\"\/><\/figure>\n\n\n\n<figure class=\"wp-block-image size-full is-resized has-custom-border\"><img decoding=\"async\" src=\"https:\/\/hajas.org\/wp\/wp-content\/uploads\/2019\/02\/moty2022.png\" alt=\"\" class=\"wp-image-718\" style=\"border-radius:11px;width:341px;height:auto\"\/><\/figure>\n<\/div>\n\n\n\n<p>Para completar, <strong>Call of Duty Rio<\/strong> atingiu a maior nota da hist\u00f3ria do <strong>ModDB<\/strong>, durante 22 anos nenhum mod de <strong>Call of Duty<\/strong> alcan\u00e7ou tal feito. Assim comprovando a felicidade e aprova\u00e7\u00e3o dos jogadores quanto a qualidade do trabalho. <\/p>\n\n\n\n<div class=\"wp-block-group is-content-justification-center is-nowrap is-layout-flex wp-container-core-group-is-layout-23441af8 wp-block-group-is-layout-flex\">\n<figure class=\"wp-block-image size-full is-resized has-custom-border\"><img decoding=\"async\" src=\"https:\/\/hajas.org\/wp\/wp-content\/uploads\/2019\/02\/award21_22COD.png\" alt=\"\" class=\"wp-image-710\" style=\"border-radius:11px;width:280px\"\/><\/figure>\n\n\n\n<figure class=\"wp-block-image size-full is-resized has-custom-border\"><img decoding=\"async\" src=\"https:\/\/hajas.org\/wp\/wp-content\/uploads\/2019\/02\/award21_22COD4.png\" alt=\"\" class=\"wp-image-712\" style=\"border-radius:11px;width:280px\"\/><\/figure>\n\n\n\n<figure class=\"wp-block-image size-full is-resized\"><img decoding=\"async\" src=\"https:\/\/hajas.org\/wp\/wp-content\/uploads\/2019\/02\/award21_22LA.png\" alt=\"\" class=\"wp-image-713\" style=\"width:280px\"\/><\/figure>\n\n\n\n<figure class=\"wp-block-image size-full is-resized\"><img decoding=\"async\" src=\"https:\/\/hajas.org\/wp\/wp-content\/uploads\/2019\/02\/award21_22BR.png\" alt=\"\" class=\"wp-image-714\" style=\"width:280px\"\/><\/figure>\n\n\n\n<p><\/p>\n<\/div>\n\n\n\n<h2 class=\"wp-block-heading has-text-align-center has-large-font-size\" id=\"inspiro-is-a-digital-product-agency-that-focuses-on-strategy-and-design\" style=\"font-style:normal;font-weight:100\"><em>&#8220;\u00c9 justamente a possibilidade de realizar um sonho que torna a vida interessante&#8221;.<\/em><\/h2>\n\n\n\n<div style=\"height:100px\" aria-hidden=\"true\" class=\"wp-block-spacer\"><\/div>\n","protected":false},"excerpt":{"rendered":"<p>Tudo come\u00e7ou em&nbsp;2007&nbsp;ap\u00f3s estar empolgado com o filme&nbsp;Tropa de Elite&nbsp;e tamb\u00e9m jogando muito&nbsp;GRAW&nbsp;(Ghost Recon Advanced Warfighter) em&nbsp;COOP&nbsp;com amigos em LAN e online com a galera do&nbsp;Blood Culture. Ent\u00e3o comecei a estudar como poderia de uma certa forma &#8220;abrasileirar&#8221; este incr\u00edvel jogo como fazia com os jogos de futebol nas d\u00e9cadas de 80 e 90, o &hellip; <\/p>\n<p class=\"link-more\"><a href=\"https:\/\/comando.rio.br\/mod\/historia\/\" class=\"more-link\">Leia mais<span class=\"screen-reader-text\"> &#8220;Hist\u00f3ria&#8221;<\/span><\/a><\/p>\n","protected":false},"author":1,"featured_media":744,"parent":0,"menu_order":0,"comment_status":"closed","ping_status":"closed","template":"","meta":{"pagelayer_contact_templates":[],"_pagelayer_content":"","footnotes":""},"class_list":["post-386","page","type-page","status-publish","has-post-thumbnail","hentry"],"featured_media_urls":{"thumbnail":["https:\/\/comando.rio.br\/mod\/wp-content\/uploads\/2026\/01\/codrio269-e1769287426939-150x150.jpg",150,150,true],"medium":["https:\/\/comando.rio.br\/mod\/wp-content\/uploads\/2026\/01\/codrio269-e1769287426939-300x81.jpg",300,81,true],"medium_large":["https:\/\/comando.rio.br\/mod\/wp-content\/uploads\/2026\/01\/codrio269-e1769287426939-768x207.jpg",768,207,true],"large":["https:\/\/comando.rio.br\/mod\/wp-content\/uploads\/2026\/01\/codrio269-e1769287426939-1024x276.jpg",950,256,true],"1536x1536":["https:\/\/comando.rio.br\/mod\/wp-content\/uploads\/2026\/01\/codrio269-e1769287426939-1536x414.jpg",1536,414,true],"2048x2048":["https:\/\/comando.rio.br\/mod\/wp-content\/uploads\/2026\/01\/codrio269-e1769287426939.jpg",1920,518,false],"inspiro-featured-image":["https:\/\/comando.rio.br\/mod\/wp-content\/uploads\/2026\/01\/codrio269-e1769287426939.jpg",1920,518,false],"inspiro-loop":["https:\/\/comando.rio.br\/mod\/wp-content\/uploads\/2026\/01\/codrio269-e1769287426939-950x320.jpg",950,320,true],"inspiro-loop@2x":["https:\/\/comando.rio.br\/mod\/wp-content\/uploads\/2026\/01\/codrio269-e1769287426939-1900x518.jpg",1900,518,true],"portfolio_item-thumbnail":["https:\/\/comando.rio.br\/mod\/wp-content\/uploads\/2026\/01\/codrio269-e1769287426939-600x400.jpg",600,400,true],"portfolio_item-thumbnail@2x":["https:\/\/comando.rio.br\/mod\/wp-content\/uploads\/2026\/01\/codrio269-e1769287426939-1200x518.jpg",1200,518,true],"portfolio_item-masonry":["https:\/\/comando.rio.br\/mod\/wp-content\/uploads\/2026\/01\/codrio269-e1769287426939-600x162.jpg",600,162,true],"portfolio_item-masonry@2x":["https:\/\/comando.rio.br\/mod\/wp-content\/uploads\/2026\/01\/codrio269-e1769287426939-1200x324.jpg",1200,324,true],"portfolio_item-thumbnail_cinema":["https:\/\/comando.rio.br\/mod\/wp-content\/uploads\/2026\/01\/codrio269-e1769287426939-800x335.jpg",800,335,true],"portfolio_item-thumbnail_portrait":["https:\/\/comando.rio.br\/mod\/wp-content\/uploads\/2026\/01\/codrio269-e1769287426939-600x518.jpg",600,518,true],"portfolio_item-thumbnail_portrait@2x":["https:\/\/comando.rio.br\/mod\/wp-content\/uploads\/2026\/01\/codrio269-e1769287426939-1200x518.jpg",1200,518,true],"portfolio_item-thumbnail_square":["https:\/\/comando.rio.br\/mod\/wp-content\/uploads\/2026\/01\/codrio269-e1769287426939-800x518.jpg",800,518,true]},"_links":{"self":[{"href":"https:\/\/comando.rio.br\/mod\/wp-json\/wp\/v2\/pages\/386","targetHints":{"allow":["GET"]}}],"collection":[{"href":"https:\/\/comando.rio.br\/mod\/wp-json\/wp\/v2\/pages"}],"about":[{"href":"https:\/\/comando.rio.br\/mod\/wp-json\/wp\/v2\/types\/page"}],"author":[{"embeddable":true,"href":"https:\/\/comando.rio.br\/mod\/wp-json\/wp\/v2\/users\/1"}],"replies":[{"embeddable":true,"href":"https:\/\/comando.rio.br\/mod\/wp-json\/wp\/v2\/comments?post=386"}],"version-history":[{"count":20,"href":"https:\/\/comando.rio.br\/mod\/wp-json\/wp\/v2\/pages\/386\/revisions"}],"predecessor-version":[{"id":801,"href":"https:\/\/comando.rio.br\/mod\/wp-json\/wp\/v2\/pages\/386\/revisions\/801"}],"wp:featuredmedia":[{"embeddable":true,"href":"https:\/\/comando.rio.br\/mod\/wp-json\/wp\/v2\/media\/744"}],"wp:attachment":[{"href":"https:\/\/comando.rio.br\/mod\/wp-json\/wp\/v2\/media?parent=386"}],"curies":[{"name":"wp","href":"https:\/\/api.w.org\/{rel}","templated":true}]}}