{"id":503,"date":"2026-01-20T23:31:04","date_gmt":"2026-01-21T02:31:04","guid":{"rendered":"https:\/\/comando.rio.br\/mod\/?page_id=503"},"modified":"2026-05-03T11:17:25","modified_gmt":"2026-05-03T14:17:25","slug":"jogadores","status":"publish","type":"page","link":"https:\/\/comando.rio.br\/mod\/jogadores\/","title":{"rendered":"Anualmente"},"content":{"rendered":"\n<h2 class=\"wp-block-heading has-large-font-size\" id=\"inspiro-is-a-digital-product-agency-that-focuses-on-strategy-and-design\" style=\"font-style:normal;font-weight:100\"><em>&#8220;<strong>Todos ser\u00e3o Caveira um dia, poucos em vida<\/strong>&#8230;&#8221;<\/em><\/h2>\n\n\n\n<p>Gostaria de Colaborar para voltar a ter acesso&nbsp;<strong>TOTAL<\/strong>&nbsp;aos nossos&nbsp;<strong>Servidores<\/strong>?<\/p>\n\n\n\n<p>Voc\u00ea ent\u00e3o precisa colaborar para ajudar a mant\u00ea-los online, quais os custos s\u00e3o altos para manter esta nossa qualidade.<\/p>\n\n\n\n<h3 class=\"wp-block-heading\">A grande maioria dos apoiadores colaboram anualmente, onde pagam menos e todos recebemos mais.<\/h3>\n\n\n\n<div style=\"height:19px\" aria-hidden=\"true\" class=\"wp-block-spacer\"><\/div>\n\n\n\n<div class=\"wp-block-columns alignwide is-layout-flex wp-container-core-columns-is-layout-28f84493 wp-block-columns-is-layout-flex\">\n<div class=\"wp-block-column is-layout-flow wp-block-column-is-layout-flow\">\n<figure class=\"wp-block-image size-full has-custom-border\"><img loading=\"lazy\" decoding=\"async\" width=\"640\" height=\"640\" src=\"https:\/\/comando.rio.br\/mod\/wp-content\/uploads\/2026\/01\/1_ComandoRio_Ouro2.jpg\" alt=\"\" class=\"wp-image-607\" style=\"border-top-left-radius:11px;border-top-right-radius:11px;border-bottom-left-radius:11px;border-bottom-right-radius:11px\" srcset=\"https:\/\/comando.rio.br\/mod\/wp-content\/uploads\/2026\/01\/1_ComandoRio_Ouro2.jpg 640w, https:\/\/comando.rio.br\/mod\/wp-content\/uploads\/2026\/01\/1_ComandoRio_Ouro2-300x300.jpg 300w, https:\/\/comando.rio.br\/mod\/wp-content\/uploads\/2026\/01\/1_ComandoRio_Ouro2-150x150.jpg 150w\" sizes=\"auto, (max-width: 640px) 100vw, 640px\" \/><\/figure>\n\n\n\n<h2 class=\"wp-block-heading has-large-font-size\">Perk Ouro Anual<\/h2>\n\n\n\n<ul class=\"wp-block-list\">\n<li>Prioridade M\u00e1xima nos Servidores<\/li>\n\n\n\n<li>Double XP em Todos os Servidores<\/li>\n\n\n\n<li>Acesso ao Servidor COOP<\/li>\n\n\n\n<li>Call of Duty Rio (Multiplayer)<\/li>\n\n\n\n<li>Call of Duty Rio Frontlines<\/li>\n\n\n\n<li>Call of Duty Star Wars<\/li>\n\n\n\n<li>Grupo WhatsApp Exclusivo<\/li>\n<\/ul>\n<\/div>\n\n\n\n<div class=\"wp-block-column is-layout-flow wp-block-column-is-layout-flow\">\n<figure class=\"wp-block-image size-full has-custom-border\"><img loading=\"lazy\" decoding=\"async\" width=\"640\" height=\"640\" src=\"https:\/\/comando.rio.br\/mod\/wp-content\/uploads\/2026\/01\/2_ComandoRio_Prata.jpg\" alt=\"\" class=\"wp-image-510\" style=\"border-top-left-radius:11px;border-top-right-radius:11px;border-bottom-left-radius:11px;border-bottom-right-radius:11px\" srcset=\"https:\/\/comando.rio.br\/mod\/wp-content\/uploads\/2026\/01\/2_ComandoRio_Prata.jpg 640w, https:\/\/comando.rio.br\/mod\/wp-content\/uploads\/2026\/01\/2_ComandoRio_Prata-300x300.jpg 300w, https:\/\/comando.rio.br\/mod\/wp-content\/uploads\/2026\/01\/2_ComandoRio_Prata-150x150.jpg 150w\" sizes=\"auto, (max-width: 640px) 100vw, 640px\" \/><\/figure>\n\n\n\n<h2 class=\"wp-block-heading has-large-font-size\">Perk Prata Anual<\/h2>\n\n\n\n<ul class=\"wp-block-list\">\n<li>Prioridade 2 nos Servidores<\/li>\n\n\n\n<li>Bonus XP em Todos os Servidores<\/li>\n\n\n\n<li>Acesso ao Servidor COOP<\/li>\n\n\n\n<li>Call of Duty Rio (Multiplayer)<\/li>\n\n\n\n<li>Call of Duty Rio Frontlines<\/li>\n\n\n\n<li>Call of Duty Star Wars<\/li>\n\n\n\n<li>Grupo WhatsApp Exclusivo<\/li>\n<\/ul>\n<\/div>\n\n\n\n<div class=\"wp-block-column is-layout-flow wp-block-column-is-layout-flow\">\n<figure class=\"wp-block-image size-full has-custom-border\"><img loading=\"lazy\" decoding=\"async\" width=\"640\" height=\"640\" src=\"https:\/\/comando.rio.br\/mod\/wp-content\/uploads\/2026\/01\/3_ComandoRio_Bronze.jpg\" alt=\"\" class=\"wp-image-511\" style=\"border-top-left-radius:11px;border-top-right-radius:11px;border-bottom-left-radius:11px;border-bottom-right-radius:11px\" srcset=\"https:\/\/comando.rio.br\/mod\/wp-content\/uploads\/2026\/01\/3_ComandoRio_Bronze.jpg 640w, https:\/\/comando.rio.br\/mod\/wp-content\/uploads\/2026\/01\/3_ComandoRio_Bronze-300x300.jpg 300w, https:\/\/comando.rio.br\/mod\/wp-content\/uploads\/2026\/01\/3_ComandoRio_Bronze-150x150.jpg 150w\" sizes=\"auto, (max-width: 640px) 100vw, 640px\" \/><\/figure>\n\n\n\n<h2 class=\"wp-block-heading has-large-font-size\"><strong>Perk Bronze<\/strong> Anual<\/h2>\n\n\n\n<ul class=\"wp-block-list\">\n<li>Prioridade 3 nos Servidores<\/li>\n\n\n\n<li>XP B\u00e1sico<\/li>\n\n\n\n<li>Acesso ao Servidor COOP<\/li>\n\n\n\n<li>Call of Duty Rio (Multiplayer)<\/li>\n\n\n\n<li>Call of Duty Rio Frontlines<\/li>\n\n\n\n<li>Call of Duty Star Wars<\/li>\n\n\n\n<li><s>Grupo WhatsApp Exclusivo<\/s><\/li>\n<\/ul>\n<\/div>\n<\/div>\n\n\n\n<div class=\"wp-block-columns alignwide is-layout-flex wp-container-core-columns-is-layout-28f84493 wp-block-columns-is-layout-flex\">\n<div class=\"wp-block-column is-layout-flow wp-block-column-is-layout-flow\">\n<figure class=\"wp-block-image size-full has-custom-border\"><img loading=\"lazy\" decoding=\"async\" width=\"280\" height=\"280\" src=\"https:\/\/comando.rio.br\/mod\/wp-content\/uploads\/2026\/01\/pix01_150.png\" alt=\"\" class=\"wp-image-1289\" style=\"border-top-left-radius:11px;border-top-right-radius:11px;border-bottom-left-radius:11px;border-bottom-right-radius:11px\" srcset=\"https:\/\/comando.rio.br\/mod\/wp-content\/uploads\/2026\/01\/pix01_150.png 280w, https:\/\/comando.rio.br\/mod\/wp-content\/uploads\/2026\/01\/pix01_150-150x150.png 150w\" sizes=\"auto, (max-width: 280px) 100vw, 280px\" \/><\/figure>\n\n\n\n<p class=\"has-medium-font-size\">de <s><strong>R$180<\/strong><\/s> por <strong>R$150<\/strong><\/p>\n\n\n\n<div style=\"height:24px\" aria-hidden=\"true\" class=\"wp-block-spacer\"><\/div>\n<\/div>\n\n\n\n<div class=\"wp-block-column is-layout-flow wp-block-column-is-layout-flow\">\n<figure class=\"wp-block-image size-full has-custom-border\"><img loading=\"lazy\" decoding=\"async\" width=\"280\" height=\"280\" src=\"https:\/\/comando.rio.br\/mod\/wp-content\/uploads\/2026\/01\/pix02_100.png\" alt=\"\" class=\"wp-image-1290\" style=\"border-top-left-radius:11px;border-top-right-radius:11px;border-bottom-left-radius:11px;border-bottom-right-radius:11px\" srcset=\"https:\/\/comando.rio.br\/mod\/wp-content\/uploads\/2026\/01\/pix02_100.png 280w, https:\/\/comando.rio.br\/mod\/wp-content\/uploads\/2026\/01\/pix02_100-150x150.png 150w\" sizes=\"auto, (max-width: 280px) 100vw, 280px\" \/><\/figure>\n\n\n\n<p class=\"has-medium-font-size\">de <strong><s>R$120<\/s><\/strong> por <strong>R$100<\/strong><\/p>\n\n\n\n<div style=\"height:24px\" aria-hidden=\"true\" class=\"wp-block-spacer\"><\/div>\n<\/div>\n\n\n\n<div class=\"wp-block-column is-layout-flow wp-block-column-is-layout-flow\">\n<figure class=\"wp-block-image size-full has-custom-border\"><img loading=\"lazy\" decoding=\"async\" width=\"280\" height=\"280\" src=\"https:\/\/comando.rio.br\/mod\/wp-content\/uploads\/2026\/01\/pix03_50.png\" alt=\"\" class=\"wp-image-1291\" style=\"border-top-left-radius:11px;border-top-right-radius:11px;border-bottom-left-radius:11px;border-bottom-right-radius:11px\" srcset=\"https:\/\/comando.rio.br\/mod\/wp-content\/uploads\/2026\/01\/pix03_50.png 280w, https:\/\/comando.rio.br\/mod\/wp-content\/uploads\/2026\/01\/pix03_50-150x150.png 150w\" sizes=\"auto, (max-width: 280px) 100vw, 280px\" \/><\/figure>\n\n\n\n<p class=\"has-medium-font-size\">de <strong><s>R$60<\/s><\/strong> por <strong>R$50<\/strong><\/p>\n\n\n\n<div style=\"height:24px\" aria-hidden=\"true\" class=\"wp-block-spacer\"><\/div>\n<\/div>\n<\/div>\n\n\n\n<p class=\"has-text-align-center\">Colaborar n\u00e3o \u00e9 obrigat\u00f3rio, mas extremamente importante para ajudar a manter tudo online. Voc\u00ea poder\u00e1 continuar jogando mesmo sem colaborar. Maiores detalhes sobre esta decis\u00e3o est\u00e1&nbsp;<a href=\"https:\/\/www.tapatalk.com\/groups\/bc\/mudan-as-2022-rio-frontlines-star-wars-etc-t3639.html\" target=\"_blank\" rel=\"noreferrer noopener\"><strong>AQUI<\/strong><\/a>.  <\/p>\n\n\n\n<p class=\"has-text-align-center\">Decidindo por colaborar, basta fazer o pagamento via PIX do plano escolhido atrav\u00e9s do respectivo <strong>QR Code<\/strong> acima. Assim que fizer o pagamento, basta preencher o formul\u00e1rio abaixo com seus dados para podermos localiz\u00e1-lo nos servidores e liber\u00e1-lo.<\/p>\n\n\n\n<ul class=\"wp-block-social-links has-huge-icon-size has-visible-labels has-icon-color has-icon-background-color is-style-pill-shape is-content-justification-center is-layout-flex wp-container-core-social-links-is-layout-a89b3969 wp-block-social-links-is-layout-flex\"><li style=\"color:#913b21;background-color:#D9D9D9;\" class=\"wp-social-link wp-social-link-chain has-lightgrey-background-color wp-block-social-link\"><a rel=\"noopener nofollow\" target=\"_blank\" href=\"https:\/\/www.tapatalk.com\/groups\/bc\/apoiadores-registro-t3658.html\" class=\"wp-block-social-link-anchor\"><svg width=\"24\" height=\"24\" viewBox=\"0 0 24 24\" version=\"1.1\" xmlns=\"http:\/\/www.w3.org\/2000\/svg\" aria-hidden=\"true\" focusable=\"false\"><path d=\"M15.6,7.2H14v1.5h1.6c2,0,3.7,1.7,3.7,3.7s-1.7,3.7-3.7,3.7H14v1.5h1.6c2.8,0,5.2-2.3,5.2-5.2,0-2.9-2.3-5.2-5.2-5.2zM4.7,12.4c0-2,1.7-3.7,3.7-3.7H10V7.2H8.4c-2.9,0-5.2,2.3-5.2,5.2,0,2.9,2.3,5.2,5.2,5.2H10v-1.5H8.4c-2,0-3.7-1.7-3.7-3.7zm4.6.9h5.3v-1.5H9.3v1.5z\"><\/path><\/svg><span class=\"wp-block-social-link-label\">Registro nos Servidores<\/span><\/a><\/li><\/ul>\n\n\n\n<p class=\"has-text-align-center\">Qualquer d\u00favida basta nos enviar o email que responderemos assim que poss\u00edvel.<\/p>\n\n\n\n<ul class=\"wp-block-social-links has-huge-icon-size has-visible-labels has-icon-color has-icon-background-color is-style-pill-shape is-content-justification-center is-layout-flex wp-container-core-social-links-is-layout-a89b3969 wp-block-social-links-is-layout-flex\"><li style=\"color:#913b21;background-color:#D9D9D9;\" class=\"wp-social-link wp-social-link-mail has-lightgrey-background-color wp-block-social-link\"><a rel=\"noopener nofollow\" target=\"_blank\" href=\"mailto:h&#097;ja&#115;&#064;bl&#111;&#111;&#100;cu&#108;t&#117;r&#101;.c&#111;&#109;.br\" class=\"wp-block-social-link-anchor\"><svg width=\"24\" height=\"24\" viewBox=\"0 0 24 24\" version=\"1.1\" xmlns=\"http:\/\/www.w3.org\/2000\/svg\" aria-hidden=\"true\" focusable=\"false\"><path d=\"M19,5H5c-1.1,0-2,.9-2,2v10c0,1.1.9,2,2,2h14c1.1,0,2-.9,2-2V7c0-1.1-.9-2-2-2zm.5,12c0,.3-.2.5-.5.5H5c-.3,0-.5-.2-.5-.5V9.8l7.5,5.6,7.5-5.6V17zm0-9.1L12,13.6,4.5,7.9V7c0-.3.2-.5.5-.5h14c.3,0,.5.2.5.5v.9z\"><\/path><\/svg><span class=\"wp-block-social-link-label\">E-mail<\/span><\/a><\/li><\/ul>\n\n\n\n<div style=\"height:100px\" aria-hidden=\"true\" class=\"wp-block-spacer\"><\/div>\n","protected":false},"excerpt":{"rendered":"<p>&#8220;Todos ser\u00e3o Caveira um dia, poucos em vida&#8230;&#8221; Gostaria de Colaborar para voltar a ter acesso&nbsp;TOTAL&nbsp;aos nossos&nbsp;Servidores? Voc\u00ea ent\u00e3o precisa colaborar para ajudar a mant\u00ea-los online, quais os custos s\u00e3o altos para manter esta nossa qualidade. A grande maioria dos apoiadores colaboram anualmente, onde pagam menos e todos recebemos mais. Perk Ouro Anual Perk Prata &hellip; <\/p>\n<p class=\"link-more\"><a href=\"https:\/\/comando.rio.br\/mod\/jogadores\/\" class=\"more-link\">Leia mais<span class=\"screen-reader-text\"> &#8220;Anualmente&#8221;<\/span><\/a><\/p>\n","protected":false},"author":1,"featured_media":508,"parent":0,"menu_order":0,"comment_status":"closed","ping_status":"closed","template":"","meta":{"pagelayer_contact_templates":[],"_pagelayer_content":"","footnotes":""},"class_list":["post-503","page","type-page","status-publish","has-post-thumbnail","hentry"],"featured_media_urls":{"thumbnail":["https:\/\/comando.rio.br\/mod\/wp-content\/uploads\/2026\/01\/509601977_24100925766170041_8682292421451087868_n-e1768962840978-150x150.jpg",150,150,true],"medium":["https:\/\/comando.rio.br\/mod\/wp-content\/uploads\/2026\/01\/509601977_24100925766170041_8682292421451087868_n-e1768962840978-300x99.jpg",300,99,true],"medium_large":["https:\/\/comando.rio.br\/mod\/wp-content\/uploads\/2026\/01\/509601977_24100925766170041_8682292421451087868_n-e1768962840978-768x254.jpg",768,254,true],"large":["https:\/\/comando.rio.br\/mod\/wp-content\/uploads\/2026\/01\/509601977_24100925766170041_8682292421451087868_n-e1768962840978-1024x338.jpg",950,314,true],"1536x1536":["https:\/\/comando.rio.br\/mod\/wp-content\/uploads\/2026\/01\/509601977_24100925766170041_8682292421451087868_n-e1768962840978-1536x507.jpg",1536,507,true],"2048x2048":["https:\/\/comando.rio.br\/mod\/wp-content\/uploads\/2026\/01\/509601977_24100925766170041_8682292421451087868_n-e1768962840978.jpg",2048,676,false],"inspiro-featured-image":["https:\/\/comando.rio.br\/mod\/wp-content\/uploads\/2026\/01\/509601977_24100925766170041_8682292421451087868_n-e1768962840978-2000x660.jpg",2000,660,true],"inspiro-loop":["https:\/\/comando.rio.br\/mod\/wp-content\/uploads\/2026\/01\/509601977_24100925766170041_8682292421451087868_n-e1768962840978-950x320.jpg",950,320,true],"inspiro-loop@2x":["https:\/\/comando.rio.br\/mod\/wp-content\/uploads\/2026\/01\/509601977_24100925766170041_8682292421451087868_n-e1768962840978-1900x640.jpg",1900,640,true],"portfolio_item-thumbnail":["https:\/\/comando.rio.br\/mod\/wp-content\/uploads\/2026\/01\/509601977_24100925766170041_8682292421451087868_n-e1768962840978-600x400.jpg",600,400,true],"portfolio_item-thumbnail@2x":["https:\/\/comando.rio.br\/mod\/wp-content\/uploads\/2026\/01\/509601977_24100925766170041_8682292421451087868_n-e1768962840978-1200x676.jpg",1200,676,true],"portfolio_item-masonry":["https:\/\/comando.rio.br\/mod\/wp-content\/uploads\/2026\/01\/509601977_24100925766170041_8682292421451087868_n-e1768962840978-600x198.jpg",600,198,true],"portfolio_item-masonry@2x":["https:\/\/comando.rio.br\/mod\/wp-content\/uploads\/2026\/01\/509601977_24100925766170041_8682292421451087868_n-e1768962840978-1200x396.jpg",1200,396,true],"portfolio_item-thumbnail_cinema":["https:\/\/comando.rio.br\/mod\/wp-content\/uploads\/2026\/01\/509601977_24100925766170041_8682292421451087868_n-e1768962840978-800x335.jpg",800,335,true],"portfolio_item-thumbnail_portrait":["https:\/\/comando.rio.br\/mod\/wp-content\/uploads\/2026\/01\/509601977_24100925766170041_8682292421451087868_n-e1768962840978-600x676.jpg",600,676,true],"portfolio_item-thumbnail_portrait@2x":["https:\/\/comando.rio.br\/mod\/wp-content\/uploads\/2026\/01\/509601977_24100925766170041_8682292421451087868_n-e1768962840978-1200x676.jpg",1200,676,true],"portfolio_item-thumbnail_square":["https:\/\/comando.rio.br\/mod\/wp-content\/uploads\/2026\/01\/509601977_24100925766170041_8682292421451087868_n-e1768962840978-800x676.jpg",800,676,true]},"_links":{"self":[{"href":"https:\/\/comando.rio.br\/mod\/wp-json\/wp\/v2\/pages\/503","targetHints":{"allow":["GET"]}}],"collection":[{"href":"https:\/\/comando.rio.br\/mod\/wp-json\/wp\/v2\/pages"}],"about":[{"href":"https:\/\/comando.rio.br\/mod\/wp-json\/wp\/v2\/types\/page"}],"author":[{"embeddable":true,"href":"https:\/\/comando.rio.br\/mod\/wp-json\/wp\/v2\/users\/1"}],"replies":[{"embeddable":true,"href":"https:\/\/comando.rio.br\/mod\/wp-json\/wp\/v2\/comments?post=503"}],"version-history":[{"count":31,"href":"https:\/\/comando.rio.br\/mod\/wp-json\/wp\/v2\/pages\/503\/revisions"}],"predecessor-version":[{"id":1708,"href":"https:\/\/comando.rio.br\/mod\/wp-json\/wp\/v2\/pages\/503\/revisions\/1708"}],"wp:featuredmedia":[{"embeddable":true,"href":"https:\/\/comando.rio.br\/mod\/wp-json\/wp\/v2\/media\/508"}],"wp:attachment":[{"href":"https:\/\/comando.rio.br\/mod\/wp-json\/wp\/v2\/media?parent=503"}],"curies":[{"name":"wp","href":"https:\/\/api.w.org\/{rel}","templated":true}]}}