{"id":78,"date":"2026-01-14T11:30:05","date_gmt":"2026-01-14T14:30:05","guid":{"rendered":"https:\/\/comando.rio.br\/mod\/?page_id=78"},"modified":"2026-05-03T11:14:37","modified_gmt":"2026-05-03T14:14:37","slug":"apoio","status":"publish","type":"page","link":"https:\/\/comando.rio.br\/mod\/apoio\/","title":{"rendered":"Nos Ajude"},"content":{"rendered":"\n<h2 class=\"wp-block-heading has-large-font-size\" id=\"inspiro-is-a-digital-product-agency-that-focuses-on-strategy-and-design\" style=\"font-style:normal;font-weight:100\"><strong>Apoie o Call of Duty Rio: Anualmente, Mensalmente ou em Compras.<\/strong><\/h2>\n\n\n\n<div style=\"height:19px\" aria-hidden=\"true\" class=\"wp-block-spacer\"><\/div>\n\n\n\n<p class=\"has-text-align-center\">Para manter todos os servidores online com toda esta qualidade, temos um custo mensal que \u00e9 preciso ser pago. <\/p>\n\n\n\n<div class=\"wp-block-columns alignwide is-layout-flex wp-container-core-columns-is-layout-28f84493 wp-block-columns-is-layout-flex\">\n<div class=\"wp-block-column is-layout-flow wp-block-column-is-layout-flow\">\n<figure class=\"wp-block-image size-full has-custom-border\"><img loading=\"lazy\" decoding=\"async\" width=\"1920\" height=\"1080\" src=\"https:\/\/comando.rio.br\/mod\/wp-content\/uploads\/2026\/01\/codrio_chaves2.jpg\" alt=\"\" class=\"wp-image-1515\" style=\"border-top-left-radius:11px;border-top-right-radius:11px;border-bottom-left-radius:11px;border-bottom-right-radius:11px\" srcset=\"https:\/\/comando.rio.br\/mod\/wp-content\/uploads\/2026\/01\/codrio_chaves2.jpg 1920w, https:\/\/comando.rio.br\/mod\/wp-content\/uploads\/2026\/01\/codrio_chaves2-300x169.jpg 300w, https:\/\/comando.rio.br\/mod\/wp-content\/uploads\/2026\/01\/codrio_chaves2-1024x576.jpg 1024w\" sizes=\"auto, (max-width: 1920px) 100vw, 1920px\" \/><\/figure>\n\n\n\n<p class=\"has-black-color has-text-color has-medium-font-size\"><a href=\"https:\/\/comando.rio.br\/mod\/jogadores\/\" data-type=\"page\" data-id=\"503\">Anualmente (Desconto!)<\/a><\/p>\n\n\n\n<p class=\"has-text-color\" style=\"color:#7a7a7a\">Fazendo doa\u00e7\u00f5es anuais via PIX voc\u00ea ganha DOIS MESES de desconto e n\u00e3o precisar\u00e1 se preocupar t\u00e3o cedo em renovar o seu plano, al\u00e9m de poder ganhar B\u00f4nus XP ou at\u00e9 Double XP, voc\u00ea ainda pode participar do nosso grupo exclusivo de WhatsApp. Grande maioria apoia anualmente.<\/p>\n<\/div>\n\n\n\n<div class=\"wp-block-column is-layout-flow wp-block-column-is-layout-flow\">\n<figure class=\"wp-block-image size-full has-custom-border\"><img loading=\"lazy\" decoding=\"async\" width=\"1920\" height=\"1080\" src=\"https:\/\/comando.rio.br\/mod\/wp-content\/uploads\/2026\/01\/malpassado.jpg\" alt=\"\" class=\"wp-image-1516\" style=\"border-top-left-radius:11px;border-top-right-radius:11px;border-bottom-left-radius:11px;border-bottom-right-radius:11px\" srcset=\"https:\/\/comando.rio.br\/mod\/wp-content\/uploads\/2026\/01\/malpassado.jpg 1920w, https:\/\/comando.rio.br\/mod\/wp-content\/uploads\/2026\/01\/malpassado-300x169.jpg 300w, https:\/\/comando.rio.br\/mod\/wp-content\/uploads\/2026\/01\/malpassado-1024x576.jpg 1024w\" sizes=\"auto, (max-width: 1920px) 100vw, 1920px\" \/><\/figure>\n\n\n\n<p class=\"has-black-color has-text-color has-medium-font-size\"><a href=\"https:\/\/comando.rio.br\/mod\/mensalmente\/\" data-type=\"page\" data-id=\"1295\">Mensalmente (APOIA.<em>se<\/em>)<\/a><\/p>\n\n\n\n<p class=\"has-text-color\" style=\"color:#7a7a7a\">Voc\u00ea pode pagar mensalmente pelo APOIA.<em>se<\/em> com seu cart\u00e3o de cr\u00e9dito, que ser\u00e1 debitado automaticamente todos os meses, e poder\u00e1 cancelar quando quiser. Se quiser experimentar antes de fechar anualmente, \u00e9 uma \u00f3tima op\u00e7\u00e3o.<\/p>\n<\/div>\n\n\n\n<div class=\"wp-block-column is-layout-flow wp-block-column-is-layout-flow\">\n<figure class=\"wp-block-image size-full has-custom-border\"><img loading=\"lazy\" decoding=\"async\" width=\"1920\" height=\"1080\" src=\"https:\/\/comando.rio.br\/mod\/wp-content\/uploads\/2026\/01\/codrio315-4.jpg\" alt=\"\" class=\"wp-image-1517\" style=\"border-top-left-radius:11px;border-top-right-radius:11px;border-bottom-left-radius:11px;border-bottom-right-radius:11px\" srcset=\"https:\/\/comando.rio.br\/mod\/wp-content\/uploads\/2026\/01\/codrio315-4.jpg 1920w, https:\/\/comando.rio.br\/mod\/wp-content\/uploads\/2026\/01\/codrio315-4-300x169.jpg 300w, https:\/\/comando.rio.br\/mod\/wp-content\/uploads\/2026\/01\/codrio315-4-1024x576.jpg 1024w\" sizes=\"auto, (max-width: 1920px) 100vw, 1920px\" \/><\/figure>\n\n\n\n<p class=\"has-black-color has-text-color has-medium-font-size\"><a href=\"https:\/\/comando.rio.br\/mod\/loja\/\" data-type=\"page\" data-id=\"85\">Fazendo Compras<\/a><\/p>\n\n\n\n<p class=\"has-text-color\" style=\"color:#7a7a7a\">Comprando nossos produtos ou fazendo compras pelos novos links, vamos receber uma pequena porcentagem. Apesar de pouco, vai nos ajudando pagar as contas. Se voc\u00ea j\u00e1 vai comprar, lembre-se de comprar atrav\u00e9s de nossos links.<\/p>\n<\/div>\n<\/div>\n\n\n\n<p class=\"has-text-align-center\">Muito obrigado de cora\u00e7\u00e3o a todos que colaboram por tantos anos para que nossos servidores continuem online e termos um local est\u00e1vel e seguro para jogar com amigos e fam\u00edlia. Sem voc\u00eas nada disse seria poss\u00edvel. Voc\u00eas s\u00e3o Phodas!<\/p>\n\n\n\n<div style=\"height:100px\" aria-hidden=\"true\" class=\"wp-block-spacer\"><\/div>\n","protected":false},"excerpt":{"rendered":"<p>Apoie o Call of Duty Rio: Anualmente, Mensalmente ou em Compras. Para manter todos os servidores online com toda esta qualidade, temos um custo mensal que \u00e9 preciso ser pago. Anualmente (Desconto!) Fazendo doa\u00e7\u00f5es anuais via PIX voc\u00ea ganha DOIS MESES de desconto e n\u00e3o precisar\u00e1 se preocupar t\u00e3o cedo em renovar o seu plano, &hellip; <\/p>\n<p class=\"link-more\"><a href=\"https:\/\/comando.rio.br\/mod\/apoio\/\" class=\"more-link\">Leia mais<span class=\"screen-reader-text\"> &#8220;Nos Ajude&#8221;<\/span><\/a><\/p>\n","protected":false},"author":1,"featured_media":1404,"parent":0,"menu_order":0,"comment_status":"closed","ping_status":"closed","template":"","meta":{"pagelayer_contact_templates":[],"_pagelayer_content":"","footnotes":""},"class_list":["post-78","page","type-page","status-publish","has-post-thumbnail","hentry"],"featured_media_urls":{"thumbnail":["https:\/\/comando.rio.br\/mod\/wp-content\/uploads\/2026\/01\/shot0225-1-150x150.jpg",150,150,true],"medium":["https:\/\/comando.rio.br\/mod\/wp-content\/uploads\/2026\/01\/shot0225-1-300x169.jpg",300,169,true],"medium_large":["https:\/\/comando.rio.br\/mod\/wp-content\/uploads\/2026\/01\/shot0225-1.jpg",768,432,false],"large":["https:\/\/comando.rio.br\/mod\/wp-content\/uploads\/2026\/01\/shot0225-1-1024x576.jpg",950,534,true],"1536x1536":["https:\/\/comando.rio.br\/mod\/wp-content\/uploads\/2026\/01\/shot0225-1-1536x864.jpg",1536,864,true],"2048x2048":["https:\/\/comando.rio.br\/mod\/wp-content\/uploads\/2026\/01\/shot0225-1.jpg",1920,1080,false],"inspiro-featured-image":["https:\/\/comando.rio.br\/mod\/wp-content\/uploads\/2026\/01\/shot0225-1.jpg",1920,1080,false],"inspiro-loop":["https:\/\/comando.rio.br\/mod\/wp-content\/uploads\/2026\/01\/shot0225-1-950x320.jpg",950,320,true],"inspiro-loop@2x":["https:\/\/comando.rio.br\/mod\/wp-content\/uploads\/2026\/01\/shot0225-1-1900x640.jpg",1900,640,true],"portfolio_item-thumbnail":["https:\/\/comando.rio.br\/mod\/wp-content\/uploads\/2026\/01\/shot0225-1-600x400.jpg",600,400,true],"portfolio_item-thumbnail@2x":["https:\/\/comando.rio.br\/mod\/wp-content\/uploads\/2026\/01\/shot0225-1-1200x800.jpg",1200,800,true],"portfolio_item-masonry":["https:\/\/comando.rio.br\/mod\/wp-content\/uploads\/2026\/01\/shot0225-1-600x338.jpg",600,338,true],"portfolio_item-masonry@2x":["https:\/\/comando.rio.br\/mod\/wp-content\/uploads\/2026\/01\/shot0225-1-1200x675.jpg",1200,675,true],"portfolio_item-thumbnail_cinema":["https:\/\/comando.rio.br\/mod\/wp-content\/uploads\/2026\/01\/shot0225-1-800x335.jpg",800,335,true],"portfolio_item-thumbnail_portrait":["https:\/\/comando.rio.br\/mod\/wp-content\/uploads\/2026\/01\/shot0225-1-600x900.jpg",600,900,true],"portfolio_item-thumbnail_portrait@2x":["https:\/\/comando.rio.br\/mod\/wp-content\/uploads\/2026\/01\/shot0225-1-1200x1080.jpg",1200,1080,true],"portfolio_item-thumbnail_square":["https:\/\/comando.rio.br\/mod\/wp-content\/uploads\/2026\/01\/shot0225-1-800x800.jpg",800,800,true]},"_links":{"self":[{"href":"https:\/\/comando.rio.br\/mod\/wp-json\/wp\/v2\/pages\/78","targetHints":{"allow":["GET"]}}],"collection":[{"href":"https:\/\/comando.rio.br\/mod\/wp-json\/wp\/v2\/pages"}],"about":[{"href":"https:\/\/comando.rio.br\/mod\/wp-json\/wp\/v2\/types\/page"}],"author":[{"embeddable":true,"href":"https:\/\/comando.rio.br\/mod\/wp-json\/wp\/v2\/users\/1"}],"replies":[{"embeddable":true,"href":"https:\/\/comando.rio.br\/mod\/wp-json\/wp\/v2\/comments?post=78"}],"version-history":[{"count":20,"href":"https:\/\/comando.rio.br\/mod\/wp-json\/wp\/v2\/pages\/78\/revisions"}],"predecessor-version":[{"id":1706,"href":"https:\/\/comando.rio.br\/mod\/wp-json\/wp\/v2\/pages\/78\/revisions\/1706"}],"wp:featuredmedia":[{"embeddable":true,"href":"https:\/\/comando.rio.br\/mod\/wp-json\/wp\/v2\/media\/1404"}],"wp:attachment":[{"href":"https:\/\/comando.rio.br\/mod\/wp-json\/wp\/v2\/media?parent=78"}],"curies":[{"name":"wp","href":"https:\/\/api.w.org\/{rel}","templated":true}]}}