{"id":85,"date":"2026-01-14T12:07:35","date_gmt":"2026-01-14T15:07:35","guid":{"rendered":"https:\/\/comando.rio.br\/mod\/?page_id=85"},"modified":"2026-01-31T11:48:07","modified_gmt":"2026-01-31T14:48:07","slug":"loja","status":"publish","type":"page","link":"https:\/\/comando.rio.br\/mod\/loja\/","title":{"rendered":"Loja"},"content":{"rendered":"\n<h2 class=\"wp-block-heading has-text-align-center has-large-font-size\" id=\"inspiro-is-a-digital-product-agency-that-focuses-on-strategy-and-design\" style=\"font-style:normal;font-weight:100\"><strong>Nos ajude comprando produtos atrav\u00e9s dos nossos links!<\/strong><\/h2>\n\n\n\n<figure class=\"wp-block-image aligncenter size-full has-custom-border\"><a href=\"https:\/\/www.galeriapix.com.br\/bc\" target=\"_blank\" rel=\" noreferrer noopener\"><img loading=\"lazy\" decoding=\"async\" width=\"1000\" height=\"1000\" src=\"https:\/\/comando.rio.br\/mod\/wp-content\/uploads\/2026\/01\/159568421_2926931227535607_2675335844968176315_n.jpg\" alt=\"\" class=\"wp-image-1411\" style=\"border-top-left-radius:15px;border-top-right-radius:15px;border-bottom-left-radius:15px;border-bottom-right-radius:15px\" srcset=\"https:\/\/comando.rio.br\/mod\/wp-content\/uploads\/2026\/01\/159568421_2926931227535607_2675335844968176315_n.jpg 1000w, https:\/\/comando.rio.br\/mod\/wp-content\/uploads\/2026\/01\/159568421_2926931227535607_2675335844968176315_n-300x300.jpg 300w, https:\/\/comando.rio.br\/mod\/wp-content\/uploads\/2026\/01\/159568421_2926931227535607_2675335844968176315_n-150x150.jpg 150w\" sizes=\"auto, (max-width: 1000px) 100vw, 1000px\" \/><\/a><\/figure>\n\n\n\n<h2 class=\"wp-block-heading has-large-font-size\" id=\"inspiro-is-a-digital-product-agency-that-focuses-on-strategy-and-design\" style=\"font-style:normal;font-weight:100\"><strong>Acess\u00f3rios Bons e Baratos que uso e recomendo!<\/strong><\/h2>\n\n\n\n<ul class=\"wp-block-list\">\n<li><strong>Headset JBL Quantum 100M2 Com Fio <a href=\"https:\/\/amzn.to\/4q8qZsl\" target=\"_blank\" rel=\"noreferrer noopener\">Amazon<\/a><\/strong> <strong><a href=\"https:\/\/www.magazinevoce.com.br\/magazinebloodculture\/busca\/jbl%2Bquantum%2B100m2%2Bcom%2Bfio\/\" target=\"_blank\" rel=\"noreferrer noopener\">Magalu<\/a><\/strong><\/li>\n\n\n\n<li><strong>Headset JBL Quantum 360 Wireless <a href=\"https:\/\/amzn.to\/4a6Z3iA\" target=\"_blank\" rel=\"noreferrer noopener\">Amazon<\/a><\/strong> <strong><a href=\"https:\/\/www.magazinevoce.com.br\/magazinebloodculture\/busca\/jbl+quantum+360+wireless\/\" target=\"_blank\" rel=\"noreferrer noopener\">Magalu<\/a><\/strong><\/li>\n\n\n\n<li><strong>Mouse Logitech M90 <a href=\"https:\/\/amzn.to\/4k5e6hl\" target=\"_blank\" rel=\"noreferrer noopener\">Amazon<\/a><\/strong> <strong><a href=\"https:\/\/www.magazinevoce.com.br\/magazinebloodculture\/busca\/logitech+m90\/\" target=\"_blank\" rel=\"noreferrer noopener\">Magalu<\/a><\/strong><\/li>\n\n\n\n<li><strong>Mouse Logitech M100 <a href=\"https:\/\/amzn.to\/4t5Y2zL\" target=\"_blank\" rel=\"noreferrer noopener\">Amazon<\/a><\/strong> <strong><a href=\"https:\/\/www.magazinevoce.com.br\/magazinebloodculture\/busca\/logitech+m100\/\" target=\"_blank\" rel=\"noreferrer noopener\">Magalu<\/a><\/strong><\/li>\n<\/ul>\n\n\n\n<h2 class=\"wp-block-heading has-large-font-size\" id=\"inspiro-is-a-digital-product-agency-that-focuses-on-strategy-and-design\" style=\"font-style:normal;font-weight:100\"><strong>PC Gamers Baratos para jogar Call of Duty Rio<\/strong><\/h2>\n\n\n\n<ul class=\"wp-block-list\">\n<li><strong>PC Gamers na <a href=\"https:\/\/amzn.to\/4rnWb84\" target=\"_blank\" rel=\"noreferrer noopener\">Amazon<\/a><\/strong><\/li>\n\n\n\n<li><strong>PC Gamers na <a href=\"https:\/\/www.magazinevoce.com.br\/magazinebloodculture\/busca\/pc+gamer\/\" target=\"_blank\" rel=\"noreferrer noopener\">Magalu<\/a><\/strong><\/li>\n<\/ul>\n\n\n\n<h2 class=\"wp-block-heading has-large-font-size\" id=\"inspiro-is-a-digital-product-agency-that-focuses-on-strategy-and-design\" style=\"font-style:normal;font-weight:100\"><strong>Produtos relacionados ao Call of Duty Rio<\/strong><\/h2>\n\n\n\n<ul class=\"wp-block-list\">\n<li><strong>Suporte de Headset do Call of Duty <a href=\"https:\/\/amzn.to\/49ScxQg\" target=\"_blank\" rel=\"noreferrer noopener\">Amazon<\/a><\/strong> <strong><a href=\"https:\/\/www.magazinevoce.com.br\/magazinebloodculture\/suporte-de-parede-headset-call-of-duty-com-fita-dupla-face-cinza-masterinfo3d\/p\/kj5jh8h5e4\/ea\/sphd\/?seller_id=masterinfo\" target=\"_blank\" rel=\"noreferrer noopener\">Magalu<\/a><\/strong><\/li>\n\n\n\n<li><strong>Diversos Suportes Controle\/Headset do Call of Duty <a href=\"https:\/\/amzn.to\/4qJKgkQ\" target=\"_blank\" rel=\"noreferrer noopener\">Amazon<\/a><\/strong> <strong><a href=\"https:\/\/www.magazinevoce.com.br\/magazinebloodculture\/busca\/suporte+call+of+duty\/\" target=\"_blank\" rel=\"noreferrer noopener\">Magalu<\/a><\/strong><\/li>\n\n\n\n<li><strong>Camisetas BOPE\/Tropa de Elite <a href=\"https:\/\/amzn.to\/46preIj\" target=\"_blank\" rel=\"noreferrer noopener\">Amazon<\/a> <a href=\"https:\/\/www.magazinevoce.com.br\/magazinebloodculture\/busca\/camiseta+bope\/\" target=\"_blank\" rel=\"noreferrer noopener\">Magalu<\/a><\/strong><\/li>\n\n\n\n<li><strong>Bon\u00e9 Militar com Patch Aplicado Tropa de Elite Preto <strong><a href=\"https:\/\/amzn.to\/3Mc5JE2\" target=\"_blank\" rel=\"noreferrer noopener\">Amazon<\/a><\/strong> <a href=\"https:\/\/www.magazinevoce.com.br\/magazinebloodculture\/bone-militar-rip-stop-com-patch-aplicado-tropa-de-elite-preto-mundo-do-militar\/p\/cj9b75jge9\/md\/bbne\/?seller_id=casanobre\" target=\"_blank\" rel=\"noreferrer noopener\">Magalu<\/a><\/strong><\/li>\n\n\n\n<li><strong>Canecas do BOPE <strong><a href=\"https:\/\/amzn.to\/3Z94xUR\" target=\"_blank\" rel=\"noreferrer noopener\">Amazon<\/a><\/strong> <a href=\"https:\/\/www.magazinevoce.com.br\/magazinebloodculture\/busca\/caneca+bope\/\" target=\"_blank\" rel=\"noreferrer noopener\">Magalu<\/a><\/strong><\/li>\n\n\n\n<li><strong>Blu-Ray Tropa de Elite <strong><a href=\"https:\/\/amzn.to\/3NNrWsy\" target=\"_blank\" rel=\"noreferrer noopener\">Amazon<\/a><\/strong> <a href=\"https:\/\/www.magazinevoce.com.br\/magazinebloodculture\/busca\/blu+ray+tropa+de+elite\/\" target=\"_blank\" rel=\"noreferrer noopener\">Magalu<\/a><\/strong><\/li>\n\n\n\n<li><strong>Patches BOPE\/Tropa de Elite <a href=\"https:\/\/amzn.to\/49ZZlrq\" target=\"_blank\" rel=\"noreferrer noopener\">Amazon<\/a> <a href=\"https:\/\/www.magazinevoce.com.br\/magazinebloodculture\/busca\/patch+tropa+de+elite\/\" target=\"_blank\" rel=\"noreferrer noopener\">Magalu<\/a><\/strong><\/li>\n\n\n\n<li><strong>Chaveiro BOPE\/Tropa de Elite <strong><a href=\"https:\/\/amzn.to\/45Gcy7p\" target=\"_blank\" rel=\"noreferrer noopener\">Amazon<\/a><\/strong> <a href=\"https:\/\/www.magazinevoce.com.br\/magazinebloodculture\/busca\/chaveiro+bope\/\" target=\"_blank\" rel=\"noreferrer noopener\">Magalu<\/a><\/strong><\/li>\n\n\n\n<li><strong>Livros BOPE\/Tropa de Elite <a href=\"https:\/\/amzn.to\/49ZZStq\" target=\"_blank\" rel=\"noreferrer noopener\">Amazon<\/a> <a href=\"https:\/\/www.magazinevoce.com.br\/magazinebloodculture\/busca\/livro+bope\/\" target=\"_blank\" rel=\"noreferrer noopener\">Magalu<\/a><\/strong><\/li>\n\n\n\n<li><strong>Mouse Pad BOPE\/Tropa de Elite <a href=\"https:\/\/amzn.to\/4q7rhiW\" target=\"_blank\" rel=\"noreferrer noopener\">Amazon<\/a><\/strong><\/li>\n\n\n\n<li><strong>Bandeira BOPE\/Tropa de Elite <a href=\"https:\/\/amzn.to\/3MdyrEA\" target=\"_blank\" rel=\"noreferrer noopener\">Amazon<\/a> <a href=\"https:\/\/www.magazinevoce.com.br\/magazinebloodculture\/busca\/bandeira+bope\/\" target=\"_blank\" rel=\"noreferrer noopener\">Magalu<\/a><\/strong><\/li>\n\n\n\n<li><strong>Diversos Produtos relacionados ao Call of Duty <a href=\"https:\/\/amzn.to\/3ZHrWwQ\" target=\"_blank\" rel=\"noreferrer noopener\">Amazon<\/a> <a href=\"https:\/\/www.magazinevoce.com.br\/magazinebloodculture\/busca\/call+of+duty\/\" target=\"_blank\" rel=\"noreferrer noopener\">Magalu<\/a><\/strong><\/li>\n<\/ul>\n\n\n\n<div style=\"height:55px\" aria-hidden=\"true\" class=\"wp-block-spacer\"><\/div>\n\n\n\n<p id=\"inspiro-is-a-digital-product-agency-that-focuses-on-strategy-and-design\">Para mais produtos, visite a lojas abaixo! Comprando por aqui vamos receber uma pequena comiss\u00e3o que tamb\u00e9m nos ajudar\u00e1 a tornar este sonho realidade.<\/p>\n\n\n\n<div class=\"wp-block-group is-content-justification-center is-nowrap is-layout-flex wp-container-core-group-is-layout-23441af8 wp-block-group-is-layout-flex\">\n<figure class=\"wp-block-image size-full is-resized has-custom-border\"><a href=\"https:\/\/www.galeriapix.com.br\/bc\" target=\"_blank\" rel=\" noreferrer noopener\"><img loading=\"lazy\" decoding=\"async\" width=\"424\" height=\"86\" src=\"https:\/\/comando.rio.br\/mod\/wp-content\/uploads\/2026\/01\/bc_store.jpg\" alt=\"\" class=\"wp-image-595\" style=\"border-radius:11px;box-shadow:var(--wp--preset--shadow--natural);width:533px;height:auto\" srcset=\"https:\/\/comando.rio.br\/mod\/wp-content\/uploads\/2026\/01\/bc_store.jpg 424w, https:\/\/comando.rio.br\/mod\/wp-content\/uploads\/2026\/01\/bc_store-300x61.jpg 300w\" sizes=\"auto, (max-width: 424px) 100vw, 424px\" \/><\/a><\/figure>\n\n\n\n<figure class=\"wp-block-image size-full is-resized has-custom-border\"><a href=\"https:\/\/www.magazinevoce.com.br\/magazinebloodculture\/\" target=\"_blank\" rel=\" noreferrer noopener\"><img loading=\"lazy\" decoding=\"async\" width=\"424\" height=\"86\" src=\"https:\/\/comando.rio.br\/mod\/wp-content\/uploads\/2026\/01\/magazineluiza.png\" alt=\"\" class=\"wp-image-596\" style=\"border-radius:11px;box-shadow:var(--wp--preset--shadow--natural);object-fit:cover;width:544px;height:auto\" srcset=\"https:\/\/comando.rio.br\/mod\/wp-content\/uploads\/2026\/01\/magazineluiza.png 424w, https:\/\/comando.rio.br\/mod\/wp-content\/uploads\/2026\/01\/magazineluiza-300x61.png 300w\" sizes=\"auto, (max-width: 424px) 100vw, 424px\" \/><\/a><\/figure>\n<\/div>\n\n\n\n<figure class=\"wp-block-image aligncenter size-full has-custom-border\"><a href=\"https:\/\/apoia.se\/callofdutyrio\" target=\"_blank\" rel=\" noreferrer noopener\"><img loading=\"lazy\" decoding=\"async\" width=\"784\" height=\"168\" src=\"https:\/\/comando.rio.br\/mod\/wp-content\/uploads\/2026\/01\/rio_apoiase_banner.jpg\" alt=\"\" class=\"wp-image-597\" style=\"border-top-left-radius:15px;border-top-right-radius:15px;border-bottom-left-radius:15px;border-bottom-right-radius:15px\" srcset=\"https:\/\/comando.rio.br\/mod\/wp-content\/uploads\/2026\/01\/rio_apoiase_banner.jpg 784w, https:\/\/comando.rio.br\/mod\/wp-content\/uploads\/2026\/01\/rio_apoiase_banner-300x64.jpg 300w\" sizes=\"auto, (max-width: 784px) 100vw, 784px\" \/><\/a><\/figure>\n\n\n\n<div style=\"height:100px\" aria-hidden=\"true\" class=\"wp-block-spacer\"><\/div>\n","protected":false},"excerpt":{"rendered":"<p>Nos ajude comprando produtos atrav\u00e9s dos nossos links! Acess\u00f3rios Bons e Baratos que uso e recomendo! PC Gamers Baratos para jogar Call of Duty Rio Produtos relacionados ao Call of Duty Rio Para mais produtos, visite a lojas abaixo! Comprando por aqui vamos receber uma pequena comiss\u00e3o que tamb\u00e9m nos ajudar\u00e1 a tornar este sonho &hellip; <\/p>\n<p class=\"link-more\"><a href=\"https:\/\/comando.rio.br\/mod\/loja\/\" class=\"more-link\">Leia mais<span class=\"screen-reader-text\"> &#8220;Loja&#8221;<\/span><\/a><\/p>\n","protected":false},"author":1,"featured_media":1405,"parent":0,"menu_order":0,"comment_status":"closed","ping_status":"closed","template":"","meta":{"pagelayer_contact_templates":[],"_pagelayer_content":"","footnotes":""},"class_list":["post-85","page","type-page","status-publish","has-post-thumbnail","hentry"],"featured_media_urls":{"thumbnail":["https:\/\/comando.rio.br\/mod\/wp-content\/uploads\/2026\/01\/shot0370-1-150x150.jpg",150,150,true],"medium":["https:\/\/comando.rio.br\/mod\/wp-content\/uploads\/2026\/01\/shot0370-1-300x169.jpg",300,169,true],"medium_large":["https:\/\/comando.rio.br\/mod\/wp-content\/uploads\/2026\/01\/shot0370-1.jpg",768,432,false],"large":["https:\/\/comando.rio.br\/mod\/wp-content\/uploads\/2026\/01\/shot0370-1-1024x576.jpg",950,534,true],"1536x1536":["https:\/\/comando.rio.br\/mod\/wp-content\/uploads\/2026\/01\/shot0370-1-1536x864.jpg",1536,864,true],"2048x2048":["https:\/\/comando.rio.br\/mod\/wp-content\/uploads\/2026\/01\/shot0370-1.jpg",1920,1080,false],"inspiro-featured-image":["https:\/\/comando.rio.br\/mod\/wp-content\/uploads\/2026\/01\/shot0370-1.jpg",1920,1080,false],"inspiro-loop":["https:\/\/comando.rio.br\/mod\/wp-content\/uploads\/2026\/01\/shot0370-1-950x320.jpg",950,320,true],"inspiro-loop@2x":["https:\/\/comando.rio.br\/mod\/wp-content\/uploads\/2026\/01\/shot0370-1-1900x640.jpg",1900,640,true],"portfolio_item-thumbnail":["https:\/\/comando.rio.br\/mod\/wp-content\/uploads\/2026\/01\/shot0370-1-600x400.jpg",600,400,true],"portfolio_item-thumbnail@2x":["https:\/\/comando.rio.br\/mod\/wp-content\/uploads\/2026\/01\/shot0370-1-1200x800.jpg",1200,800,true],"portfolio_item-masonry":["https:\/\/comando.rio.br\/mod\/wp-content\/uploads\/2026\/01\/shot0370-1-600x338.jpg",600,338,true],"portfolio_item-masonry@2x":["https:\/\/comando.rio.br\/mod\/wp-content\/uploads\/2026\/01\/shot0370-1-1200x675.jpg",1200,675,true],"portfolio_item-thumbnail_cinema":["https:\/\/comando.rio.br\/mod\/wp-content\/uploads\/2026\/01\/shot0370-1-800x335.jpg",800,335,true],"portfolio_item-thumbnail_portrait":["https:\/\/comando.rio.br\/mod\/wp-content\/uploads\/2026\/01\/shot0370-1-600x900.jpg",600,900,true],"portfolio_item-thumbnail_portrait@2x":["https:\/\/comando.rio.br\/mod\/wp-content\/uploads\/2026\/01\/shot0370-1-1200x1080.jpg",1200,1080,true],"portfolio_item-thumbnail_square":["https:\/\/comando.rio.br\/mod\/wp-content\/uploads\/2026\/01\/shot0370-1-800x800.jpg",800,800,true]},"_links":{"self":[{"href":"https:\/\/comando.rio.br\/mod\/wp-json\/wp\/v2\/pages\/85","targetHints":{"allow":["GET"]}}],"collection":[{"href":"https:\/\/comando.rio.br\/mod\/wp-json\/wp\/v2\/pages"}],"about":[{"href":"https:\/\/comando.rio.br\/mod\/wp-json\/wp\/v2\/types\/page"}],"author":[{"embeddable":true,"href":"https:\/\/comando.rio.br\/mod\/wp-json\/wp\/v2\/users\/1"}],"replies":[{"embeddable":true,"href":"https:\/\/comando.rio.br\/mod\/wp-json\/wp\/v2\/comments?post=85"}],"version-history":[{"count":30,"href":"https:\/\/comando.rio.br\/mod\/wp-json\/wp\/v2\/pages\/85\/revisions"}],"predecessor-version":[{"id":1551,"href":"https:\/\/comando.rio.br\/mod\/wp-json\/wp\/v2\/pages\/85\/revisions\/1551"}],"wp:featuredmedia":[{"embeddable":true,"href":"https:\/\/comando.rio.br\/mod\/wp-json\/wp\/v2\/media\/1405"}],"wp:attachment":[{"href":"https:\/\/comando.rio.br\/mod\/wp-json\/wp\/v2\/media?parent=85"}],"curies":[{"name":"wp","href":"https:\/\/api.w.org\/{rel}","templated":true}]}}