{"id":9,"date":"2026-01-13T16:06:04","date_gmt":"2026-01-13T16:06:04","guid":{"rendered":"https:\/\/comando.rio.br\/mod\/?page_id=9"},"modified":"2026-02-03T00:05:29","modified_gmt":"2026-02-03T03:05:29","slug":"homepage","status":"publish","type":"page","link":"https:\/\/comando.rio.br\/mod\/","title":{"rendered":"Homepage"},"content":{"rendered":"\n<div class=\"wp-block-group has-global-padding is-layout-constrained wp-block-group-is-layout-constrained\">\n<div style=\"height:57px\" aria-hidden=\"true\" class=\"wp-block-spacer\"><\/div>\n\n\n\n<figure class=\"wp-block-embed is-type-video is-provider-youtube wp-block-embed-youtube wp-embed-aspect-16-9 wp-has-aspect-ratio\"><div class=\"wp-block-embed__wrapper\">\n<iframe loading=\"lazy\" title=\"Call of Duty Rio | FPS Gr\u00e1tis Brasileiro | Trailer 2023 | #callofdutyrio #callofduty #gratis #fps\" width=\"950\" height=\"534\" src=\"https:\/\/www.youtube.com\/embed\/cfL_4qt3RWs?feature=oembed\" frameborder=\"0\" allow=\"accelerometer; autoplay; clipboard-write; encrypted-media; gyroscope; picture-in-picture; web-share\" referrerpolicy=\"strict-origin-when-cross-origin\" allowfullscreen><\/iframe>\n<\/div><\/figure>\n\n\n\n<div class=\"wp-block-columns is-layout-flex wp-container-core-columns-is-layout-28f84493 wp-block-columns-is-layout-flex\">\n<div class=\"wp-block-column is-layout-flow wp-block-column-is-layout-flow\" style=\"flex-basis:100%\">\n<div class=\"wp-block-group has-global-padding is-layout-constrained wp-block-group-is-layout-constrained\">\n<div class=\"wp-block-columns is-layout-flex wp-container-core-columns-is-layout-28f84493 wp-block-columns-is-layout-flex\">\n<div class=\"wp-block-column is-layout-flow wp-block-column-is-layout-flow\" style=\"flex-basis:100%\">\n<div class=\"wp-block-group is-nowrap is-layout-flex wp-container-core-group-is-layout-6c531013 wp-block-group-is-layout-flex\">\n<div class=\"wp-block-columns is-layout-flex wp-container-core-columns-is-layout-28f84493 wp-block-columns-is-layout-flex\">\n<div class=\"wp-block-column is-layout-flow wp-block-column-is-layout-flow\" style=\"flex-basis:100%\">\n<figure class=\"wp-block-image size-full has-custom-border\"><a href=\"https:\/\/youtu.be\/z06BrlVoApk?si=cwWo2VeDbklJadNt\" target=\"_blank\" rel=\" noreferrer noopener\"><img loading=\"lazy\" decoding=\"async\" width=\"339\" height=\"256\" src=\"https:\/\/comando.rio.br\/mod\/wp-content\/uploads\/2026\/01\/award21_22COD.png\" alt=\"\" class=\"wp-image-714\" style=\"border-width:1px;border-top-left-radius:10px;border-top-right-radius:10px;border-bottom-left-radius:10px;border-bottom-right-radius:10px\" srcset=\"https:\/\/comando.rio.br\/mod\/wp-content\/uploads\/2026\/01\/award21_22COD.png 339w, https:\/\/comando.rio.br\/mod\/wp-content\/uploads\/2026\/01\/award21_22COD-300x227.png 300w\" sizes=\"auto, (max-width: 339px) 100vw, 339px\" \/><\/a><\/figure>\n<\/div>\n<\/div>\n\n\n\n<figure class=\"wp-block-image size-full has-custom-border\"><a href=\"https:\/\/youtu.be\/z06BrlVoApk?si=cwWo2VeDbklJadNt\" target=\"_blank\" rel=\" noreferrer noopener\"><img loading=\"lazy\" decoding=\"async\" width=\"339\" height=\"256\" src=\"https:\/\/comando.rio.br\/mod\/wp-content\/uploads\/2026\/01\/award21_22COD4.png\" alt=\"\" class=\"wp-image-715\" style=\"border-width:1px;border-top-left-radius:10px;border-top-right-radius:10px;border-bottom-left-radius:10px;border-bottom-right-radius:10px\" srcset=\"https:\/\/comando.rio.br\/mod\/wp-content\/uploads\/2026\/01\/award21_22COD4.png 339w, https:\/\/comando.rio.br\/mod\/wp-content\/uploads\/2026\/01\/award21_22COD4-300x227.png 300w\" sizes=\"auto, (max-width: 339px) 100vw, 339px\" \/><\/a><\/figure>\n\n\n\n<figure class=\"wp-block-image size-full has-custom-border\"><a href=\"https:\/\/youtu.be\/z06BrlVoApk?si=cwWo2VeDbklJadNt\" target=\"_blank\" rel=\" noreferrer noopener\"><img loading=\"lazy\" decoding=\"async\" width=\"339\" height=\"256\" src=\"https:\/\/comando.rio.br\/mod\/wp-content\/uploads\/2026\/01\/award21_22LA.png\" alt=\"\" class=\"wp-image-716\" style=\"border-width:1px;border-top-left-radius:10px;border-top-right-radius:10px;border-bottom-left-radius:10px;border-bottom-right-radius:10px\" srcset=\"https:\/\/comando.rio.br\/mod\/wp-content\/uploads\/2026\/01\/award21_22LA.png 339w, https:\/\/comando.rio.br\/mod\/wp-content\/uploads\/2026\/01\/award21_22LA-300x227.png 300w\" sizes=\"auto, (max-width: 339px) 100vw, 339px\" \/><\/a><\/figure>\n\n\n\n<figure class=\"wp-block-image size-full has-custom-border\"><a href=\"https:\/\/youtu.be\/z06BrlVoApk?si=cwWo2VeDbklJadNt\" target=\"_blank\" rel=\" noreferrer noopener\"><img loading=\"lazy\" decoding=\"async\" width=\"339\" height=\"256\" src=\"https:\/\/comando.rio.br\/mod\/wp-content\/uploads\/2026\/01\/award21_22BR.png\" alt=\"\" class=\"wp-image-717\" style=\"border-width:1px;border-top-left-radius:10px;border-top-right-radius:10px;border-bottom-left-radius:10px;border-bottom-right-radius:10px\" srcset=\"https:\/\/comando.rio.br\/mod\/wp-content\/uploads\/2026\/01\/award21_22BR.png 339w, https:\/\/comando.rio.br\/mod\/wp-content\/uploads\/2026\/01\/award21_22BR-300x227.png 300w\" sizes=\"auto, (max-width: 339px) 100vw, 339px\" \/><\/a><\/figure>\n<\/div>\n<\/div>\n<\/div>\n<\/div>\n<\/div>\n<\/div>\n\n\n\n<div class=\"wp-block-columns is-layout-flex wp-container-core-columns-is-layout-28f84493 wp-block-columns-is-layout-flex\">\n<div class=\"wp-block-column is-layout-flow wp-block-column-is-layout-flow\" style=\"flex-basis:100%\">\n<div class=\"wp-block-group has-global-padding is-layout-constrained wp-block-group-is-layout-constrained\">\n<div class=\"wp-block-columns is-layout-flex wp-container-core-columns-is-layout-28f84493 wp-block-columns-is-layout-flex\">\n<div class=\"wp-block-column is-layout-flow wp-block-column-is-layout-flow\" style=\"flex-basis:100%\">\n<div class=\"wp-block-columns is-layout-flex wp-container-core-columns-is-layout-28f84493 wp-block-columns-is-layout-flex\">\n<div class=\"wp-block-column is-layout-flow wp-block-column-is-layout-flow\" style=\"flex-basis:33.34%\">\n<div class=\"wp-block-group is-layout-grid wp-container-core-group-is-layout-478b6e6b wp-block-group-is-layout-grid\">\n<div class=\"wp-block-columns is-layout-flex wp-container-core-columns-is-layout-28f84493 wp-block-columns-is-layout-flex\">\n<div class=\"wp-block-column is-layout-flow wp-block-column-is-layout-flow\" style=\"flex-basis:100%\">\n<figure class=\"wp-block-image alignright size-large has-custom-border\"><a href=\"https:\/\/www.moddb.com\/mods\/call-of-duty-rio\" target=\"_blank\" rel=\" noreferrer noopener\"><img decoding=\"async\" src=\"https:\/\/button.moddb.com\/popularity\/medium\/mods\/31585.png\" alt=\"\" style=\"border-width:1px;border-top-left-radius:10px;border-top-right-radius:10px;border-bottom-left-radius:10px;border-bottom-right-radius:10px\"\/><\/a><\/figure>\n<\/div>\n<\/div>\n<\/div>\n<\/div>\n\n\n\n<div class=\"wp-block-column is-layout-flow wp-block-column-is-layout-flow\" style=\"flex-basis:33.34%\">\n<figure class=\"wp-block-image aligncenter size-large has-custom-border\"><a href=\"https:\/\/www.moddb.com\/mods\/call-of-duty-rio\/downloads\/call-of-duty-rio\" target=\"_blank\" rel=\" noreferrer noopener\"><img decoding=\"async\" src=\"https:\/\/button.moddb.com\/download\/medium\/221915.png\" alt=\"\" style=\"border-width:1px;border-top-left-radius:10px;border-top-right-radius:10px;border-bottom-left-radius:10px;border-bottom-right-radius:10px\"\/><\/a><\/figure>\n<\/div>\n\n\n\n<div class=\"wp-block-column is-layout-flow wp-block-column-is-layout-flow\" style=\"flex-basis:33.33%\">\n<figure class=\"wp-block-image size-large has-custom-border\"><a href=\"https:\/\/www.moddb.com\/mods\/call-of-duty-rio\" target=\"_blank\" rel=\" noreferrer noopener\"><img decoding=\"async\" src=\"https:\/\/button.moddb.com\/rating\/medium\/mods\/31585.png\" alt=\"\" style=\"border-width:1px;border-top-left-radius:10px;border-top-right-radius:10px;border-bottom-left-radius:10px;border-bottom-right-radius:10px\"\/><\/a><\/figure>\n<\/div>\n<\/div>\n<\/div>\n<\/div>\n<\/div>\n<\/div>\n<\/div>\n\n\n\n<div class=\"wp-block-columns is-layout-flex wp-container-core-columns-is-layout-28f84493 wp-block-columns-is-layout-flex\">\n<div class=\"wp-block-column is-layout-flow wp-block-column-is-layout-flow\" style=\"flex-basis:100%\">\n<div class=\"wp-block-group has-global-padding is-layout-constrained wp-block-group-is-layout-constrained\">\n<div class=\"wp-block-columns is-layout-flex wp-container-core-columns-is-layout-28f84493 wp-block-columns-is-layout-flex\">\n<div class=\"wp-block-column is-layout-flow wp-block-column-is-layout-flow\" style=\"flex-basis:100%\">\n<div class=\"wp-block-columns is-layout-flex wp-container-core-columns-is-layout-28f84493 wp-block-columns-is-layout-flex\">\n<div class=\"wp-block-column is-layout-flow wp-block-column-is-layout-flow\" style=\"flex-basis:33.34%\">\n<div class=\"wp-block-group is-layout-grid wp-container-core-group-is-layout-478b6e6b wp-block-group-is-layout-grid\">\n<div class=\"wp-block-columns is-layout-flex wp-container-core-columns-is-layout-28f84493 wp-block-columns-is-layout-flex\">\n<div class=\"wp-block-column is-layout-flow wp-block-column-is-layout-flow\" style=\"flex-basis:100%\">\n<figure class=\"wp-block-image size-full has-custom-border\"><a href=\"https:\/\/comando.rio.br\/mod\/apoio\/\"><img loading=\"lazy\" decoding=\"async\" width=\"424\" height=\"86\" src=\"https:\/\/comando.rio.br\/mod\/wp-content\/uploads\/2026\/01\/nos_ajude2022.jpg\" alt=\"\" class=\"wp-image-720\" style=\"border-width:1px;border-top-left-radius:10px;border-top-right-radius:10px;border-bottom-left-radius:10px;border-bottom-right-radius:10px\" srcset=\"https:\/\/comando.rio.br\/mod\/wp-content\/uploads\/2026\/01\/nos_ajude2022.jpg 424w, https:\/\/comando.rio.br\/mod\/wp-content\/uploads\/2026\/01\/nos_ajude2022-300x61.jpg 300w\" sizes=\"auto, (max-width: 424px) 100vw, 424px\" \/><\/a><\/figure>\n<\/div>\n<\/div>\n<\/div>\n<\/div>\n\n\n\n<div class=\"wp-block-column is-layout-flow wp-block-column-is-layout-flow\" style=\"flex-basis:33.34%\">\n<figure class=\"wp-block-image size-full has-custom-border\"><a href=\"https:\/\/www.galeriapix.com.br\/bc\" target=\"_blank\" rel=\" noreferrer noopener\"><img loading=\"lazy\" decoding=\"async\" width=\"424\" height=\"86\" src=\"https:\/\/comando.rio.br\/mod\/wp-content\/uploads\/2026\/01\/bc_store-1.jpg\" alt=\"\" class=\"wp-image-721\" style=\"border-width:1px;border-top-left-radius:10px;border-top-right-radius:10px;border-bottom-left-radius:10px;border-bottom-right-radius:10px\" srcset=\"https:\/\/comando.rio.br\/mod\/wp-content\/uploads\/2026\/01\/bc_store-1.jpg 424w, https:\/\/comando.rio.br\/mod\/wp-content\/uploads\/2026\/01\/bc_store-1-300x61.jpg 300w\" sizes=\"auto, (max-width: 424px) 100vw, 424px\" \/><\/a><\/figure>\n<\/div>\n\n\n\n<div class=\"wp-block-column is-layout-flow wp-block-column-is-layout-flow\" style=\"flex-basis:33.33%\">\n<figure class=\"wp-block-image size-full has-custom-border\"><a href=\"https:\/\/www.magazinevoce.com.br\/magazinebloodculture\/\" target=\"_blank\" rel=\" noreferrer noopener\"><img loading=\"lazy\" decoding=\"async\" width=\"424\" height=\"86\" src=\"https:\/\/comando.rio.br\/mod\/wp-content\/uploads\/2026\/01\/magazineluiza-1.png\" alt=\"\" class=\"wp-image-722\" style=\"border-width:1px;border-top-left-radius:10px;border-top-right-radius:10px;border-bottom-left-radius:10px;border-bottom-right-radius:10px\" srcset=\"https:\/\/comando.rio.br\/mod\/wp-content\/uploads\/2026\/01\/magazineluiza-1.png 424w, https:\/\/comando.rio.br\/mod\/wp-content\/uploads\/2026\/01\/magazineluiza-1-300x61.png 300w\" sizes=\"auto, (max-width: 424px) 100vw, 424px\" \/><\/a><\/figure>\n<\/div>\n<\/div>\n<\/div>\n<\/div>\n<\/div>\n<\/div>\n<\/div>\n\n\n\n<div style=\"height:100px\" aria-hidden=\"true\" class=\"wp-block-spacer\"><\/div>\n\n\n\n<h2 class=\"wp-block-heading has-text-align-center has-medium-font-size\" style=\"letter-spacing:1px\">O premiado <strong>Call of Duty Rio<\/strong> est\u00e1 virando um jogo na <strong>Unreal Engine 5<\/strong><\/h2>\n\n\n    <div class=\"wp-block-terovania-steam-widget\">        <div class=\"steam-widget\" role=\"region\" aria-label=\"Steam game widget\">\n            <h3>\n                Comando Rio                <span class=\"steam-suffix\">on Steam<sup>\u00b9<\/sup><\/span>\n                <img decoding=\"async\" src=\"https:\/\/comando.rio.br\/mod\/wp-content\/plugins\/terovania-game-marketing-widgets-for-steam\/assets\/icons\/steam-light.svg\" alt=\"Steam\" class=\"steam-logo\">\n            <\/h3>\n\n            <div class=\"steam-body\">\n                <div class=\"steam-thumb\">\n                    <img decoding=\"async\" src=\"https:\/\/comando.rio.br\/mod\/wp-content\/uploads\/2026\/05\/steam-2830910-862.jpg\" alt=\"Comando Rio\" loading=\"lazy\" \/>\n                <\/div>\n                <div class=\"steam-description\">\n                    <p aria-label=\"Game description\">The evolution of the award-winning Call of Duty Rio is coming! A visceral FPS focused on hardcore gameplay and instant action, showcasing a war unlike any other game before. Here you won&#039;t have time to look at the ground for trash. Everyone will be a Skull one day, but only a few in life\u2026<\/p>\n                                    <\/div>\n            <\/div>\n\n            \n            \n            <div class=\"steam-action-row\">\n              <div class=\"steam-cta-platforms\" style=\"display:flex;justify-content:space-between;align-items:center;flex-wrap:wrap;\">\n                <div class=\"steam-cta\">\n                  <a href=\"https:\/\/store.steampowered.com\/app\/2830910\/?utm_source=website&#038;utm_medium=widget&#038;utm_campaign=steam-widget&#038;utm_content=gutenberg-widget&#038;utm_term=2830910\"\n                     class=\"wishlist-btn\"\n                     target=\"_blank\"\n                     rel=\"noopener\"\n                     style=\"background-color: #5c7e10;\"\n                     aria-label=\"Add to Wishlist\"\n                     data-app-id=\"2830910\"\n                     data-game-name=\"Comando Rio\"\n                     data-normal-color=\"#5c7e10\"\n                     data-hover-color=\"#6d8f15\">\n                      <img decoding=\"async\" src=\"https:\/\/comando.rio.br\/mod\/wp-content\/plugins\/terovania-game-marketing-widgets-for-steam\/assets\/icons\/steam-light.svg\" alt=\"Steam\" class=\"wishlist-icon\" \/>\n                      Add to Steam Wishlist                  <\/a>\n                <\/div>\n                <div class=\"steam-platform-info inline-platforms\" style=\"display: flex; align-items: center; gap: 0.25em;\">\n                    <span class=\"available-on-label\">Available on<\/span>\n                    <div class=\"steam-platforms\" style=\"display: flex; gap: 0.5em;\">\n                        <img decoding=\"async\" src=\"https:\/\/comando.rio.br\/mod\/wp-content\/plugins\/terovania-game-marketing-widgets-for-steam\/assets\/icons\/windows-light.svg\" alt=\"Windows\">                    <\/div>\n                <\/div>\n              <\/div>\n              <div class=\"steam-meta-feature-row\" style=\"display:flex;justify-content:space-between;align-items:center;flex-wrap:wrap;\">\n                <div class=\"steam-meta-details\">\n                    <div class=\"steam-meta-detail\"><span class=\"steam-meta-label\">Age Rating:<\/span> <span class=\"steam-meta-value\"><span class=\"tsi-age-badge\" aria-label=\"Altersfreigabe gem\u00e4\u00df USK: 18+\">18+<\/span><\/span><\/div>                <\/div>\n                              <\/div>\n            <\/div> <!-- steam-action-row -->\n\n                    <\/div>\n    <\/div>\n\n\n<div class=\"wp-block-buttons is-horizontal is-content-justification-center is-layout-flex wp-container-core-buttons-is-layout-03627597 wp-block-buttons-is-layout-flex\">\n<div class=\"wp-block-button is-style-outline is-style-outline--1\"><a class=\"wp-block-button__link has-small-font-size has-custom-font-size wp-element-button\" href=\"https:\/\/comando.rio.br\/\" style=\"border-radius:0px\" target=\"_blank\" rel=\"noreferrer noopener\">Saiba Mais sobre o Comando Rio<\/a><\/div>\n<\/div>\n\n\n\n<div style=\"height:57px\" aria-hidden=\"true\" class=\"wp-block-spacer\"><\/div>\n<\/div>\n\n\n\n<div id=\"team\" class=\"wp-block-group has-global-padding is-layout-constrained wp-block-group-is-layout-constrained\">\n<div class=\"wp-block-group is-layout-flow wp-block-group-is-layout-flow\">\n<div style=\"height:0px\" aria-hidden=\"true\" class=\"wp-block-spacer\"><\/div>\n<\/div>\n<\/div>\n\n\n\n<div class=\"wp-block-cover alignfull has-parallax is-position-center-center\" style=\"border-radius:0px\"><div class=\"wp-block-cover__image-background wp-image-724 size-large has-parallax\" style=\"background-position:50% 50%;background-image:url(https:\/\/comando.rio.br\/mod\/wp-content\/uploads\/2026\/01\/shot0122-1-1024x576.jpg)\"><\/div><span aria-hidden=\"true\" class=\"wp-block-cover__background has-black-background-color has-background-dim-40 has-background-dim\"><\/span><div class=\"wp-block-cover__inner-container is-layout-flow wp-block-cover-is-layout-flow\">\n<div class=\"wp-block-group has-global-padding is-layout-constrained wp-block-group-is-layout-constrained\">\n<h3 class=\"wp-block-heading has-text-align-center has-text-color has-medium-font-size\" style=\"color:#fffffa;text-transform:uppercase\">CALL OF DUTY RIO<\/h3>\n\n\n\n<p class=\"has-text-align-center has-white-color has-text-color\"><strong>Call of Duty Rio<\/strong>&nbsp;\u00e9 um MOD 100% LEGAL e GR\u00c1TIS para o jogo&nbsp;<strong>Call of Duty 4 Modern Warfare<\/strong>&nbsp;desenvolvido originalmente pela&nbsp;<strong>Infinity Ward<\/strong>&nbsp;e publicado pela&nbsp;<strong>Activision<\/strong>. Voc\u00ea precisa ter instalado o jogo&nbsp;<strong>Call of Duty 4 Modern Warfare<\/strong>&nbsp;para poder jog\u00e1-lo. Ele est\u00e1 \u00e0 venda no Steam&nbsp;<a href=\"http:\/\/store.steampowered.com\/app\/7940\/\" target=\"_blank\" rel=\"noreferrer noopener\"><strong>AQUI<\/strong><\/a>.<br>\u00a9 2014-2026&nbsp;<strong>Call of Duty Rio<\/strong>&nbsp;<strong>N\u00c3O<\/strong>&nbsp;\u00e9 associado de forma alguma com a&nbsp;<strong>Activision Publishing<\/strong>, sendo totalmente desenvolvido por n\u00f3s sob a licen\u00e7a distribu\u00edda no&nbsp;<a href=\"https:\/\/comando.rio.br\/files\/EndUserLicenseAgreement.pdf\" target=\"_blank\" rel=\"noreferrer noopener\"><strong>MODTOOLS<\/strong><\/a>.<\/p>\n\n\n\n<div style=\"height:31px\" aria-hidden=\"true\" class=\"wp-block-spacer\"><\/div>\n\n\n\n<div class=\"wp-block-buttons is-horizontal is-content-justification-center is-layout-flex wp-container-core-buttons-is-layout-03627597 wp-block-buttons-is-layout-flex\">\n<div class=\"wp-block-button is-style-outline is-style-outline--2\"><a class=\"wp-block-button__link has-white-color has-text-color wp-element-button\" href=\"https:\/\/comando.rio.br\/mod\/contact-2\/\" style=\"border-radius:0px\">CONTATO<\/a><\/div>\n<\/div>\n<\/div>\n<\/div><\/div>\n\n\n\n<div id=\"news\" class=\"wp-block-group has-global-padding is-layout-constrained wp-block-group-is-layout-constrained\">\n<div style=\"height:108px\" aria-hidden=\"true\" class=\"wp-block-spacer\"><\/div>\n<\/div>\n","protected":false},"excerpt":{"rendered":"<p>O premiado Call of Duty Rio est\u00e1 virando um jogo na Unreal Engine 5<\/p>\n","protected":false},"author":1,"featured_media":710,"parent":0,"menu_order":0,"comment_status":"closed","ping_status":"closed","template":"page-templates\/homepage-builder-bb.php","meta":{"pagelayer_contact_templates":[],"_pagelayer_content":"","footnotes":""},"class_list":["post-9","page","type-page","status-publish","has-post-thumbnail","hentry"],"featured_media_urls":{"thumbnail":["https:\/\/comando.rio.br\/mod\/wp-content\/uploads\/2026\/01\/shot0122-150x150.jpg",150,150,true],"medium":["https:\/\/comando.rio.br\/mod\/wp-content\/uploads\/2026\/01\/shot0122-300x169.jpg",300,169,true],"medium_large":["https:\/\/comando.rio.br\/mod\/wp-content\/uploads\/2026\/01\/shot0122.jpg",768,432,false],"large":["https:\/\/comando.rio.br\/mod\/wp-content\/uploads\/2026\/01\/shot0122-1024x576.jpg",950,534,true],"1536x1536":["https:\/\/comando.rio.br\/mod\/wp-content\/uploads\/2026\/01\/shot0122-1536x864.jpg",1536,864,true],"2048x2048":["https:\/\/comando.rio.br\/mod\/wp-content\/uploads\/2026\/01\/shot0122.jpg",1920,1080,false],"inspiro-featured-image":["https:\/\/comando.rio.br\/mod\/wp-content\/uploads\/2026\/01\/shot0122.jpg",1920,1080,false],"inspiro-loop":["https:\/\/comando.rio.br\/mod\/wp-content\/uploads\/2026\/01\/shot0122-950x320.jpg",950,320,true],"inspiro-loop@2x":["https:\/\/comando.rio.br\/mod\/wp-content\/uploads\/2026\/01\/shot0122-1900x640.jpg",1900,640,true],"portfolio_item-thumbnail":["https:\/\/comando.rio.br\/mod\/wp-content\/uploads\/2026\/01\/shot0122-600x400.jpg",600,400,true],"portfolio_item-thumbnail@2x":["https:\/\/comando.rio.br\/mod\/wp-content\/uploads\/2026\/01\/shot0122-1200x800.jpg",1200,800,true],"portfolio_item-masonry":["https:\/\/comando.rio.br\/mod\/wp-content\/uploads\/2026\/01\/shot0122-600x338.jpg",600,338,true],"portfolio_item-masonry@2x":["https:\/\/comando.rio.br\/mod\/wp-content\/uploads\/2026\/01\/shot0122-1200x675.jpg",1200,675,true],"portfolio_item-thumbnail_cinema":["https:\/\/comando.rio.br\/mod\/wp-content\/uploads\/2026\/01\/shot0122-800x335.jpg",800,335,true],"portfolio_item-thumbnail_portrait":["https:\/\/comando.rio.br\/mod\/wp-content\/uploads\/2026\/01\/shot0122-600x900.jpg",600,900,true],"portfolio_item-thumbnail_portrait@2x":["https:\/\/comando.rio.br\/mod\/wp-content\/uploads\/2026\/01\/shot0122-1200x1080.jpg",1200,1080,true],"portfolio_item-thumbnail_square":["https:\/\/comando.rio.br\/mod\/wp-content\/uploads\/2026\/01\/shot0122-800x800.jpg",800,800,true]},"_links":{"self":[{"href":"https:\/\/comando.rio.br\/mod\/wp-json\/wp\/v2\/pages\/9","targetHints":{"allow":["GET"]}}],"collection":[{"href":"https:\/\/comando.rio.br\/mod\/wp-json\/wp\/v2\/pages"}],"about":[{"href":"https:\/\/comando.rio.br\/mod\/wp-json\/wp\/v2\/types\/page"}],"author":[{"embeddable":true,"href":"https:\/\/comando.rio.br\/mod\/wp-json\/wp\/v2\/users\/1"}],"replies":[{"embeddable":true,"href":"https:\/\/comando.rio.br\/mod\/wp-json\/wp\/v2\/comments?post=9"}],"version-history":[{"count":98,"href":"https:\/\/comando.rio.br\/mod\/wp-json\/wp\/v2\/pages\/9\/revisions"}],"predecessor-version":[{"id":1562,"href":"https:\/\/comando.rio.br\/mod\/wp-json\/wp\/v2\/pages\/9\/revisions\/1562"}],"wp:featuredmedia":[{"embeddable":true,"href":"https:\/\/comando.rio.br\/mod\/wp-json\/wp\/v2\/media\/710"}],"wp:attachment":[{"href":"https:\/\/comando.rio.br\/mod\/wp-json\/wp\/v2\/media?parent=9"}],"curies":[{"name":"wp","href":"https:\/\/api.w.org\/{rel}","templated":true}]}}